{"id":1000,"date":"2024-01-19T12:42:13","date_gmt":"2024-01-19T11:42:13","guid":{"rendered":"https:\/\/new.ontel.no\/?post_type=product&#038;p=1000"},"modified":"2026-05-01T07:52:09","modified_gmt":"2026-05-01T05:52:09","slug":"apple-hurtigladekabel-lightning-til-usb-c-1m-non-retail-mk0x2am-a","status":"publish","type":"product","link":"https:\/\/ontel.no\/index.php\/produkt\/apple-hurtigladekabel-lightning-til-usb-c-1m-non-retail-mk0x2am-a\/","title":{"rendered":"Apple Hurtigladekabel USB-C til Lightning 1m MM0A3ZM\/A bulk"},"content":{"rendered":"","protected":false},"excerpt":{"rendered":"<div>NB! Som vist p\u00e5 bildet har denne USB-C til lader (og lightning for Apple-produkt som skal lades). Lightning passer kun til iPhone 14 og eldre! Hvis du har iPhone 15 og nyere bruker de USB-C og IKKE Lightning. Se da etter USB-C til USB-C istedenfor.<\/div>\n<div>&laquo;Bulk&raquo; vil si uten butikk-innpakning. Kommer uten innpakning. Varen er ikke brukt, men har v\u00e6rt ute av originalesken og kan ha v\u00e6rt testet, men alts\u00e5 ingen slitasje. Original Apple (ny vare), men tatt ut fra originaleske, s\u00e5 de kan v\u00e6re surret sammen med strikk. Like god, men egner seg ikke for videresalg i butikk pga. manglende innpaking.<\/div>\n","protected":false},"featured_media":1001,"comment_status":"open","ping_status":"closed","template":"","meta":[],"product_brand":[],"product_cat":[99,225,16,344],"product_tag":[684],"woo-feed-brand":[184],"class_list":{"0":"post-1000","1":"product","2":"type-product","3":"status-publish","4":"has-post-thumbnail","6":"product_cat-phone-accessories","7":"product_cat-tilbehor-til-ipad","8":"product_cat-ukategorisert","9":"product_cat-usb-c-kabler","10":"product_tag-kabel","11":"woo-feed-brand-apple","13":"first","14":"instock","15":"taxable","16":"shipping-taxable","17":"purchasable","18":"product-type-simple"},"_links":{"self":[{"href":"https:\/\/ontel.no\/index.php\/wp-json\/wp\/v2\/product\/1000","targetHints":{"allow":["GET"]}}],"collection":[{"href":"https:\/\/ontel.no\/index.php\/wp-json\/wp\/v2\/product"}],"about":[{"href":"https:\/\/ontel.no\/index.php\/wp-json\/wp\/v2\/types\/product"}],"replies":[{"embeddable":true,"href":"https:\/\/ontel.no\/index.php\/wp-json\/wp\/v2\/comments?post=1000"}],"wp:featuredmedia":[{"embeddable":true,"href":"https:\/\/ontel.no\/index.php\/wp-json\/wp\/v2\/media\/1001"}],"wp:attachment":[{"href":"https:\/\/ontel.no\/index.php\/wp-json\/wp\/v2\/media?parent=1000"}],"wp:term":[{"taxonomy":"product_brand","embeddable":true,"href":"https:\/\/ontel.no\/index.php\/wp-json\/wp\/v2\/product_brand?post=1000"},{"taxonomy":"product_cat","embeddable":true,"href":"https:\/\/ontel.no\/index.php\/wp-json\/wp\/v2\/product_cat?post=1000"},{"taxonomy":"product_tag","embeddable":true,"href":"https:\/\/ontel.no\/index.php\/wp-json\/wp\/v2\/product_tag?post=1000"},{"taxonomy":"woo-feed-brand","embeddable":true,"href":"https:\/\/ontel.no\/index.php\/wp-json\/wp\/v2\/woo-feed-brand?post=1000"}],"curies":[{"name":"wp","href":"https:\/\/api.w.org\/{rel}","templated":true}]}}