{"id":1009,"date":"2024-01-19T13:24:59","date_gmt":"2024-01-19T12:24:59","guid":{"rendered":"https:\/\/new.ontel.no\/?post_type=product&#038;p=1009"},"modified":"2026-04-09T13:34:13","modified_gmt":"2026-04-09T11:34:13","slug":"samsung-super-fast-charging-usb-c-nettlader-25w-ep-ta800-2-77a-uten-usb-c-kabel","status":"publish","type":"product","link":"https:\/\/ontel.no\/index.php\/produkt\/samsung-super-fast-charging-usb-c-nettlader-25w-ep-ta800-2-77a-uten-usb-c-kabel\/","title":{"rendered":"Samsung Super Fast Charging USB-C nettlader 25W EP-TA800 2.77A (uten USB-C kabel)"},"content":{"rendered":"<p>Alt er originalt, men tatt ut fra nye originalesker (fulgte med telefon). Det st\u00e5r produsert i Vietnam p\u00e5 USB-C laderene. De er oppbevart l\u00f8st og uten butikkinnpakning, men har ikke v\u00e6rt brukt og selges med vanlig reklamasjonsrett som nytt produkt.<\/p>\n","protected":false},"excerpt":{"rendered":"<div>Original Samsung. Tatt ut fra original telefon-eske, og derfor er det ikke separat eske p\u00e5 laderen, men alts\u00e5 nytt og originalt, s\u00e5 ingen forskjell p\u00e5 produktet i forhold til det som kommer i vanlig butikk-forpakning.<\/div>\n<div>Kan benyttes til de fleste produkter som lades via vanlig USB. NB! Du trenger en USB kabel i tillegg (ikke inkludert), og det selges separat (f\u00f8lger ogs\u00e5 med produktet du skal lade)!<\/div>\n<div>Opptil 9V\/2.77A=25W<\/div>\n<div>Inn: 100-240V<\/div>\n<div>Ut: 5V\/3A<\/div>\n<div>eller: 9V\/2.77A<\/div>\n<div>\n<div>(PDO): 5.0V-3.0A or 9V-2.77A<\/div>\n<div>(PPS): 3.3-5.9V-3.0A or 3.3-11.0V-2.25A<\/div>\n<\/div>\n","protected":false},"featured_media":1010,"comment_status":"open","ping_status":"closed","template":"","meta":[],"product_brand":[],"product_cat":[99,105,102,225,16,347],"product_tag":[197],"woo-feed-brand":[180],"class_list":{"0":"post-1009","1":"product","2":"type-product","3":"status-publish","4":"has-post-thumbnail","6":"product_cat-phone-accessories","7":"product_cat-kindle-accessories","8":"product_cat-applewatch-accessories","9":"product_cat-tilbehor-til-ipad","10":"product_cat-ukategorisert","11":"product_cat-usb-c-lader","12":"product_tag-usb-c","13":"woo-feed-brand-samsung","15":"first","16":"instock","17":"taxable","18":"shipping-taxable","19":"purchasable","20":"product-type-simple"},"_links":{"self":[{"href":"https:\/\/ontel.no\/index.php\/wp-json\/wp\/v2\/product\/1009","targetHints":{"allow":["GET"]}}],"collection":[{"href":"https:\/\/ontel.no\/index.php\/wp-json\/wp\/v2\/product"}],"about":[{"href":"https:\/\/ontel.no\/index.php\/wp-json\/wp\/v2\/types\/product"}],"replies":[{"embeddable":true,"href":"https:\/\/ontel.no\/index.php\/wp-json\/wp\/v2\/comments?post=1009"}],"wp:featuredmedia":[{"embeddable":true,"href":"https:\/\/ontel.no\/index.php\/wp-json\/wp\/v2\/media\/1010"}],"wp:attachment":[{"href":"https:\/\/ontel.no\/index.php\/wp-json\/wp\/v2\/media?parent=1009"}],"wp:term":[{"taxonomy":"product_brand","embeddable":true,"href":"https:\/\/ontel.no\/index.php\/wp-json\/wp\/v2\/product_brand?post=1009"},{"taxonomy":"product_cat","embeddable":true,"href":"https:\/\/ontel.no\/index.php\/wp-json\/wp\/v2\/product_cat?post=1009"},{"taxonomy":"product_tag","embeddable":true,"href":"https:\/\/ontel.no\/index.php\/wp-json\/wp\/v2\/product_tag?post=1009"},{"taxonomy":"woo-feed-brand","embeddable":true,"href":"https:\/\/ontel.no\/index.php\/wp-json\/wp\/v2\/woo-feed-brand?post=1009"}],"curies":[{"name":"wp","href":"https:\/\/api.w.org\/{rel}","templated":true}]}}