{"id":1019,"date":"2024-01-19T15:15:00","date_gmt":"2024-01-19T14:15:00","guid":{"rendered":"https:\/\/new.ontel.no\/?post_type=product&#038;p=1019"},"modified":"2026-04-10T12:00:11","modified_gmt":"2026-04-10T10:00:11","slug":"huawei-supercharge-2-0-40w-usb-hurtiglader-hw-100400-4a-uten-usb-kabel-sc","status":"publish","type":"product","link":"https:\/\/ontel.no\/index.php\/produkt\/huawei-supercharge-2-0-40w-usb-hurtiglader-hw-100400-4a-uten-usb-kabel-sc\/","title":{"rendered":"Huawei SuperCharge 2.0 (40W) USB hurtiglader HW-100400 4A uten USB-kabel *SC"},"content":{"rendered":"","protected":false},"excerpt":{"rendered":"<div>Kan benyttes til de fleste produkter som lades via vanlig USB. NB! Du trenger en USB kabel i tillegg (ikke inkludert), og det selges separat (f\u00f8lger ogs\u00e5 med produktet du skal lade)!<\/div>\n<div>Opptil 10V\/4A=40W<\/div>\n<div>Inn: 100-240V<\/div>\n<div>Ut: 10V\/4A<\/div>\n<div>eller: 9V \/ 2A<\/div>\n<div>eller: 5V \/ 4A<\/div>\n<div>eller: 5V \/ 2A<\/div>\n<div>*SC: Viktig \u00e5 bare bruke kabel som t\u00e5ler minst like mange Ampere (alts\u00e5 den kabelen som er merket &laquo;SuperCharge&raquo;)!<\/div>\n<div><\/div>\n<div><a href=\"https:\/\/consumer.huawei.com\/en\/support\/how-to\/detail-troubleshooting\/en-us00409980\/\">https:\/\/consumer.huawei.com\/en\/support\/how-to\/detail-troubleshooting\/en-us00409980\/<\/a><\/div>\n","protected":false},"featured_media":1020,"comment_status":"open","ping_status":"closed","template":"","meta":[],"product_brand":[],"product_cat":[99,105,225,16,346],"product_tag":[197],"woo-feed-brand":[198],"class_list":{"0":"post-1019","1":"product","2":"type-product","3":"status-publish","4":"has-post-thumbnail","6":"product_cat-phone-accessories","7":"product_cat-kindle-accessories","8":"product_cat-tilbehor-til-ipad","9":"product_cat-ukategorisert","10":"product_cat-usb-a-lader","11":"product_tag-usb-c","12":"woo-feed-brand-huawei","14":"first","15":"instock","16":"taxable","17":"shipping-taxable","18":"purchasable","19":"product-type-simple"},"_links":{"self":[{"href":"https:\/\/ontel.no\/index.php\/wp-json\/wp\/v2\/product\/1019","targetHints":{"allow":["GET"]}}],"collection":[{"href":"https:\/\/ontel.no\/index.php\/wp-json\/wp\/v2\/product"}],"about":[{"href":"https:\/\/ontel.no\/index.php\/wp-json\/wp\/v2\/types\/product"}],"replies":[{"embeddable":true,"href":"https:\/\/ontel.no\/index.php\/wp-json\/wp\/v2\/comments?post=1019"}],"wp:featuredmedia":[{"embeddable":true,"href":"https:\/\/ontel.no\/index.php\/wp-json\/wp\/v2\/media\/1020"}],"wp:attachment":[{"href":"https:\/\/ontel.no\/index.php\/wp-json\/wp\/v2\/media?parent=1019"}],"wp:term":[{"taxonomy":"product_brand","embeddable":true,"href":"https:\/\/ontel.no\/index.php\/wp-json\/wp\/v2\/product_brand?post=1019"},{"taxonomy":"product_cat","embeddable":true,"href":"https:\/\/ontel.no\/index.php\/wp-json\/wp\/v2\/product_cat?post=1019"},{"taxonomy":"product_tag","embeddable":true,"href":"https:\/\/ontel.no\/index.php\/wp-json\/wp\/v2\/product_tag?post=1019"},{"taxonomy":"woo-feed-brand","embeddable":true,"href":"https:\/\/ontel.no\/index.php\/wp-json\/wp\/v2\/woo-feed-brand?post=1019"}],"curies":[{"name":"wp","href":"https:\/\/api.w.org\/{rel}","templated":true}]}}