{"id":10838,"date":"2025-12-08T13:00:24","date_gmt":"2025-12-08T12:00:24","guid":{"rendered":"https:\/\/ontel.no\/?post_type=product&#038;p=10838"},"modified":"2026-04-13T16:36:51","modified_gmt":"2026-04-13T14:36:51","slug":"skjermbeskyttelse-for-apple-iphone-12-og-12-pro-herdet-glass-9h-kopi","status":"publish","type":"product","link":"https:\/\/ontel.no\/index.php\/produkt\/skjermbeskyttelse-for-apple-iphone-12-og-12-pro-herdet-glass-9h-kopi\/","title":{"rendered":"Skjermbeskyttelse for Apple iPhone herdet glass 9H avrundet"},"content":{"rendered":"","protected":false},"excerpt":{"rendered":"<p><span style=\"vertical-align: inherit;\"><span style=\"vertical-align: inherit;\">Sterkt klart 9H-ripesikkert herdet glass som dekker hele skjermen med avrundede kanter (2.5D) for behagelig ber\u00f8ring og sikker beskyttelse. Rense-klut med alkohol og mikrofiber medf\u00f8lger for rens av skjermen f\u00f8r p\u00e5f\u00f8ring.<\/span><\/span><\/p>\n","protected":false},"featured_media":14294,"comment_status":"open","ping_status":"closed","template":"","meta":[],"product_brand":[],"product_cat":[288,605,99,16],"product_tag":[681],"woo-feed-brand":[185],"class_list":{"0":"post-10838","1":"product","2":"type-product","3":"status-publish","4":"has-post-thumbnail","6":"product_cat-288","7":"product_cat-telefonbeskyttelse","8":"product_cat-phone-accessories","9":"product_cat-ukategorisert","10":"product_tag-beskyttelse","11":"woo-feed-brand-ontel-oem-diverse","13":"first","14":"instock","15":"sale","16":"taxable","17":"shipping-taxable","18":"purchasable","19":"product-type-variable","20":"has-default-attributes"},"_links":{"self":[{"href":"https:\/\/ontel.no\/index.php\/wp-json\/wp\/v2\/product\/10838","targetHints":{"allow":["GET"]}}],"collection":[{"href":"https:\/\/ontel.no\/index.php\/wp-json\/wp\/v2\/product"}],"about":[{"href":"https:\/\/ontel.no\/index.php\/wp-json\/wp\/v2\/types\/product"}],"replies":[{"embeddable":true,"href":"https:\/\/ontel.no\/index.php\/wp-json\/wp\/v2\/comments?post=10838"}],"wp:featuredmedia":[{"embeddable":true,"href":"https:\/\/ontel.no\/index.php\/wp-json\/wp\/v2\/media\/14294"}],"wp:attachment":[{"href":"https:\/\/ontel.no\/index.php\/wp-json\/wp\/v2\/media?parent=10838"}],"wp:term":[{"taxonomy":"product_brand","embeddable":true,"href":"https:\/\/ontel.no\/index.php\/wp-json\/wp\/v2\/product_brand?post=10838"},{"taxonomy":"product_cat","embeddable":true,"href":"https:\/\/ontel.no\/index.php\/wp-json\/wp\/v2\/product_cat?post=10838"},{"taxonomy":"product_tag","embeddable":true,"href":"https:\/\/ontel.no\/index.php\/wp-json\/wp\/v2\/product_tag?post=10838"},{"taxonomy":"woo-feed-brand","embeddable":true,"href":"https:\/\/ontel.no\/index.php\/wp-json\/wp\/v2\/woo-feed-brand?post=10838"}],"curies":[{"name":"wp","href":"https:\/\/api.w.org\/{rel}","templated":true}]}}