{"id":1118,"date":"2024-01-22T12:22:53","date_gmt":"2024-01-22T11:22:53","guid":{"rendered":"https:\/\/new.ontel.no\/?post_type=product&#038;p=1118"},"modified":"2026-04-13T16:37:13","modified_gmt":"2026-04-13T14:37:13","slug":"universal-beskyttelse-nettbrett-osv-8-9-moko-haze-blue-sleeve-bag","status":"publish","type":"product","link":"https:\/\/ontel.no\/index.php\/produkt\/universal-beskyttelse-nettbrett-osv-8-9-moko-haze-blue-sleeve-bag\/","title":{"rendered":"Universal beskyttelse nettbrett osv. MoKo Haze Blue sleeve bag ca.8-9 toms"},"content":{"rendered":"","protected":false},"excerpt":{"rendered":"<p>Passer mange forskjellige ca. 8-9&#8243; nettbrett\/lesebrett, som f.eks.: iPad Mini 6, iPad Mini 5\/4\/3\/2\/1 \/ Galaxy Tab A7 Lite 8.7 \/ Galaxy Tab A 8.0 (2017-2019) \/ Galaxy Tab A 8.4 2020 \/ Fire HD 8 &amp; 8 Plus 2020 \/ Tab M8 \/ ZenPad Z8s 7.9&#8243;.<\/p>\n<p>Laget av vannavvisende og holdbart polyester som gir nettbrettet beskyttelse og med ekstra rom for tilbeh\u00f8r.<\/p>\n<p>Eksterne m\u00e5l: 25,5cm x 19cm x 2cm. Vekt. 130g. Rom for kabler, mus, penn, headset, notater, lommebok, kort og mange andre sm\u00e5 gjenstander. Perfekt \u00e5 ta med seg over alt.<\/p>\n","protected":false},"featured_media":1126,"comment_status":"open","ping_status":"closed","template":"","meta":[],"product_brand":[],"product_cat":[288,103,603,27,604,105,16],"product_tag":[139,681,136,137,135,138],"woo-feed-brand":[202],"class_list":{"0":"post-1118","1":"product","2":"type-product","3":"status-publish","4":"has-post-thumbnail","6":"product_cat-288","7":"product_cat-e-readers","8":"product_cat-lesebrettbeskyttelse","9":"product_cat-tablets","10":"product_cat-nettbrettbeskyttelse","11":"product_cat-kindle-accessories","12":"product_cat-ukategorisert","13":"product_tag-amazon","14":"product_tag-beskyttelse","15":"product_tag-e-bokleser","16":"product_tag-kindle","17":"product_tag-lesebrett","18":"product_tag-paperwhite","19":"woo-feed-brand-moko","21":"first","22":"instock","23":"taxable","24":"shipping-taxable","25":"purchasable","26":"product-type-simple"},"_links":{"self":[{"href":"https:\/\/ontel.no\/index.php\/wp-json\/wp\/v2\/product\/1118","targetHints":{"allow":["GET"]}}],"collection":[{"href":"https:\/\/ontel.no\/index.php\/wp-json\/wp\/v2\/product"}],"about":[{"href":"https:\/\/ontel.no\/index.php\/wp-json\/wp\/v2\/types\/product"}],"replies":[{"embeddable":true,"href":"https:\/\/ontel.no\/index.php\/wp-json\/wp\/v2\/comments?post=1118"}],"wp:featuredmedia":[{"embeddable":true,"href":"https:\/\/ontel.no\/index.php\/wp-json\/wp\/v2\/media\/1126"}],"wp:attachment":[{"href":"https:\/\/ontel.no\/index.php\/wp-json\/wp\/v2\/media?parent=1118"}],"wp:term":[{"taxonomy":"product_brand","embeddable":true,"href":"https:\/\/ontel.no\/index.php\/wp-json\/wp\/v2\/product_brand?post=1118"},{"taxonomy":"product_cat","embeddable":true,"href":"https:\/\/ontel.no\/index.php\/wp-json\/wp\/v2\/product_cat?post=1118"},{"taxonomy":"product_tag","embeddable":true,"href":"https:\/\/ontel.no\/index.php\/wp-json\/wp\/v2\/product_tag?post=1118"},{"taxonomy":"woo-feed-brand","embeddable":true,"href":"https:\/\/ontel.no\/index.php\/wp-json\/wp\/v2\/woo-feed-brand?post=1118"}],"curies":[{"name":"wp","href":"https:\/\/api.w.org\/{rel}","templated":true}]}}