{"id":1133,"date":"2024-01-22T12:42:06","date_gmt":"2024-01-22T11:42:06","guid":{"rendered":"https:\/\/new.ontel.no\/?post_type=product&#038;p=1133"},"modified":"2026-04-07T13:49:09","modified_gmt":"2026-04-07T11:49:09","slug":"touch-penn-til-smarttelefoner-nettbrett-og-lesebrett-capacitive-stylus","status":"publish","type":"product","link":"https:\/\/ontel.no\/index.php\/produkt\/touch-penn-til-smarttelefoner-nettbrett-og-lesebrett-capacitive-stylus\/","title":{"rendered":"Touch penn til smarttelefoner, nettbrett og lesebrett &laquo;Capacitive Stylus&raquo;"},"content":{"rendered":"","protected":false},"excerpt":{"rendered":"<p>Nettovekt: 8 gram, lengde: 11 cm. Fungerer p\u00e5 alle ber\u00f8ringsskjermer.<br \/>\nUnng\u00e5 fingermerker og oppn\u00e5 mer n\u00f8yaktighet!<br \/>\n&#8230;Og reduser smittefare!<\/p>\n","protected":false},"featured_media":1137,"comment_status":"open","ping_status":"closed","template":"","meta":[],"product_brand":[],"product_cat":[291,27,99,105,102,225,16],"product_tag":[139,136,137,135,138],"woo-feed-brand":[176],"class_list":{"0":"post-1133","1":"product","2":"type-product","3":"status-publish","4":"has-post-thumbnail","6":"product_cat-anbefalte","7":"product_cat-tablets","8":"product_cat-phone-accessories","9":"product_cat-kindle-accessories","10":"product_cat-applewatch-accessories","11":"product_cat-tilbehor-til-ipad","12":"product_cat-ukategorisert","13":"product_tag-amazon","14":"product_tag-e-bokleser","15":"product_tag-kindle","16":"product_tag-lesebrett","17":"product_tag-paperwhite","18":"woo-feed-brand-walkers","20":"first","21":"instock","22":"sale","23":"taxable","24":"shipping-taxable","25":"purchasable","26":"product-type-variable","27":"has-default-attributes"},"_links":{"self":[{"href":"https:\/\/ontel.no\/index.php\/wp-json\/wp\/v2\/product\/1133","targetHints":{"allow":["GET"]}}],"collection":[{"href":"https:\/\/ontel.no\/index.php\/wp-json\/wp\/v2\/product"}],"about":[{"href":"https:\/\/ontel.no\/index.php\/wp-json\/wp\/v2\/types\/product"}],"replies":[{"embeddable":true,"href":"https:\/\/ontel.no\/index.php\/wp-json\/wp\/v2\/comments?post=1133"}],"wp:featuredmedia":[{"embeddable":true,"href":"https:\/\/ontel.no\/index.php\/wp-json\/wp\/v2\/media\/1137"}],"wp:attachment":[{"href":"https:\/\/ontel.no\/index.php\/wp-json\/wp\/v2\/media?parent=1133"}],"wp:term":[{"taxonomy":"product_brand","embeddable":true,"href":"https:\/\/ontel.no\/index.php\/wp-json\/wp\/v2\/product_brand?post=1133"},{"taxonomy":"product_cat","embeddable":true,"href":"https:\/\/ontel.no\/index.php\/wp-json\/wp\/v2\/product_cat?post=1133"},{"taxonomy":"product_tag","embeddable":true,"href":"https:\/\/ontel.no\/index.php\/wp-json\/wp\/v2\/product_tag?post=1133"},{"taxonomy":"woo-feed-brand","embeddable":true,"href":"https:\/\/ontel.no\/index.php\/wp-json\/wp\/v2\/woo-feed-brand?post=1133"}],"curies":[{"name":"wp","href":"https:\/\/api.w.org\/{rel}","templated":true}]}}