{"id":1145,"date":"2024-01-22T13:29:31","date_gmt":"2024-01-22T12:29:31","guid":{"rendered":"https:\/\/new.ontel.no\/?post_type=product&#038;p=1145"},"modified":"2026-04-13T16:55:53","modified_gmt":"2026-04-13T14:55:53","slug":"iamplus-i-am-buttons-bluetooth-oreplugger-med-mikrofon-tradlosmagnetiske","status":"publish","type":"product","link":"https:\/\/ontel.no\/index.php\/produkt\/iamplus-i-am-buttons-bluetooth-oreplugger-med-mikrofon-tradlosmagnetiske\/","title":{"rendered":"iamplus i.am+ BUTTONS bluetooth \u00f8replugger med mikrofon (tr\u00e5dl\u00f8s +magnetiske)"},"content":{"rendered":"<p>Her er info for deg som trenger det for tilkobling til Kindle (evt. dersom det skulle v\u00e6re problem med tilkobling):\u00a0Dersom de har v\u00e6rt koblet til annen enhet (f.eks. mobiltelefon), sjekk at de er fjernet derfra f\u00f8r det fors\u00f8kes \u00e5 koble til Kindle. F.eks. p\u00e5 iPhone m\u00e5 det fjernes slik: innstillinger-Bluetooth, trykk p\u00e5 (i) bak og &laquo;Glem denne enheten&raquo;.<\/p>\n<p>Gj\u00f8r ogs\u00e5 det samme p\u00e5 Kindle f\u00f8r det fors\u00f8kes p\u00e5 nytt (i tilfelle det er en kobling\/paring der allerede som ikke virker m\u00e5 den fjernes f\u00f8rst).<\/p>\n<p>S\u00e5 putt i.am+ Buttons i \u00f8ret og trykk p\u00e5 den midterste knappen og hold den inne. F\u00f8rst vil du h\u00f8re &laquo;your buttons are on&raquo;, men fortsett \u00e5 holde til du h\u00f8rer &laquo;ready for pairing&raquo;. Da kan du (s\u00e5 fort som mulig) koble til fra Kindle slik: 1) Trykk p\u00e5 tannhjulet oppe &laquo;Settings&raquo;, og s\u00e5 p\u00e5 &laquo;All settings&raquo;. 2) Klikk p\u00e5 &laquo;WiFi &amp; Bluetooth&raquo;, s\u00e5 klikk p\u00e5 knapp bak &laquo;Bluetooth&raquo; slik at den etterp\u00e5 st\u00e5r &laquo;On&raquo;. 3) Klikk p\u00e5 &laquo;Bluetooth Devices&raquo;, og den skal da finne &laquo;i.am+ Buttons&raquo; som du da skal klikke p\u00e5 og det vil komme hake bak (hvis de allerede l\u00e5 under &laquo;Bluetooth Devices&raquo; m\u00e5 du f\u00f8rst klikke p\u00e5 de og velge &laquo;FORGET&raquo; for at det skal kunne opprettes ny forbindelse. N\u00e5r du s\u00e5 har valgt de p\u00e5 nytt b\u00f8r de v\u00e6re tilkoblet og du kan g\u00e5 til lydbok og klikke &laquo;Play&raquo;.<\/p>\n<p>The i.am+ BUTTONS Wireless Earphones are designed to look as good as they sound with a design inspired by a classic vinyl records and technology such as surround sound, deep bass, and wireless connectivity.<\/p>\n<p>Type lydkanal: Stereo<\/p>\n<p>Tilkoblinger (tr\u00e5dl\u00f8s): Bluetooth 3.0 + EDR<\/p>\n<p>True Wireless: Nei<\/p>\n<p>B\u00f8ylens plassering: I \u00f8ret<\/p>\n<p>Motstand: 32 \u03a9<\/p>\n<p>Type: \u00d8repropper<\/p>\n<p>Form: Plugger (i \u00f8ret)<\/p>\n<p>Type lydkanal: Stereo<\/p>\n<p>Min frekvensrespons: 20 Hz<\/p>\n<p>Maks frekvensrespons: 22000 Hz<\/p>\n<p>Batterilevetid: 6 t (lades med medf\u00f8lgende\u00a0Micro USB kabel)\u00a0 &#8211; Talk Time: 6+ Hours &#8211; Stand By Time: 120+ Hours<\/p>\n<p>Magnetic Discs, Microphone, Nylon Cable, Siri Activation<\/p>\n<p>Size: Small\/Medium\/Large interchangeable earpads<\/p>\n<p>Flettet micro-USB ladekabel er inkludert og mange (9 par) ekstra silikon-puter (tilpasning til \u00f8ret) f\u00f8lger ogs\u00e5 med.<\/p>\n<p>Inspired by the iconic shape of vinyl records, i.am+ BUTTONS presents a unique appeal that makes a flexible accessory of your earphones. With its machined metal earpieces and fabric cord, BUTTONS are not only stylish, they\u2019re also durable.<\/p>\n<p>Wear your Music<\/p>\n<p>Inspired by the iconic shape of vinyl records, i.am+ BUTTONS presents a unique appeal that makes a flexible accessory of your earphones. With its machined metal earpieces and fabric cord, BUTTONS are not only stylish, they\u2019re also durable.<\/p>\n<p>Ready For The Day<\/p>\n<p>With over 6 hours of battery life and 120 hours of standby time, i.am+ BUTTONS lets you listen unplugged throughout the day. The magnetic discs also clamp securely around your neck, so you\u2019re always ready to listen to your playlist, attend to phone calls and talk to Siri.<\/p>\n<p>Premium Wireless Sound<\/p>\n<p>With its 11mm driver, i.am+ BUTTONS Bluetooth headphones lets you enjoy clear and immersive audio quality. You can also pair and play these headphones to your smartphone via Bluetooth and enjoy listening to your playlist without the fuss of wires.<\/p>\n<p>The Perfect Fit<\/p>\n<p>For your ease and comfort, BUTTONS Bluetooth in-ear headphones come with small, medium and large interchangeable earpads. Use the one-piece earpad for casual listening or use the two-piece pads to seal off ambient noise.<\/p>\n<p>Intuitive Controls<\/p>\n<p>Equipped with a microphone and inline remote, the i.am+ BUTTONS earphones allows you to take calls, control tracks, set the device for pairing, adjust volumes or prompt voice commands without reaching for your phone.<\/p>\n<div class=\"vc_row wpb_row vc_row-fluid vc_custom_1479002034115\">\n<div class=\"wpb_column vc_column_container vc_col-sm-12\">\n<div class=\"vc_column-inner\">\n<div class=\"wpb_wrapper\">\n<div class=\"wpb_text_column wpb_content_element \">\n<div class=\"wpb_wrapper\">\n<p>Looking to buy i.am+ BUTTONS Bluetooth Wireless Headphones?<\/p>\n<p>Here you can get an overview of the product, what you can do, product photos and videos, plus more.<\/p>\n<div class=\"vc_row wpb_row vc_row-fluid\">\n<div class=\"wpb_column vc_column_container vc_col-sm-12\">\n<div class=\"vc_column-inner\">\n<div class=\"wpb_wrapper\">\n<div class=\"wpb_text_column wpb_content_element \">\n<div class=\"wpb_wrapper\">\n<h4>i.am+ BUTTONS<\/h4>\n<h3>What can you do?<\/h3>\n<p>Enjoy all your music with wireless connectivity between the\u00a0i.am+ BUTTONS earphones and your iPhone or iPad. These earphones offer great sound quality with surround sound and deep bass with Bluetooth support.<\/p>\n<p>These earphones have been designed to look good while wearing them with its shape inspired by a classic vinyl record.<\/p>\n<\/div>\n<\/div>\n<\/div>\n<\/div>\n<\/div>\n<\/div>\n<div class=\"vc_row wpb_row vc_row-fluid vc_custom_1479002727541\">\n<div class=\"wpb_column vc_column_container vc_col-sm-12\">\n<div class=\"vc_column-inner\">\n<div class=\"wpb_wrapper\">\n<div class=\"wpb_text_column wpb_content_element \">\n<div class=\"wpb_wrapper\">\n<h4>i.am+ BUTTONS<\/h4>\n<h3>Who is it for?<\/h3>\n<p>Anyone who is looking to enjoy music wirelessly particularly those who have the new iPhone 7, 8, X, Xs\/r, 11 and 12 etc. (and any Android Phone with BLUETOOTOH) but are also looking for one of the best looking earphones possible.<\/p>\n<\/div>\n<\/div>\n<\/div>\n<\/div>\n<\/div>\n<\/div>\n<\/div>\n<\/div>\n<\/div>\n<\/div>\n<\/div>\n<\/div>\n","protected":false},"excerpt":{"rendered":"<p>Designet for \u00e5 se like bra ut som de h\u00f8res med design inspirert av vinyl og teknologi som surround, dyp bass og tr\u00e5dl\u00f8s tilkobling. Utrolig kjekt magnetfeste som holder de trygt samlet rundt halsen for umiddelbar tilgang.<\/p>\n<p>For deg som kanskje ikke alltid g\u00e5r med \u00f8reproppene i \u00f8ret men likevel vil ha de raskt tilgjengelig og tilkoblet bluetooth. Vi selger ogs\u00e5 mange av disse sammen med Amazon Kindle som krever bluetooth tilkobling for lydb\u00f8ker, men ogs\u00e5 ypperlig til din Android eller iOS smarttelefon eller nettbrett.<\/p>\n","protected":false},"featured_media":1150,"comment_status":"open","ping_status":"closed","template":"","meta":[],"product_brand":[],"product_cat":[291,371,24,120,110,112,26,99,105,225,16],"product_tag":[683],"woo-feed-brand":[214],"class_list":{"0":"post-1145","1":"product","2":"type-product","3":"status-publish","4":"has-post-thumbnail","6":"product_cat-anbefalte","7":"product_cat-bluetooth","8":"product_cat-headphones","9":"product_cat-lyd","10":"product_cat-lydprodukter","11":"product_cat-earphones-headphones","12":"product_cat-smartwatches","13":"product_cat-phone-accessories","14":"product_cat-kindle-accessories","15":"product_cat-tilbehor-til-ipad","16":"product_cat-ukategorisert","17":"product_tag-diverse","18":"woo-feed-brand-iam","20":"first","21":"instock","22":"taxable","23":"shipping-taxable","24":"purchasable","25":"product-type-variable","26":"has-default-attributes"},"_links":{"self":[{"href":"https:\/\/ontel.no\/index.php\/wp-json\/wp\/v2\/product\/1145","targetHints":{"allow":["GET"]}}],"collection":[{"href":"https:\/\/ontel.no\/index.php\/wp-json\/wp\/v2\/product"}],"about":[{"href":"https:\/\/ontel.no\/index.php\/wp-json\/wp\/v2\/types\/product"}],"replies":[{"embeddable":true,"href":"https:\/\/ontel.no\/index.php\/wp-json\/wp\/v2\/comments?post=1145"}],"wp:featuredmedia":[{"embeddable":true,"href":"https:\/\/ontel.no\/index.php\/wp-json\/wp\/v2\/media\/1150"}],"wp:attachment":[{"href":"https:\/\/ontel.no\/index.php\/wp-json\/wp\/v2\/media?parent=1145"}],"wp:term":[{"taxonomy":"product_brand","embeddable":true,"href":"https:\/\/ontel.no\/index.php\/wp-json\/wp\/v2\/product_brand?post=1145"},{"taxonomy":"product_cat","embeddable":true,"href":"https:\/\/ontel.no\/index.php\/wp-json\/wp\/v2\/product_cat?post=1145"},{"taxonomy":"product_tag","embeddable":true,"href":"https:\/\/ontel.no\/index.php\/wp-json\/wp\/v2\/product_tag?post=1145"},{"taxonomy":"woo-feed-brand","embeddable":true,"href":"https:\/\/ontel.no\/index.php\/wp-json\/wp\/v2\/woo-feed-brand?post=1145"}],"curies":[{"name":"wp","href":"https:\/\/api.w.org\/{rel}","templated":true}]}}