{"id":1160,"date":"2024-01-22T16:15:49","date_gmt":"2024-01-22T15:15:49","guid":{"rendered":"https:\/\/new.ontel.no\/?post_type=product&#038;p=1160"},"modified":"2026-01-30T15:01:21","modified_gmt":"2026-01-30T14:01:21","slug":"moko-skjermbeskyttelse-for-amazon-kindle-scribe-102-matte-professional-sketching-film-feels-like-paper","status":"publish","type":"product","link":"https:\/\/ontel.no\/index.php\/produkt\/moko-skjermbeskyttelse-for-amazon-kindle-scribe-102-matte-professional-sketching-film-feels-like-paper\/","title":{"rendered":"MoKo Paperlike skjermbeskyttelse for Amazon Kindle SCRIBE matte professional sketching film 10.2-toms"},"content":{"rendered":"","protected":false},"excerpt":{"rendered":"<p>&laquo;Feels like writing on paper!&raquo;.\u00a0 For:\u00a0 Kindle SCRIBE (10,2&#8243;). Beskytter og gir friksjon. S\u00e5 n\u00e6r papirf\u00f8lelse som du kommer. Til sammenligning blir friksjon med stylus pen 26. Vanlig blyant p\u00e5 papir gir friksjonstall 28, og med en annen beskyttelsesfilm gir 8, mens stylus pen p\u00e5 glass gir bare friksjonstall 5. Anti-ripe hardhet: 3H. Hindrer ogs\u00e5 gjenskinn.<\/p>\n","protected":false},"featured_media":1166,"comment_status":"open","ping_status":"closed","template":"","meta":[],"product_brand":[],"product_cat":[103,603,27,105,16],"product_tag":[139,136,137,135,138],"woo-feed-brand":[202],"class_list":{"0":"post-1160","1":"product","2":"type-product","3":"status-publish","4":"has-post-thumbnail","6":"product_cat-e-readers","7":"product_cat-lesebrettbeskyttelse","8":"product_cat-tablets","9":"product_cat-kindle-accessories","10":"product_cat-ukategorisert","11":"product_tag-amazon","12":"product_tag-e-bokleser","13":"product_tag-kindle","14":"product_tag-lesebrett","15":"product_tag-paperwhite","16":"woo-feed-brand-moko","18":"first","19":"outofstock","20":"taxable","21":"shipping-taxable","22":"purchasable","23":"product-type-simple"},"_links":{"self":[{"href":"https:\/\/ontel.no\/index.php\/wp-json\/wp\/v2\/product\/1160","targetHints":{"allow":["GET"]}}],"collection":[{"href":"https:\/\/ontel.no\/index.php\/wp-json\/wp\/v2\/product"}],"about":[{"href":"https:\/\/ontel.no\/index.php\/wp-json\/wp\/v2\/types\/product"}],"replies":[{"embeddable":true,"href":"https:\/\/ontel.no\/index.php\/wp-json\/wp\/v2\/comments?post=1160"}],"wp:featuredmedia":[{"embeddable":true,"href":"https:\/\/ontel.no\/index.php\/wp-json\/wp\/v2\/media\/1166"}],"wp:attachment":[{"href":"https:\/\/ontel.no\/index.php\/wp-json\/wp\/v2\/media?parent=1160"}],"wp:term":[{"taxonomy":"product_brand","embeddable":true,"href":"https:\/\/ontel.no\/index.php\/wp-json\/wp\/v2\/product_brand?post=1160"},{"taxonomy":"product_cat","embeddable":true,"href":"https:\/\/ontel.no\/index.php\/wp-json\/wp\/v2\/product_cat?post=1160"},{"taxonomy":"product_tag","embeddable":true,"href":"https:\/\/ontel.no\/index.php\/wp-json\/wp\/v2\/product_tag?post=1160"},{"taxonomy":"woo-feed-brand","embeddable":true,"href":"https:\/\/ontel.no\/index.php\/wp-json\/wp\/v2\/woo-feed-brand?post=1160"}],"curies":[{"name":"wp","href":"https:\/\/api.w.org\/{rel}","templated":true}]}}