{"id":1204,"date":"2024-01-25T13:50:52","date_gmt":"2024-01-25T12:50:52","guid":{"rendered":"https:\/\/new.ontel.no\/?post_type=product&#038;p=1204"},"modified":"2026-04-13T16:37:22","modified_gmt":"2026-04-13T14:37:22","slug":"drop-resistant-armor-case-w-finger-grip-ring-holder-magnetig-metal-sheet-for-iphone-12-12pro","status":"publish","type":"product","link":"https:\/\/ontel.no\/index.php\/produkt\/drop-resistant-armor-case-w-finger-grip-ring-holder-magnetig-metal-sheet-for-iphone-12-12pro\/","title":{"rendered":"Drop Resistant Armor Case w\/Finger Grip Ring Holder &#038; Magnetic Metal sheet for iPhone 12 \/ 12PRO"},"content":{"rendered":"<p>Drop Resistant Armor PC&amp;TPU Case with Finger Grip Ring Holder &amp; Metal Sheet for iPhone 12\/12 Pro (6.1&#8243;)<br \/>\n\u25cfOne-piece protective case is perfectly comprised of Polycarbonate and Thermoplastic polyurethane which safeguards your phone against vibration and shock without adding a ton of bulkiness. Soft inner snugly surrounds your phone and offers an extra protection that absorbs and directs impact forces away from the device.<br \/>\n\u25cf360\u00b0 Rotation Ring on the back, is designed for easy and secure finger grip with one hand &#8211; No matter you taking the bus or on the go, just enjoy your texting, video, or FaceTime without worrying about accidental drops. It also works as a Ring Holder to provide you comfortable, hands-free, angle-free viewing positions.<br \/>\n\u25cfBuilt-in metal sheet on the back is compatible with your magnetic car mounts for convenient car navigation or hands-free calls.<br \/>\n\u25cf4 raised corners with unique shape provide added shock protection during a drop, and a premium armor design also provides structural rigidity.<br \/>\n\u25cfVolume and side buttons are fully covered away from dust, grit and other environmental factors while maintaining true button responsiveness.<br \/>\n\u25cfRaised camera lips allows you to lay your phone on its back without worrying about unnecessary scratches.<br \/>\n\u25cfNet Weight: 241g<br \/>\n\u25cfDimension: 150*76*57mm<\/p>\n","protected":false},"excerpt":{"rendered":"<p>Ringen kan sl\u00e5s ut (fugerer som f.eks. finger-holder eller st\u00f8tte) og roteres 360 grader). N\u00e5r den sl\u00e5s inn kan metallplaten i midten ogs\u00e5 festes til en magnet-holder i bil e.l.<br \/>\nKan benyttes sammen med &laquo;universal magnetisk holder til bil&raquo; som selges separat.<br \/>\nNB! SORT farge (noen av bildene kan vise annen farge).<\/p>\n","protected":false},"featured_media":1210,"comment_status":"open","ping_status":"closed","template":"","meta":[],"product_brand":[],"product_cat":[288,605,99,16],"product_tag":[681],"woo-feed-brand":[185],"class_list":{"0":"post-1204","1":"product","2":"type-product","3":"status-publish","4":"has-post-thumbnail","6":"product_cat-288","7":"product_cat-telefonbeskyttelse","8":"product_cat-phone-accessories","9":"product_cat-ukategorisert","10":"product_tag-beskyttelse","11":"woo-feed-brand-ontel-oem-diverse","13":"first","14":"instock","15":"taxable","16":"shipping-taxable","17":"purchasable","18":"product-type-simple"},"_links":{"self":[{"href":"https:\/\/ontel.no\/index.php\/wp-json\/wp\/v2\/product\/1204","targetHints":{"allow":["GET"]}}],"collection":[{"href":"https:\/\/ontel.no\/index.php\/wp-json\/wp\/v2\/product"}],"about":[{"href":"https:\/\/ontel.no\/index.php\/wp-json\/wp\/v2\/types\/product"}],"replies":[{"embeddable":true,"href":"https:\/\/ontel.no\/index.php\/wp-json\/wp\/v2\/comments?post=1204"}],"wp:featuredmedia":[{"embeddable":true,"href":"https:\/\/ontel.no\/index.php\/wp-json\/wp\/v2\/media\/1210"}],"wp:attachment":[{"href":"https:\/\/ontel.no\/index.php\/wp-json\/wp\/v2\/media?parent=1204"}],"wp:term":[{"taxonomy":"product_brand","embeddable":true,"href":"https:\/\/ontel.no\/index.php\/wp-json\/wp\/v2\/product_brand?post=1204"},{"taxonomy":"product_cat","embeddable":true,"href":"https:\/\/ontel.no\/index.php\/wp-json\/wp\/v2\/product_cat?post=1204"},{"taxonomy":"product_tag","embeddable":true,"href":"https:\/\/ontel.no\/index.php\/wp-json\/wp\/v2\/product_tag?post=1204"},{"taxonomy":"woo-feed-brand","embeddable":true,"href":"https:\/\/ontel.no\/index.php\/wp-json\/wp\/v2\/woo-feed-brand?post=1204"}],"curies":[{"name":"wp","href":"https:\/\/api.w.org\/{rel}","templated":true}]}}