{"id":1218,"date":"2024-01-25T15:52:06","date_gmt":"2024-01-25T14:52:06","guid":{"rendered":"https:\/\/new.ontel.no\/?post_type=product&#038;p=1218"},"modified":"2026-04-13T16:59:26","modified_gmt":"2026-04-13T14:59:26","slug":"deji-universal-tradlos-ladeplate-silver-aluminiumsramme-fast-wireless-charger-10w-75w-5w-krever-lader-med-standard-usb-a-kontakt","status":"publish","type":"product","link":"https:\/\/ontel.no\/index.php\/produkt\/deji-universal-tradlos-ladeplate-silver-aluminiumsramme-fast-wireless-charger-10w-75w-5w-krever-lader-med-standard-usb-a-kontakt\/","title":{"rendered":"DEJI universal tr\u00e5dl\u00f8s ladeplate SILVER (aluminiumsramme) Fast Wireless Charger 10W \/ 7,5W \/ 5W (krever lader med standard USB-A kontakt)"},"content":{"rendered":"","protected":false},"excerpt":{"rendered":"<p>UT: 5W\/7.5W\/10W. Universal tr\u00e5dl\u00f8s ladeplate. Kompatibel med b\u00e5de iPhone og Android-telefoner og med innebygget lade-beskyttelse.<br \/>\nUtf\u00f8relse: b\u00f8rstet aluminium + ABS) som gir et solid og pent utseende med tykkelse p\u00e5 bare 6mm. Diameter er 97mm.<br \/>\nMicro USB-kabel er inkludert, men du m\u00e5 ha en vanlig USB-A lader i tillegg.<\/p>\n<p>For rask lading m\u00e5 USB-laderen gi helst 2A ved 5V og\/eller 1.7A ved 9V og den m\u00e5 ha standard USB-inngang (ikke USB-C). Vi har originale ladere som passer fra Huawei.<\/p>\n","protected":false},"featured_media":1220,"comment_status":"open","ping_status":"closed","template":"","meta":[],"product_brand":[],"product_cat":[99,602,16],"product_tag":[683],"woo-feed-brand":[199],"class_list":{"0":"post-1218","1":"product","2":"type-product","3":"status-publish","4":"has-post-thumbnail","6":"product_cat-phone-accessories","7":"product_cat-tradlos-ladere","8":"product_cat-ukategorisert","9":"product_tag-diverse","10":"woo-feed-brand-deji","12":"first","13":"instock","14":"sale","15":"taxable","16":"shipping-taxable","17":"purchasable","18":"product-type-simple"},"_links":{"self":[{"href":"https:\/\/ontel.no\/index.php\/wp-json\/wp\/v2\/product\/1218","targetHints":{"allow":["GET"]}}],"collection":[{"href":"https:\/\/ontel.no\/index.php\/wp-json\/wp\/v2\/product"}],"about":[{"href":"https:\/\/ontel.no\/index.php\/wp-json\/wp\/v2\/types\/product"}],"replies":[{"embeddable":true,"href":"https:\/\/ontel.no\/index.php\/wp-json\/wp\/v2\/comments?post=1218"}],"wp:featuredmedia":[{"embeddable":true,"href":"https:\/\/ontel.no\/index.php\/wp-json\/wp\/v2\/media\/1220"}],"wp:attachment":[{"href":"https:\/\/ontel.no\/index.php\/wp-json\/wp\/v2\/media?parent=1218"}],"wp:term":[{"taxonomy":"product_brand","embeddable":true,"href":"https:\/\/ontel.no\/index.php\/wp-json\/wp\/v2\/product_brand?post=1218"},{"taxonomy":"product_cat","embeddable":true,"href":"https:\/\/ontel.no\/index.php\/wp-json\/wp\/v2\/product_cat?post=1218"},{"taxonomy":"product_tag","embeddable":true,"href":"https:\/\/ontel.no\/index.php\/wp-json\/wp\/v2\/product_tag?post=1218"},{"taxonomy":"woo-feed-brand","embeddable":true,"href":"https:\/\/ontel.no\/index.php\/wp-json\/wp\/v2\/woo-feed-brand?post=1218"}],"curies":[{"name":"wp","href":"https:\/\/api.w.org\/{rel}","templated":true}]}}