{"id":12317,"date":"2025-12-12T10:54:18","date_gmt":"2025-12-12T09:54:18","guid":{"rendered":"https:\/\/ontel.no\/?post_type=product&#038;p=12317"},"modified":"2026-04-09T21:19:04","modified_gmt":"2026-04-09T19:19:04","slug":"apple-airpods-pro-3-2025","status":"publish","type":"product","link":"https:\/\/ontel.no\/index.php\/produkt\/apple-airpods-pro-3-2025\/","title":{"rendered":"Apple AirPods PRO 3"},"content":{"rendered":"","protected":false},"excerpt":{"rendered":"<p>Apple AirPods Pro 3. generasjon. Nyeste PRO versjon, lansert 2025. Tr\u00e5dl\u00f8s, Mikrofon, Funksjoner: pulsm\u00e5ler, tr\u00e5dl\u00f8s lading, knapper\/kontroller tilpasset iPhone, lading via USB-C (kabel\/lader ikke inkludert), med st\u00f8tte for hurtiglading&#8230;<\/p>\n","protected":false},"featured_media":12320,"comment_status":"open","ping_status":"closed","template":"","meta":[],"product_brand":[],"product_cat":[371,16,120,24,112,99,26,102,225,30,110],"product_tag":[],"woo-feed-brand":[184],"class_list":{"0":"post-12317","1":"product","2":"type-product","3":"status-publish","4":"has-post-thumbnail","6":"product_cat-bluetooth","7":"product_cat-ukategorisert","8":"product_cat-lyd","9":"product_cat-headphones","10":"product_cat-earphones-headphones","11":"product_cat-phone-accessories","12":"product_cat-smartwatches","13":"product_cat-applewatch-accessories","14":"product_cat-tilbehor-til-ipad","15":"product_cat-tv-audio","16":"product_cat-lydprodukter","17":"woo-feed-brand-apple","19":"first","20":"outofstock","21":"taxable","22":"shipping-taxable","23":"product-type-variable","24":"has-default-attributes"},"_links":{"self":[{"href":"https:\/\/ontel.no\/index.php\/wp-json\/wp\/v2\/product\/12317","targetHints":{"allow":["GET"]}}],"collection":[{"href":"https:\/\/ontel.no\/index.php\/wp-json\/wp\/v2\/product"}],"about":[{"href":"https:\/\/ontel.no\/index.php\/wp-json\/wp\/v2\/types\/product"}],"replies":[{"embeddable":true,"href":"https:\/\/ontel.no\/index.php\/wp-json\/wp\/v2\/comments?post=12317"}],"wp:featuredmedia":[{"embeddable":true,"href":"https:\/\/ontel.no\/index.php\/wp-json\/wp\/v2\/media\/12320"}],"wp:attachment":[{"href":"https:\/\/ontel.no\/index.php\/wp-json\/wp\/v2\/media?parent=12317"}],"wp:term":[{"taxonomy":"product_brand","embeddable":true,"href":"https:\/\/ontel.no\/index.php\/wp-json\/wp\/v2\/product_brand?post=12317"},{"taxonomy":"product_cat","embeddable":true,"href":"https:\/\/ontel.no\/index.php\/wp-json\/wp\/v2\/product_cat?post=12317"},{"taxonomy":"product_tag","embeddable":true,"href":"https:\/\/ontel.no\/index.php\/wp-json\/wp\/v2\/product_tag?post=12317"},{"taxonomy":"woo-feed-brand","embeddable":true,"href":"https:\/\/ontel.no\/index.php\/wp-json\/wp\/v2\/woo-feed-brand?post=12317"}],"curies":[{"name":"wp","href":"https:\/\/api.w.org\/{rel}","templated":true}]}}