{"id":12329,"date":"2025-12-12T13:12:03","date_gmt":"2025-12-12T12:12:03","guid":{"rendered":"https:\/\/ontel.no\/?post_type=product&#038;p=12329"},"modified":"2026-04-30T14:29:46","modified_gmt":"2026-04-30T12:29:46","slug":"apple-airtag-1-pack","status":"publish","type":"product","link":"https:\/\/ontel.no\/index.php\/produkt\/apple-airtag-1-pack\/","title":{"rendered":"Apple AirTag 1-pack"},"content":{"rendered":"","protected":false},"excerpt":{"rendered":"<p>Enkel \u00e5 ta i bruk, bare trekk ut beskyttelsen som gj\u00f8r at batteriet kobles til og den skrur seg p\u00e5, hold n\u00e6r iPhone (ev. iPad e.l.) og f\u00f8lg instruksjonene som da vil komme p\u00e5 skjermen. B\u00f8r holdes n\u00e6rmere enn 5 cm. Dersom AirTag og \u201cKoble til\u201d ikke kommer opp innen f\u00e5 sekunder, trykk p\u00e5 dvaleknappen og s\u00e5 vekk opp fra dvale\/skjerml\u00e5s igjen, s\u00e5 b\u00f8r den komme opp. Evt. om beskyttelsen er fjernet eller du \u00f8nsker \u00e5 bytte batteri\/nullstille: Trykk ned st\u00e5ldekselet og vri mot klokken til dekselet stopper (bare noen f\u00e5 millimeter) og l\u00f8ft lokket opp. Sett evt. inn nytt CR2032 hvis tomt og skru igjen. Spor n\u00f8kkelknippe, kjeledyr, lommebok, veske, koffert, sykkel, bil, fjernkontroll osv.<\/p>\n","protected":false},"featured_media":12331,"comment_status":"open","ping_status":"closed","template":"","meta":[],"product_brand":[],"product_cat":[182,30,99,225,16],"product_tag":[],"woo-feed-brand":[184],"class_list":{"0":"post-12329","1":"product","2":"type-product","3":"status-publish","4":"has-post-thumbnail","6":"product_cat-airtag-sporingsbrikker","7":"product_cat-tv-audio","8":"product_cat-phone-accessories","9":"product_cat-tilbehor-til-ipad","10":"product_cat-ukategorisert","11":"woo-feed-brand-apple","13":"first","14":"instock","15":"taxable","16":"shipping-taxable","17":"purchasable","18":"product-type-variable","19":"has-default-attributes"},"_links":{"self":[{"href":"https:\/\/ontel.no\/index.php\/wp-json\/wp\/v2\/product\/12329","targetHints":{"allow":["GET"]}}],"collection":[{"href":"https:\/\/ontel.no\/index.php\/wp-json\/wp\/v2\/product"}],"about":[{"href":"https:\/\/ontel.no\/index.php\/wp-json\/wp\/v2\/types\/product"}],"replies":[{"embeddable":true,"href":"https:\/\/ontel.no\/index.php\/wp-json\/wp\/v2\/comments?post=12329"}],"wp:featuredmedia":[{"embeddable":true,"href":"https:\/\/ontel.no\/index.php\/wp-json\/wp\/v2\/media\/12331"}],"wp:attachment":[{"href":"https:\/\/ontel.no\/index.php\/wp-json\/wp\/v2\/media?parent=12329"}],"wp:term":[{"taxonomy":"product_brand","embeddable":true,"href":"https:\/\/ontel.no\/index.php\/wp-json\/wp\/v2\/product_brand?post=12329"},{"taxonomy":"product_cat","embeddable":true,"href":"https:\/\/ontel.no\/index.php\/wp-json\/wp\/v2\/product_cat?post=12329"},{"taxonomy":"product_tag","embeddable":true,"href":"https:\/\/ontel.no\/index.php\/wp-json\/wp\/v2\/product_tag?post=12329"},{"taxonomy":"woo-feed-brand","embeddable":true,"href":"https:\/\/ontel.no\/index.php\/wp-json\/wp\/v2\/woo-feed-brand?post=12329"}],"curies":[{"name":"wp","href":"https:\/\/api.w.org\/{rel}","templated":true}]}}