{"id":12341,"date":"2025-12-12T14:29:14","date_gmt":"2025-12-12T13:29:14","guid":{"rendered":"https:\/\/ontel.no\/?post_type=product&#038;p=12341"},"modified":"2026-04-13T16:54:53","modified_gmt":"2026-04-13T14:54:53","slug":"herdet-glass-skjermbeskyttelse-for-amazon-kindle-7-tommer","status":"publish","type":"product","link":"https:\/\/ontel.no\/index.php\/produkt\/herdet-glass-skjermbeskyttelse-for-amazon-kindle-7-tommer\/","title":{"rendered":"Herdet glass skjermbeskyttelse for Amazon Kindle 7-tommer"},"content":{"rendered":"","protected":false},"excerpt":{"rendered":"<p>Klart herdet glass 0,3mm. For:\u00a0 Kindle 2024 og nyere med 7-tommer skjerm. 9H hardhet. Med 2 stk. rensekluter (v\u00e5t+t\u00f8rr) for rens f\u00f8r p\u00e5f\u00f8ring. Ripesikkert, Oljeavvisende, anti-finger avtrykk.<\/p>\n","protected":false},"featured_media":12342,"comment_status":"open","ping_status":"closed","template":"","meta":[],"product_brand":[],"product_cat":[288,603,105,16],"product_tag":[681],"woo-feed-brand":[176],"class_list":{"0":"post-12341","1":"product","2":"type-product","3":"status-publish","4":"has-post-thumbnail","6":"product_cat-288","7":"product_cat-lesebrettbeskyttelse","8":"product_cat-kindle-accessories","9":"product_cat-ukategorisert","10":"product_tag-beskyttelse","11":"woo-feed-brand-walkers","13":"first","14":"instock","15":"taxable","16":"shipping-taxable","17":"purchasable","18":"product-type-simple"},"_links":{"self":[{"href":"https:\/\/ontel.no\/index.php\/wp-json\/wp\/v2\/product\/12341","targetHints":{"allow":["GET"]}}],"collection":[{"href":"https:\/\/ontel.no\/index.php\/wp-json\/wp\/v2\/product"}],"about":[{"href":"https:\/\/ontel.no\/index.php\/wp-json\/wp\/v2\/types\/product"}],"replies":[{"embeddable":true,"href":"https:\/\/ontel.no\/index.php\/wp-json\/wp\/v2\/comments?post=12341"}],"wp:featuredmedia":[{"embeddable":true,"href":"https:\/\/ontel.no\/index.php\/wp-json\/wp\/v2\/media\/12342"}],"wp:attachment":[{"href":"https:\/\/ontel.no\/index.php\/wp-json\/wp\/v2\/media?parent=12341"}],"wp:term":[{"taxonomy":"product_brand","embeddable":true,"href":"https:\/\/ontel.no\/index.php\/wp-json\/wp\/v2\/product_brand?post=12341"},{"taxonomy":"product_cat","embeddable":true,"href":"https:\/\/ontel.no\/index.php\/wp-json\/wp\/v2\/product_cat?post=12341"},{"taxonomy":"product_tag","embeddable":true,"href":"https:\/\/ontel.no\/index.php\/wp-json\/wp\/v2\/product_tag?post=12341"},{"taxonomy":"woo-feed-brand","embeddable":true,"href":"https:\/\/ontel.no\/index.php\/wp-json\/wp\/v2\/woo-feed-brand?post=12341"}],"curies":[{"name":"wp","href":"https:\/\/api.w.org\/{rel}","templated":true}]}}