{"id":1303,"date":"2024-01-26T22:30:08","date_gmt":"2024-01-26T21:30:08","guid":{"rendered":"https:\/\/new.ontel.no\/?post_type=product&#038;p=1303"},"modified":"2026-04-13T16:32:35","modified_gmt":"2026-04-13T14:32:35","slug":"magnetisk-handskrift-film-for-apple-ipad-pro-129","status":"publish","type":"product","link":"https:\/\/ontel.no\/index.php\/produkt\/magnetisk-handskrift-film-for-apple-ipad-pro-129\/","title":{"rendered":"Magnetisk h\u00e5ndskrift-film for Apple iPad PRO 12.9-tommer"},"content":{"rendered":"","protected":false},"excerpt":{"rendered":"<p>For iPad PRO 12,9&#8243; 2018, 2019, 2020 og nyere. Festes magnetisk (kan tas av og p\u00e5 s\u00e5 ofte man \u00f8nsker).<br \/>\nF\u00f8lelsen av \u00e5 skrive p\u00e5 papir (pennen sklir ikke), motvirker gjenskinn. &laquo;Feels like writing on paper!&raquo;. Beskytter og gir friksjon. S\u00e5 n\u00e6r papirf\u00f8lelse som du kommer.<br \/>\n<div class=\"lazyload smush-lazyload-video smush-lazyload-youtube\" style=\"--smush-video-aspect-ratio: 420\/230\" data-bg-image=\"url(https:\/\/i.ytimg.com\/vi_webp\/nxiWRNL1Zu4\/maxresdefault.webp)\" ><iframe title=\"YouTube video player\" data-src=\"https:\/\/www.youtube.com\/embed\/nxiWRNL1Zu4?si=ptDJ6XKXB5hAIk75\" width=\"420\" height=\"230\" frameborder=\"0\" allowfullscreen=\"allowfullscreen\" src=\"data:image\/svg+xml;base64,PHN2ZyB3aWR0aD0iMSIgaGVpZ2h0PSIxIiB4bWxucz0iaHR0cDovL3d3dy53My5vcmcvMjAwMC9zdmciPjwvc3ZnPg==\"><\/iframe><span class=\"smush-play-btn\" role=\"button\" aria-label=\"Play video\">\r\n\t\t\t\t<span tabindex=\"0\" class=\"smush-play-btn-inner\">\r\n\t\t\t\t\t<span>Play<\/span>\r\n\t\t\t\t<\/span>\r\n\t\t\t<\/span><\/div><\/p>\n","protected":false},"featured_media":1311,"comment_status":"open","ping_status":"closed","template":"","meta":[],"product_brand":[],"product_cat":[288,604,225,16],"product_tag":[681,683],"woo-feed-brand":[185],"class_list":{"0":"post-1303","1":"product","2":"type-product","3":"status-publish","4":"has-post-thumbnail","6":"product_cat-288","7":"product_cat-nettbrettbeskyttelse","8":"product_cat-tilbehor-til-ipad","9":"product_cat-ukategorisert","10":"product_tag-beskyttelse","11":"product_tag-diverse","12":"woo-feed-brand-ontel-oem-diverse","14":"first","15":"instock","16":"taxable","17":"shipping-taxable","18":"purchasable","19":"product-type-simple"},"_links":{"self":[{"href":"https:\/\/ontel.no\/index.php\/wp-json\/wp\/v2\/product\/1303","targetHints":{"allow":["GET"]}}],"collection":[{"href":"https:\/\/ontel.no\/index.php\/wp-json\/wp\/v2\/product"}],"about":[{"href":"https:\/\/ontel.no\/index.php\/wp-json\/wp\/v2\/types\/product"}],"replies":[{"embeddable":true,"href":"https:\/\/ontel.no\/index.php\/wp-json\/wp\/v2\/comments?post=1303"}],"wp:featuredmedia":[{"embeddable":true,"href":"https:\/\/ontel.no\/index.php\/wp-json\/wp\/v2\/media\/1311"}],"wp:attachment":[{"href":"https:\/\/ontel.no\/index.php\/wp-json\/wp\/v2\/media?parent=1303"}],"wp:term":[{"taxonomy":"product_brand","embeddable":true,"href":"https:\/\/ontel.no\/index.php\/wp-json\/wp\/v2\/product_brand?post=1303"},{"taxonomy":"product_cat","embeddable":true,"href":"https:\/\/ontel.no\/index.php\/wp-json\/wp\/v2\/product_cat?post=1303"},{"taxonomy":"product_tag","embeddable":true,"href":"https:\/\/ontel.no\/index.php\/wp-json\/wp\/v2\/product_tag?post=1303"},{"taxonomy":"woo-feed-brand","embeddable":true,"href":"https:\/\/ontel.no\/index.php\/wp-json\/wp\/v2\/woo-feed-brand?post=1303"}],"curies":[{"name":"wp","href":"https:\/\/api.w.org\/{rel}","templated":true}]}}