{"id":1320,"date":"2024-01-27T11:32:34","date_gmt":"2024-01-27T10:32:34","guid":{"rendered":"https:\/\/new.ontel.no\/?post_type=product&#038;p=1320"},"modified":"2026-04-15T00:04:08","modified_gmt":"2026-04-14T22:04:08","slug":"skjermbeskyttelse-for-apple-ipad-pro-129-herdet-glass-9h-026mm-tykkelse","status":"publish","type":"product","link":"https:\/\/ontel.no\/index.php\/produkt\/skjermbeskyttelse-for-apple-ipad-pro-129-herdet-glass-9h-026mm-tykkelse\/","title":{"rendered":"Skjermbeskyttelse for Apple iPad PRO 12.9-toms (og st\u00f8rre) herdet glass 9H 0.26mm tykkelse"},"content":{"rendered":"","protected":false},"excerpt":{"rendered":"<p>For iPad PRO 12,9&#8243; 2018, 2019, 2020 og nyere. Herdet glassbeskyttelse. 9H hardhet (hindrer riper). Forskjellen p\u00e5 de to variantene er kantene som enten er avrundet eller rett. Begge har samme egenskaper og styrke p\u00e5 selve glasset, men fordelene med avrundet kant er flere. Mer behagelig og gj\u00f8r at kanten er mindre utsatt.<\/p>\n","protected":false},"featured_media":1323,"comment_status":"open","ping_status":"closed","template":"","meta":[],"product_brand":[],"product_cat":[288,104,27,605,225,16],"product_tag":[681],"woo-feed-brand":[185],"class_list":{"0":"post-1320","1":"product","2":"type-product","3":"status-publish","4":"has-post-thumbnail","6":"product_cat-288","7":"product_cat-apple-ipad","8":"product_cat-tablets","9":"product_cat-telefonbeskyttelse","10":"product_cat-tilbehor-til-ipad","11":"product_cat-ukategorisert","12":"product_tag-beskyttelse","13":"woo-feed-brand-ontel-oem-diverse","15":"first","16":"instock","17":"taxable","18":"shipping-taxable","19":"purchasable","20":"product-type-variable","21":"has-default-attributes"},"_links":{"self":[{"href":"https:\/\/ontel.no\/index.php\/wp-json\/wp\/v2\/product\/1320","targetHints":{"allow":["GET"]}}],"collection":[{"href":"https:\/\/ontel.no\/index.php\/wp-json\/wp\/v2\/product"}],"about":[{"href":"https:\/\/ontel.no\/index.php\/wp-json\/wp\/v2\/types\/product"}],"replies":[{"embeddable":true,"href":"https:\/\/ontel.no\/index.php\/wp-json\/wp\/v2\/comments?post=1320"}],"wp:featuredmedia":[{"embeddable":true,"href":"https:\/\/ontel.no\/index.php\/wp-json\/wp\/v2\/media\/1323"}],"wp:attachment":[{"href":"https:\/\/ontel.no\/index.php\/wp-json\/wp\/v2\/media?parent=1320"}],"wp:term":[{"taxonomy":"product_brand","embeddable":true,"href":"https:\/\/ontel.no\/index.php\/wp-json\/wp\/v2\/product_brand?post=1320"},{"taxonomy":"product_cat","embeddable":true,"href":"https:\/\/ontel.no\/index.php\/wp-json\/wp\/v2\/product_cat?post=1320"},{"taxonomy":"product_tag","embeddable":true,"href":"https:\/\/ontel.no\/index.php\/wp-json\/wp\/v2\/product_tag?post=1320"},{"taxonomy":"woo-feed-brand","embeddable":true,"href":"https:\/\/ontel.no\/index.php\/wp-json\/wp\/v2\/woo-feed-brand?post=1320"}],"curies":[{"name":"wp","href":"https:\/\/api.w.org\/{rel}","templated":true}]}}