{"id":1366,"date":"2024-01-27T19:18:04","date_gmt":"2024-01-27T18:18:04","guid":{"rendered":"https:\/\/new.ontel.no\/?post_type=product&#038;p=1366"},"modified":"2026-04-16T18:54:45","modified_gmt":"2026-04-16T16:54:45","slug":"apple-pencil","status":"publish","type":"product","link":"https:\/\/ontel.no\/index.php\/produkt\/apple-pencil\/","title":{"rendered":"Apple Pencil"},"content":{"rendered":"<p>Her er forskjeller p\u00e5 Pencil 2\/PRO og USB-C (i tillegg har PRO noen flere funksjoner enn 2: rull, klem, f\u00f8lbar respons og &laquo;hvor er&raquo;):<\/p>\n<p><a href=\"https:\/\/www.apple.com\/no\/apple-pencil\/#features\" target=\"_blank\" rel=\"noopener\">https:\/\/www.apple.com\/no\/apple-pencil\/#features<\/a><\/p>\n","protected":false},"excerpt":{"rendered":"<p>NB! Sjekk kompatibilitet f\u00f8r du bestiller (PRO er ikke kompatible med eldre eller nyere iPAD utenom PRO &#8211; alts\u00e5 heller ikke eldre PRO)! Pencil2 og USB-C Passer til iPader med USB-C som har flate kanter, men iPad 10. gen kan ikke bruke Pencil2, men kan bruke b\u00e5de USB-C og 1.gen, se ogs\u00e5 denne oversikten fra Apple: <a href=\"https:\/\/support.apple.com\/no-no\/guide\/ipad\/ipad47ee2e98\/ipados\" target=\"_blank\" rel=\"noopener\">https:\/\/support.apple.com\/no-no\/guide\/ipad\/ipad47ee2e98\/ipados<\/a>. Vi minner om at vi har billigere kompatible penner som ogs\u00e5 fungerer til f.eks. iPad10 (se alternativer lenger ned eller i samme kategori). Pencil 2 lader tr\u00e5dl\u00f8st n\u00e5r festet magnetisk til siden p\u00e5 iPad. Pencil USB-C lader med kabel. Pencil 2 har ogs\u00e5 f\u00f8lgende fordeler (som USB-C varianten IKKE har): Trykksensitivitet (tykkelsen p\u00e5 streken endres med trykk). Dobbelt-tapping for \u00e5 bytte verkt\u00f8y. Det er ogs\u00e5 en liten forskjell i lengde: Pencil USB-C er 15.5cm og Pencil 2 er 16.6cm lang. For \u00e5 koble de til iPad er det forskjellige fremgangsmetoder <a href=\"https:\/\/support.apple.com\/no-no\/108788\" target=\"_blank\" rel=\"noopener\">les her<\/a>. NB! Vi har ogs\u00e5 Apple Pencil 1 <a href=\"https:\/\/ontel.no\/index.php\/produkt\/apple-pencil-1\/\" target=\"_blank\" rel=\"noopener\">(se egen produktside)<\/a>. Se ogs\u00e5 <a href=\"https:\/\/ontel.no\/index.php\/produktkategori\/tablets\/tilbehor-til-ipad\/\" target=\"_blank\" rel=\"noopener\">andre kompatible penner som er billigere (og annet tilbeh\u00f8r til iPad)<\/a>.<\/p>\n","protected":false},"featured_media":13260,"comment_status":"open","ping_status":"closed","template":"","meta":[],"product_brand":[],"product_cat":[104,27,225,16],"product_tag":[],"woo-feed-brand":[184],"class_list":{"0":"post-1366","1":"product","2":"type-product","3":"status-publish","4":"has-post-thumbnail","6":"product_cat-apple-ipad","7":"product_cat-tablets","8":"product_cat-tilbehor-til-ipad","9":"product_cat-ukategorisert","10":"woo-feed-brand-apple","12":"first","13":"instock","14":"featured","15":"taxable","16":"shipping-taxable","17":"purchasable","18":"product-type-variable","19":"has-default-attributes"},"_links":{"self":[{"href":"https:\/\/ontel.no\/index.php\/wp-json\/wp\/v2\/product\/1366","targetHints":{"allow":["GET"]}}],"collection":[{"href":"https:\/\/ontel.no\/index.php\/wp-json\/wp\/v2\/product"}],"about":[{"href":"https:\/\/ontel.no\/index.php\/wp-json\/wp\/v2\/types\/product"}],"replies":[{"embeddable":true,"href":"https:\/\/ontel.no\/index.php\/wp-json\/wp\/v2\/comments?post=1366"}],"wp:featuredmedia":[{"embeddable":true,"href":"https:\/\/ontel.no\/index.php\/wp-json\/wp\/v2\/media\/13260"}],"wp:attachment":[{"href":"https:\/\/ontel.no\/index.php\/wp-json\/wp\/v2\/media?parent=1366"}],"wp:term":[{"taxonomy":"product_brand","embeddable":true,"href":"https:\/\/ontel.no\/index.php\/wp-json\/wp\/v2\/product_brand?post=1366"},{"taxonomy":"product_cat","embeddable":true,"href":"https:\/\/ontel.no\/index.php\/wp-json\/wp\/v2\/product_cat?post=1366"},{"taxonomy":"product_tag","embeddable":true,"href":"https:\/\/ontel.no\/index.php\/wp-json\/wp\/v2\/product_tag?post=1366"},{"taxonomy":"woo-feed-brand","embeddable":true,"href":"https:\/\/ontel.no\/index.php\/wp-json\/wp\/v2\/woo-feed-brand?post=1366"}],"curies":[{"name":"wp","href":"https:\/\/api.w.org\/{rel}","templated":true}]}}