{"id":1377,"date":"2024-01-28T17:35:04","date_gmt":"2024-01-28T16:35:04","guid":{"rendered":"https:\/\/new.ontel.no\/?post_type=product&#038;p=1377"},"modified":"2026-04-13T16:56:01","modified_gmt":"2026-04-13T14:56:01","slug":"deji-superkapasitet-batteri-til-iphone","status":"publish","type":"product","link":"https:\/\/ontel.no\/index.php\/produkt\/deji-superkapasitet-batteri-til-iphone\/","title":{"rendered":"DEJI superkapasitet batteri til iPhone"},"content":{"rendered":"<p>Forskjellige modeller:<\/p>\n<p>Superkapasitet batteri til iPhone 5: 2010mAh (Apple standardbatteri: 1440mAh).<\/p>\n<p>Superkapasitet batteri til iPhone 5S: 2010mAh (Apple standardbatteri: 1560mAh).<\/p>\n<p>Superkapasitet batteri til iPhone iPhone 6: Ny enda h\u00f8yere kapasitet! 2510mAh &#8211; Apple standardbatteri: 1810mAh.<\/p>\n<p>Superkapasitet batteri til iPhone iPhone 6S: 2300mAh &#8211; Apple standardbatteri: 1715mAh.<\/p>\n<p>Superkapasitet batteri til iPhone 6S-PLUS: 3680mAh (Apple standardbatteri: 2750mAh).<\/p>\n<p>Superkapasitet batteri til iPhone iPhone 7: 2300mAh (Apple standardbatteri: 1960mAh).<\/p>\n<p>Superkapasitet batteri til iPhone 7-PLUS: 3410mAh (Apple standardbatteri: 2900mAh).<\/p>\n<p>Superkapasitet batteri til iPhone 8: 2210mAh (Apple standardbatteri: 1821mAh).<\/p>\n<p>Superkapasitet batteri til iPhone 8-PLUS: 3400mAh (Apple standardbatteri: 2691mAh).<\/p>\n<p>Superkapasitet batteri til iPhone SE (1. gen &#8211; 2016): 2010mAh (Apple standardbatteri: 1624mAh).<\/p>\n<p>Superkapasitet batteri til iPhone X: 3210mAh (Apple standardbatteri: 2716mAh).<\/p>\n<p>Superkapasitet batteri til iPhone Xs: 3010mAh (Apple standardbatteri: 2658mAh).<\/p>\n<p>Superkapasitet batteri til iPhone Xs Max: 3710mAh (Apple standardbatteri: 3174mAh).<\/p>\n<p>Superkapasitet batteri til iPhone XR: 3510mAh (Apple standardbatteri: 2942mAh).<\/p>\n<p>Superkapasitet batteri til iPhone SE2: (2020) 2210mAh (Apple standardbatteri: 1821mAh).<\/p>\n<p>Superkapasitet batteri til iPhone 11: 3510mAh (Apple standardbatteri: 3110mAh).<\/p>\n<p>Superkapasitet batteri til iPhone 11 PRO: 3410mAh (Apple standardbatteri: 3046mAh).<\/p>\n<p>Superkapasitet batteri til iPhone 11 PRO MAX: 4510mAh (Apple standardbatteri: 3500mAh).<\/p>\n<p>Superkapasitet batteri til iPhone 12 mini: 2510mAh (Apple standardbatteri: 2227mAh).<\/p>\n<p>Superkapasitet batteri til iPhone 12\/12 PRO: 3310mAh (Apple standardbatteri: 2815mAh).<\/p>\n<p>Superkapasitet batteri til iPhone 12 PRO MAX: 4410mAh (Apple standardbatteri: 3687mAh).<\/p>\n<p>Superkapasitet batteri til iPhone 13 Mini: 2550mAh (Apple standardbatteri: 2438mAh).<\/p>\n<p>Superkapasitet batteri til iPhone 13: 3510mAh (Apple standardbatteri: 3227mAh).<\/p>\n<p>Superkapasitet batteri til iPhone 13 PRO: 3300mAh (Apple standardbatteri: 3095mAh).<\/p>\n","protected":false},"excerpt":{"rendered":"<p>Laget for iPhone. Holder vesentlig lengre mellom hver lading, og gir ogs\u00e5 \u00f8kt levetid da det krever f\u00e6rre ladesykluser i l\u00f8pet av et \u00e5r. NB! Kun for deg som er proff\/trygg p\u00e5 \u00e5pning av iPhone (p\u00e5 eget ansvar). <a class=\"content_link \" href=\"https:\/\/www.ifixit.com\/Device\/iPhone\" target=\"_blank\" ><span class=\"icon\"><i class=\"icon-lamp\" aria-hidden=\"true\"><\/i><\/span><span class=\"title\">Guide<\/span><\/a><\/p>\n<p>NB! Veldig mye for pengene her: du f\u00e5r ogs\u00e5 med vanntett forsegling (p\u00e5 de modellene der dette er vanlig) og batterifeste inkludert i prisen!<\/p>\n","protected":false},"featured_media":1385,"comment_status":"open","ping_status":"closed","template":"","meta":[],"product_brand":[],"product_cat":[99,16],"product_tag":[683],"woo-feed-brand":[199],"class_list":{"0":"post-1377","1":"product","2":"type-product","3":"status-publish","4":"has-post-thumbnail","6":"product_cat-phone-accessories","7":"product_cat-ukategorisert","8":"product_tag-diverse","9":"woo-feed-brand-deji","11":"first","12":"instock","13":"sale","14":"taxable","15":"shipping-taxable","16":"purchasable","17":"product-type-variable","18":"has-default-attributes"},"_links":{"self":[{"href":"https:\/\/ontel.no\/index.php\/wp-json\/wp\/v2\/product\/1377","targetHints":{"allow":["GET"]}}],"collection":[{"href":"https:\/\/ontel.no\/index.php\/wp-json\/wp\/v2\/product"}],"about":[{"href":"https:\/\/ontel.no\/index.php\/wp-json\/wp\/v2\/types\/product"}],"replies":[{"embeddable":true,"href":"https:\/\/ontel.no\/index.php\/wp-json\/wp\/v2\/comments?post=1377"}],"wp:featuredmedia":[{"embeddable":true,"href":"https:\/\/ontel.no\/index.php\/wp-json\/wp\/v2\/media\/1385"}],"wp:attachment":[{"href":"https:\/\/ontel.no\/index.php\/wp-json\/wp\/v2\/media?parent=1377"}],"wp:term":[{"taxonomy":"product_brand","embeddable":true,"href":"https:\/\/ontel.no\/index.php\/wp-json\/wp\/v2\/product_brand?post=1377"},{"taxonomy":"product_cat","embeddable":true,"href":"https:\/\/ontel.no\/index.php\/wp-json\/wp\/v2\/product_cat?post=1377"},{"taxonomy":"product_tag","embeddable":true,"href":"https:\/\/ontel.no\/index.php\/wp-json\/wp\/v2\/product_tag?post=1377"},{"taxonomy":"woo-feed-brand","embeddable":true,"href":"https:\/\/ontel.no\/index.php\/wp-json\/wp\/v2\/woo-feed-brand?post=1377"}],"curies":[{"name":"wp","href":"https:\/\/api.w.org\/{rel}","templated":true}]}}