{"id":1388,"date":"2024-01-28T20:13:16","date_gmt":"2024-01-28T19:13:16","guid":{"rendered":"https:\/\/new.ontel.no\/?post_type=product&#038;p=1388"},"modified":"2026-04-09T08:05:22","modified_gmt":"2026-04-09T06:05:22","slug":"pencil-stylus-pen-penn-til-apple-ipad-med-palm-rejection-kan-erstatte-apple-pencil-2-usb-c","status":"publish","type":"product","link":"https:\/\/ontel.no\/index.php\/produkt\/pencil-stylus-pen-penn-til-apple-ipad-med-palm-rejection-kan-erstatte-apple-pencil-2-usb-c\/","title":{"rendered":"Pencil (stylus pen) penn til Apple iPad med Palm Rejection. Kan erstatte Apple Pencil 2\/USB-C"},"content":{"rendered":"","protected":false},"excerpt":{"rendered":"<p>Pencil2\/USB-C Passer til iPader med USB-C som har flate kanter. Denne er kompatibel med de samme iPadene, men kan ogs\u00e5 benyttes p\u00e5 flere iPader som normalt bruker Pencil1. Sjekk liste over kompatible iPader (den vil ogs\u00e5 kunne v\u00e6re kompatibel med nyere modeller enn det som st\u00e5r p\u00e5 listen).<\/p>\n","protected":false},"featured_media":1392,"comment_status":"open","ping_status":"closed","template":"","meta":[],"product_brand":[],"product_cat":[291,104,250,27,225,16],"product_tag":[],"woo-feed-brand":[176],"class_list":{"0":"post-1388","1":"product","2":"type-product","3":"status-publish","4":"has-post-thumbnail","6":"product_cat-anbefalte","7":"product_cat-apple-ipad","8":"product_cat-kompatibel-med-pencil2","9":"product_cat-tablets","10":"product_cat-tilbehor-til-ipad","11":"product_cat-ukategorisert","12":"woo-feed-brand-walkers","14":"first","15":"instock","16":"taxable","17":"shipping-taxable","18":"purchasable","19":"product-type-simple"},"_links":{"self":[{"href":"https:\/\/ontel.no\/index.php\/wp-json\/wp\/v2\/product\/1388","targetHints":{"allow":["GET"]}}],"collection":[{"href":"https:\/\/ontel.no\/index.php\/wp-json\/wp\/v2\/product"}],"about":[{"href":"https:\/\/ontel.no\/index.php\/wp-json\/wp\/v2\/types\/product"}],"replies":[{"embeddable":true,"href":"https:\/\/ontel.no\/index.php\/wp-json\/wp\/v2\/comments?post=1388"}],"wp:featuredmedia":[{"embeddable":true,"href":"https:\/\/ontel.no\/index.php\/wp-json\/wp\/v2\/media\/1392"}],"wp:attachment":[{"href":"https:\/\/ontel.no\/index.php\/wp-json\/wp\/v2\/media?parent=1388"}],"wp:term":[{"taxonomy":"product_brand","embeddable":true,"href":"https:\/\/ontel.no\/index.php\/wp-json\/wp\/v2\/product_brand?post=1388"},{"taxonomy":"product_cat","embeddable":true,"href":"https:\/\/ontel.no\/index.php\/wp-json\/wp\/v2\/product_cat?post=1388"},{"taxonomy":"product_tag","embeddable":true,"href":"https:\/\/ontel.no\/index.php\/wp-json\/wp\/v2\/product_tag?post=1388"},{"taxonomy":"woo-feed-brand","embeddable":true,"href":"https:\/\/ontel.no\/index.php\/wp-json\/wp\/v2\/woo-feed-brand?post=1388"}],"curies":[{"name":"wp","href":"https:\/\/api.w.org\/{rel}","templated":true}]}}