{"id":1494,"date":"2024-02-01T10:05:16","date_gmt":"2024-02-01T09:05:16","guid":{"rendered":"https:\/\/new.ontel.no\/?post_type=product&#038;p=1494"},"modified":"2026-03-06T07:54:01","modified_gmt":"2026-03-06T06:54:01","slug":"smartdeksel-for-amazon-kindle-paperwhite1-2-3-nb-ikke-for-4-eller-nyere-6-skinnimitasjon-magnet-m-auto-sleep-wake","status":"publish","type":"product","link":"https:\/\/ontel.no\/index.php\/produkt\/smartdeksel-for-amazon-kindle-paperwhite1-2-3-nb-ikke-for-4-eller-nyere-6-skinnimitasjon-magnet-m-auto-sleep-wake\/","title":{"rendered":"Smartdeksel for Amazon Kindle Paperwhite1\/2\/3 NB! IKKE FOR 4 eller nyere! Skinnimitasjon, magnet m\/auto-sleep\/wake 6-toms"},"content":{"rendered":"<p>Lett smartdeksel i kunstig skinn, som gir god beskyttelse til skjermen.<br \/>\nPasser ikke til tidligere\/nyere generasjoner Kindle eller Kindle med 6&#8243; skjerm. Enkel tilgang til alle funksjoner og kontroller.<br \/>\nSlank, lett og hard deksel-design gir minimal tykkelse mens du beskytter ditt dyrebare lesebrett. Premium utvendig PU-l\u00e6r b\u00e5de foran og bak og mikrofiberinteri\u00f8r mot skjermen. Magnetisk lukking. Ingen rammer rundt skjermen muliggj\u00f8r uhindret bevegelse.<\/p>\n","protected":false},"excerpt":{"rendered":"<p>Magnet til l\u00e5s og auto-wake.<br \/>\nNettovekt. 112g.<br \/>\nCompatibility: Kindle PaperWhite 1\/2\/3<br \/>\nFits Equipment Size: 16.9cm x 11.7cm x 0.91cm<br \/>\nMaterial: PU<\/p>\n<p><div class=\"lazyload smush-lazyload-video smush-lazyload-youtube\" style=\"--smush-video-aspect-ratio: 420\/230\" data-bg-image=\"url(https:\/\/i.ytimg.com\/vi_webp\/LsjIfKSZroE\/maxresdefault.webp)\" ><iframe title=\"YouTube video player\" data-src=\"https:\/\/www.youtube.com\/embed\/LsjIfKSZroE?si=ptDJ6XKXB5hAIk75\" width=\"420\" height=\"230\" frameborder=\"0\" allowfullscreen=\"allowfullscreen\" src=\"data:image\/svg+xml;base64,PHN2ZyB3aWR0aD0iMSIgaGVpZ2h0PSIxIiB4bWxucz0iaHR0cDovL3d3dy53My5vcmcvMjAwMC9zdmciPjwvc3ZnPg==\"><\/iframe><span class=\"smush-play-btn\" role=\"button\" aria-label=\"Play video\">\r\n\t\t\t\t<span tabindex=\"0\" class=\"smush-play-btn-inner\">\r\n\t\t\t\t\t<span>Play<\/span>\r\n\t\t\t\t<\/span>\r\n\t\t\t<\/span><\/div><\/p>\n","protected":false},"featured_media":752,"comment_status":"open","ping_status":"closed","template":"","meta":[],"product_brand":[],"product_cat":[103,603,27,105,16],"product_tag":[139,136,137,135,138],"woo-feed-brand":[176],"class_list":{"0":"post-1494","1":"product","2":"type-product","3":"status-publish","4":"has-post-thumbnail","6":"product_cat-e-readers","7":"product_cat-lesebrettbeskyttelse","8":"product_cat-tablets","9":"product_cat-kindle-accessories","10":"product_cat-ukategorisert","11":"product_tag-amazon","12":"product_tag-e-bokleser","13":"product_tag-kindle","14":"product_tag-lesebrett","15":"product_tag-paperwhite","16":"woo-feed-brand-walkers","18":"first","19":"instock","20":"taxable","21":"shipping-taxable","22":"purchasable","23":"product-type-variable","24":"has-default-attributes"},"_links":{"self":[{"href":"https:\/\/ontel.no\/index.php\/wp-json\/wp\/v2\/product\/1494","targetHints":{"allow":["GET"]}}],"collection":[{"href":"https:\/\/ontel.no\/index.php\/wp-json\/wp\/v2\/product"}],"about":[{"href":"https:\/\/ontel.no\/index.php\/wp-json\/wp\/v2\/types\/product"}],"replies":[{"embeddable":true,"href":"https:\/\/ontel.no\/index.php\/wp-json\/wp\/v2\/comments?post=1494"}],"wp:featuredmedia":[{"embeddable":true,"href":"https:\/\/ontel.no\/index.php\/wp-json\/wp\/v2\/media\/752"}],"wp:attachment":[{"href":"https:\/\/ontel.no\/index.php\/wp-json\/wp\/v2\/media?parent=1494"}],"wp:term":[{"taxonomy":"product_brand","embeddable":true,"href":"https:\/\/ontel.no\/index.php\/wp-json\/wp\/v2\/product_brand?post=1494"},{"taxonomy":"product_cat","embeddable":true,"href":"https:\/\/ontel.no\/index.php\/wp-json\/wp\/v2\/product_cat?post=1494"},{"taxonomy":"product_tag","embeddable":true,"href":"https:\/\/ontel.no\/index.php\/wp-json\/wp\/v2\/product_tag?post=1494"},{"taxonomy":"woo-feed-brand","embeddable":true,"href":"https:\/\/ontel.no\/index.php\/wp-json\/wp\/v2\/woo-feed-brand?post=1494"}],"curies":[{"name":"wp","href":"https:\/\/api.w.org\/{rel}","templated":true}]}}