{"id":15821,"date":"2026-01-02T14:23:20","date_gmt":"2026-01-02T13:23:20","guid":{"rendered":"https:\/\/ontel.no\/?post_type=product&#038;p=15821"},"modified":"2026-04-13T16:47:24","modified_gmt":"2026-04-13T14:47:24","slug":"skjermbeskyttelse-herdet-glass-9h-quick-fit-second-film-apple-iphone","status":"publish","type":"product","link":"https:\/\/ontel.no\/index.php\/produkt\/skjermbeskyttelse-herdet-glass-9h-quick-fit-second-film-apple-iphone\/","title":{"rendered":"Skjermbeskyttelse herdet glass 9H QUICK FIT second film Apple iPhone"},"content":{"rendered":"","protected":false},"excerpt":{"rendered":"<p>Klart, gjennomsiktig, herdet glass med veldig enkel og sikker montering. Fjerner automatisk st\u00f8v n\u00e5r f\u00f8rste ytre film fjernes. QUICK FIT: enkel &laquo;automatisk&raquo; plassering\/montering (monteringsramme). 9H hardhet (hindrer riper).<\/p>\n","protected":false},"featured_media":15822,"comment_status":"open","ping_status":"closed","template":"","meta":[],"product_brand":[],"product_cat":[605,99,16],"product_tag":[681],"woo-feed-brand":[185],"class_list":{"0":"post-15821","1":"product","2":"type-product","3":"status-publish","4":"has-post-thumbnail","6":"product_cat-telefonbeskyttelse","7":"product_cat-phone-accessories","8":"product_cat-ukategorisert","9":"product_tag-beskyttelse","10":"woo-feed-brand-ontel-oem-diverse","12":"first","13":"instock","14":"taxable","15":"shipping-taxable","16":"purchasable","17":"product-type-variable"},"_links":{"self":[{"href":"https:\/\/ontel.no\/index.php\/wp-json\/wp\/v2\/product\/15821","targetHints":{"allow":["GET"]}}],"collection":[{"href":"https:\/\/ontel.no\/index.php\/wp-json\/wp\/v2\/product"}],"about":[{"href":"https:\/\/ontel.no\/index.php\/wp-json\/wp\/v2\/types\/product"}],"replies":[{"embeddable":true,"href":"https:\/\/ontel.no\/index.php\/wp-json\/wp\/v2\/comments?post=15821"}],"wp:featuredmedia":[{"embeddable":true,"href":"https:\/\/ontel.no\/index.php\/wp-json\/wp\/v2\/media\/15822"}],"wp:attachment":[{"href":"https:\/\/ontel.no\/index.php\/wp-json\/wp\/v2\/media?parent=15821"}],"wp:term":[{"taxonomy":"product_brand","embeddable":true,"href":"https:\/\/ontel.no\/index.php\/wp-json\/wp\/v2\/product_brand?post=15821"},{"taxonomy":"product_cat","embeddable":true,"href":"https:\/\/ontel.no\/index.php\/wp-json\/wp\/v2\/product_cat?post=15821"},{"taxonomy":"product_tag","embeddable":true,"href":"https:\/\/ontel.no\/index.php\/wp-json\/wp\/v2\/product_tag?post=15821"},{"taxonomy":"woo-feed-brand","embeddable":true,"href":"https:\/\/ontel.no\/index.php\/wp-json\/wp\/v2\/woo-feed-brand?post=15821"}],"curies":[{"name":"wp","href":"https:\/\/api.w.org\/{rel}","templated":true}]}}