{"id":16980,"date":"2026-01-23T12:15:41","date_gmt":"2026-01-23T11:15:41","guid":{"rendered":"https:\/\/ontel.no\/?post_type=product&#038;p=16980"},"modified":"2026-04-09T08:09:13","modified_gmt":"2026-04-09T06:09:13","slug":"tastatur-med-touch-pad-for-nettbrett-telefon-lett-brettbart-oppladbart","status":"publish","type":"product","link":"https:\/\/ontel.no\/index.php\/produkt\/tastatur-med-touch-pad-for-nettbrett-telefon-lett-brettbart-oppladbart\/","title":{"rendered":"Tastatur m\/touch-pad for nettbrett\/telefon lett\/brettbart\/oppladbart for iPad\/iPhone osv."},"content":{"rendered":"","protected":false},"excerpt":{"rendered":"<p>Dual Bluetooth (kan kobles til 2 enheter samtidig). Touchpad\/museknapp krever iOS13 eller nyere. Lett (188gram) og kompakt tastatur for iPad, android, telefoner osv. Lades med USB-C. 140mAh Li-ion batteri. Det f\u00f8lger med en kort USB-A til USB-C som kan benyttes til lading (krever lader\/USB-port i tillegg). Med norske tegn (\u00c6\u00d8\u00c5 osv.). Tastaturets sammenfoldede st\u00f8rrelse er bare 15.19 cm x 9.7 cm x 1.8 cm (utfoldet st\u00f8rrelse: 30.38 cm x 9.7 cm x 0.91 cm). Kan enkelt brettes sammen med magnet og det vil ikke \u00e5pne seg n\u00e5r du legger det i vesken og b\u00e6rer det rundt. Dvaletid: 10 minutter &#8211; vekkes igjen med tastetrykk.<\/p>\n","protected":false},"featured_media":16984,"comment_status":"open","ping_status":"closed","template":"","meta":[],"product_brand":[],"product_cat":[104,22,27,25,99,289,225,16],"product_tag":[139,136,137,135,138],"woo-feed-brand":[185],"class_list":{"0":"post-16980","1":"product","2":"type-product","3":"status-publish","4":"has-post-thumbnail","6":"product_cat-apple-ipad","7":"product_cat-computers","8":"product_cat-tablets","9":"product_cat-smartphones","10":"product_cat-phone-accessories","11":"product_cat-tilbehor-til-android-brett","12":"product_cat-tilbehor-til-ipad","13":"product_cat-ukategorisert","14":"product_tag-amazon","15":"product_tag-e-bokleser","16":"product_tag-kindle","17":"product_tag-lesebrett","18":"product_tag-paperwhite","19":"woo-feed-brand-ontel-oem-diverse","21":"first","22":"instock","23":"taxable","24":"shipping-taxable","25":"purchasable","26":"product-type-variable","27":"has-default-attributes"},"_links":{"self":[{"href":"https:\/\/ontel.no\/index.php\/wp-json\/wp\/v2\/product\/16980","targetHints":{"allow":["GET"]}}],"collection":[{"href":"https:\/\/ontel.no\/index.php\/wp-json\/wp\/v2\/product"}],"about":[{"href":"https:\/\/ontel.no\/index.php\/wp-json\/wp\/v2\/types\/product"}],"replies":[{"embeddable":true,"href":"https:\/\/ontel.no\/index.php\/wp-json\/wp\/v2\/comments?post=16980"}],"wp:featuredmedia":[{"embeddable":true,"href":"https:\/\/ontel.no\/index.php\/wp-json\/wp\/v2\/media\/16984"}],"wp:attachment":[{"href":"https:\/\/ontel.no\/index.php\/wp-json\/wp\/v2\/media?parent=16980"}],"wp:term":[{"taxonomy":"product_brand","embeddable":true,"href":"https:\/\/ontel.no\/index.php\/wp-json\/wp\/v2\/product_brand?post=16980"},{"taxonomy":"product_cat","embeddable":true,"href":"https:\/\/ontel.no\/index.php\/wp-json\/wp\/v2\/product_cat?post=16980"},{"taxonomy":"product_tag","embeddable":true,"href":"https:\/\/ontel.no\/index.php\/wp-json\/wp\/v2\/product_tag?post=16980"},{"taxonomy":"woo-feed-brand","embeddable":true,"href":"https:\/\/ontel.no\/index.php\/wp-json\/wp\/v2\/woo-feed-brand?post=16980"}],"curies":[{"name":"wp","href":"https:\/\/api.w.org\/{rel}","templated":true}]}}