{"id":1749,"date":"2024-02-13T14:20:19","date_gmt":"2024-02-13T13:20:19","guid":{"rendered":"https:\/\/ontel.no\/?post_type=product&#038;p=1749"},"modified":"2026-04-09T13:24:28","modified_gmt":"2026-04-09T11:24:28","slug":"apple-pencil-1","status":"publish","type":"product","link":"https:\/\/ontel.no\/index.php\/produkt\/apple-pencil-1\/","title":{"rendered":"Apple Pencil 1 (Lightning)"},"content":{"rendered":"","protected":false},"excerpt":{"rendered":"<p>Kompatibilitet: Kun for iPad med Lightning-kontakt som st\u00f8tter Apple Pencil. Passer til iPader som <strong>ikke<\/strong> har flate kanter. Pencil 1 lader n\u00e5r koblet til Lightning p\u00e5 iPad, eller med kabel\/overgang (alternativ). NB! Sjekk at iPaden din HAR st\u00f8tte for PENCIL (ikke st\u00f8ttet p\u00e5 de f\u00f8rste iPadene), og om din bruker Pencil 1 eller 2! https:\/\/support.apple.com\/no-no\/HT211029<br \/>\nMed Apple Pencil er det lett \u00e5 notere, tegne og skrive kommentarer p\u00e5 iPad med presisjon p\u00e5 pikselniv\u00e5 \u2013 og det f\u00f8les like naturlig som p\u00e5 papir. Ekstremt responsiv. Umerkelige forsinkelser. Tolv timers batteritid. 15 sekunder lading gir 30 minutter brukstid. Hvil h\u00e5nden p\u00e5 skjermen samtidig som du bruker Apple Pencil. Spesifikasjoner: Lengde: 176 mm, Diameter: 8,9 mm, Vekt: 21 gram<br \/>\nTilkoblinger: Bluetooth.<\/p>\n","protected":false},"featured_media":13438,"comment_status":"open","ping_status":"closed","template":"","meta":[],"product_brand":[],"product_cat":[104,27,225,16],"product_tag":[],"woo-feed-brand":[184],"class_list":{"0":"post-1749","1":"product","2":"type-product","3":"status-publish","4":"has-post-thumbnail","6":"product_cat-apple-ipad","7":"product_cat-tablets","8":"product_cat-tilbehor-til-ipad","9":"product_cat-ukategorisert","10":"woo-feed-brand-apple","12":"first","13":"instock","14":"taxable","15":"shipping-taxable","16":"purchasable","17":"product-type-variable","18":"has-default-attributes"},"_links":{"self":[{"href":"https:\/\/ontel.no\/index.php\/wp-json\/wp\/v2\/product\/1749","targetHints":{"allow":["GET"]}}],"collection":[{"href":"https:\/\/ontel.no\/index.php\/wp-json\/wp\/v2\/product"}],"about":[{"href":"https:\/\/ontel.no\/index.php\/wp-json\/wp\/v2\/types\/product"}],"replies":[{"embeddable":true,"href":"https:\/\/ontel.no\/index.php\/wp-json\/wp\/v2\/comments?post=1749"}],"wp:featuredmedia":[{"embeddable":true,"href":"https:\/\/ontel.no\/index.php\/wp-json\/wp\/v2\/media\/13438"}],"wp:attachment":[{"href":"https:\/\/ontel.no\/index.php\/wp-json\/wp\/v2\/media?parent=1749"}],"wp:term":[{"taxonomy":"product_brand","embeddable":true,"href":"https:\/\/ontel.no\/index.php\/wp-json\/wp\/v2\/product_brand?post=1749"},{"taxonomy":"product_cat","embeddable":true,"href":"https:\/\/ontel.no\/index.php\/wp-json\/wp\/v2\/product_cat?post=1749"},{"taxonomy":"product_tag","embeddable":true,"href":"https:\/\/ontel.no\/index.php\/wp-json\/wp\/v2\/product_tag?post=1749"},{"taxonomy":"woo-feed-brand","embeddable":true,"href":"https:\/\/ontel.no\/index.php\/wp-json\/wp\/v2\/woo-feed-brand?post=1749"}],"curies":[{"name":"wp","href":"https:\/\/api.w.org\/{rel}","templated":true}]}}