{"id":1777,"date":"2024-02-14T10:07:25","date_gmt":"2024-02-14T09:07:25","guid":{"rendered":"https:\/\/ontel.no\/?post_type=product&#038;p=1777"},"modified":"2026-04-20T11:20:54","modified_gmt":"2026-04-20T09:20:54","slug":"apple-iphone-13","status":"publish","type":"product","link":"https:\/\/ontel.no\/index.php\/produkt\/apple-iphone-13\/","title":{"rendered":"Apple iPhone 13"},"content":{"rendered":"<p>Prisen gjelder kun telefon. Legg til SIM-eject tool, ladekabel, USB-lader og beskyttelse (anbefales) dersom du trenger det.<\/p>\n<p><a href=\"https:\/\/ontel.no\/index.php\/2023\/11\/16\/nye-graderinger-f-o-m-2024\/\" target=\"_blank\" rel=\"noopener\">Les her om graderinger og batterikapasitet p\u00e5 brukte produkter (gradering A, B, C og D)<\/a>.<\/p>\n","protected":false},"excerpt":{"rendered":"<p>iPhone 13 har Lightning ladeport (ikke USB-C). Du m\u00e5 velge blant tilgjengelige alternativer (p\u00e5 lager) for \u00e5 f\u00e5 riktig pris og mulighet til \u00e5 legge til handlekurven. NB! Se lenger ned for aktuelt tilbeh\u00f8r (brukte iPhone kommer uten tilbeh\u00f8r). Alt virker p\u00e5 telefonen. Gradering er kun kosmetisk, <a href=\"https:\/\/ontel.no\/index.php\/2023\/11\/16\/nye-graderinger-f-o-m-2024\/\">les mer om dette (og batterikapasitet) her<\/a>. Reklamasjonsrett fra oss er samme som om du kj\u00f8per ny telefon (ogs\u00e5 n\u00e5r det gjelder batteri).<br \/>\n<div class=\"lazyload smush-lazyload-video smush-lazyload-youtube\" style=\"--smush-video-aspect-ratio: 420\/200\" data-bg-image=\"url(https:\/\/i.ytimg.com\/vi_webp\/kdepgkh4Ve4\/maxresdefault.webp)\" ><iframe title=\"YouTube video player\" data-src=\"https:\/\/www.youtube.com\/embed\/kdepgkh4Ve4?si=ptDJ6XKXB5hAIk75\" width=\"420\" height=\"200\" frameborder=\"0\" allowfullscreen=\"allowfullscreen\" src=\"data:image\/svg+xml;base64,PHN2ZyB3aWR0aD0iMSIgaGVpZ2h0PSIxIiB4bWxucz0iaHR0cDovL3d3dy53My5vcmcvMjAwMC9zdmciPjwvc3ZnPg==\"><\/iframe><span class=\"smush-play-btn\" role=\"button\" aria-label=\"Play video\">\r\n\t\t\t\t<span tabindex=\"0\" class=\"smush-play-btn-inner\">\r\n\t\t\t\t\t<span>Play<\/span>\r\n\t\t\t\t<\/span>\r\n\t\t\t<\/span><\/div><\/p>\n","protected":false},"featured_media":2278,"comment_status":"open","ping_status":"closed","template":"","meta":[],"product_brand":[],"product_cat":[96,98,25,16],"product_tag":[],"woo-feed-brand":[184],"class_list":{"0":"post-1777","1":"product","2":"type-product","3":"status-publish","4":"has-post-thumbnail","6":"product_cat-5g-phones","7":"product_cat-brukte-telefoner","8":"product_cat-smartphones","9":"product_cat-ukategorisert","10":"woo-feed-brand-apple","12":"first","13":"instock","14":"sale","15":"taxable","16":"shipping-taxable","17":"purchasable","18":"product-type-variable","19":"has-default-attributes"},"_links":{"self":[{"href":"https:\/\/ontel.no\/index.php\/wp-json\/wp\/v2\/product\/1777","targetHints":{"allow":["GET"]}}],"collection":[{"href":"https:\/\/ontel.no\/index.php\/wp-json\/wp\/v2\/product"}],"about":[{"href":"https:\/\/ontel.no\/index.php\/wp-json\/wp\/v2\/types\/product"}],"replies":[{"embeddable":true,"href":"https:\/\/ontel.no\/index.php\/wp-json\/wp\/v2\/comments?post=1777"}],"wp:featuredmedia":[{"embeddable":true,"href":"https:\/\/ontel.no\/index.php\/wp-json\/wp\/v2\/media\/2278"}],"wp:attachment":[{"href":"https:\/\/ontel.no\/index.php\/wp-json\/wp\/v2\/media?parent=1777"}],"wp:term":[{"taxonomy":"product_brand","embeddable":true,"href":"https:\/\/ontel.no\/index.php\/wp-json\/wp\/v2\/product_brand?post=1777"},{"taxonomy":"product_cat","embeddable":true,"href":"https:\/\/ontel.no\/index.php\/wp-json\/wp\/v2\/product_cat?post=1777"},{"taxonomy":"product_tag","embeddable":true,"href":"https:\/\/ontel.no\/index.php\/wp-json\/wp\/v2\/product_tag?post=1777"},{"taxonomy":"woo-feed-brand","embeddable":true,"href":"https:\/\/ontel.no\/index.php\/wp-json\/wp\/v2\/woo-feed-brand?post=1777"}],"curies":[{"name":"wp","href":"https:\/\/api.w.org\/{rel}","templated":true}]}}