{"id":17790,"date":"2026-02-03T13:16:41","date_gmt":"2026-02-03T12:16:41","guid":{"rendered":"https:\/\/ontel.no\/?post_type=product&#038;p=17790"},"modified":"2026-03-11T10:26:24","modified_gmt":"2026-03-11T09:26:24","slug":"apple-watch-series-11-gps-alu-46mm","status":"publish","type":"product","link":"https:\/\/ontel.no\/index.php\/produkt\/apple-watch-series-11-gps-alu-46mm\/","title":{"rendered":"Apple Watch Series 11 GPS Alu 46mm"},"content":{"rendered":"","protected":false},"excerpt":{"rendered":"<p>B\u00e5nd og USB-C ladekabel inkludert i esken (str\u00f8madapter m\u00e5 kj\u00f8pes separat). Du kan kj\u00f8pe andre varianter\/farger av b\u00e5nd (kan velges som tillegg f.eks. <a href=\"https:\/\/ontel.no\/index.php\/produkt\/sport-band-for-apple-watch-silicone\/\" target=\"_blank\" rel=\"noopener\">Sport Band<\/a>, <a href=\"https:\/\/ontel.no\/index.php\/produkt\/sport-band-for-apple-watch-silikon-2-farget-luftehull\/\" target=\"_blank\" rel=\"noopener\">Aktiv Sport Band<\/a> osv., se flere under tilbeh\u00f8r lenger ned), evt. annen lader\/ladekabel (<a href=\"https:\/\/ontel.no\/index.php\/produkt\/apple-watch-magnetisk-ladekabel-1m\/\" target=\"_blank\" rel=\"noopener\">kan ogs\u00e5 velges her<\/a>, og flere under tilbeh\u00f8r). Vi har ogs\u00e5 USB-ladere og annet tilbeh\u00f8r.<\/p>\n","protected":false},"featured_media":17793,"comment_status":"open","ping_status":"closed","template":"","meta":[],"product_brand":[],"product_cat":[101,26,16],"product_tag":[],"woo-feed-brand":[184],"class_list":{"0":"post-17790","1":"product","2":"type-product","3":"status-publish","4":"has-post-thumbnail","6":"product_cat-apple-watch","7":"product_cat-smartwatches","8":"product_cat-ukategorisert","9":"woo-feed-brand-apple","11":"first","12":"outofstock","13":"featured","14":"taxable","15":"shipping-taxable","16":"product-type-variable","17":"has-default-attributes"},"_links":{"self":[{"href":"https:\/\/ontel.no\/index.php\/wp-json\/wp\/v2\/product\/17790","targetHints":{"allow":["GET"]}}],"collection":[{"href":"https:\/\/ontel.no\/index.php\/wp-json\/wp\/v2\/product"}],"about":[{"href":"https:\/\/ontel.no\/index.php\/wp-json\/wp\/v2\/types\/product"}],"replies":[{"embeddable":true,"href":"https:\/\/ontel.no\/index.php\/wp-json\/wp\/v2\/comments?post=17790"}],"wp:featuredmedia":[{"embeddable":true,"href":"https:\/\/ontel.no\/index.php\/wp-json\/wp\/v2\/media\/17793"}],"wp:attachment":[{"href":"https:\/\/ontel.no\/index.php\/wp-json\/wp\/v2\/media?parent=17790"}],"wp:term":[{"taxonomy":"product_brand","embeddable":true,"href":"https:\/\/ontel.no\/index.php\/wp-json\/wp\/v2\/product_brand?post=17790"},{"taxonomy":"product_cat","embeddable":true,"href":"https:\/\/ontel.no\/index.php\/wp-json\/wp\/v2\/product_cat?post=17790"},{"taxonomy":"product_tag","embeddable":true,"href":"https:\/\/ontel.no\/index.php\/wp-json\/wp\/v2\/product_tag?post=17790"},{"taxonomy":"woo-feed-brand","embeddable":true,"href":"https:\/\/ontel.no\/index.php\/wp-json\/wp\/v2\/woo-feed-brand?post=17790"}],"curies":[{"name":"wp","href":"https:\/\/api.w.org\/{rel}","templated":true}]}}