{"id":17931,"date":"2026-02-04T07:54:15","date_gmt":"2026-02-04T06:54:15","guid":{"rendered":"https:\/\/ontel.no\/?post_type=product&#038;p=17931"},"modified":"2026-04-18T13:35:17","modified_gmt":"2026-04-18T11:35:17","slug":"apple-iphone-16-pro-max-dual-esim","status":"publish","type":"product","link":"https:\/\/ontel.no\/index.php\/produkt\/apple-iphone-16-pro-max-dual-esim\/","title":{"rendered":"Apple iPhone 16 PRO MAX dual eSIM*"},"content":{"rendered":"<p>Prisen gjelder kun telefon. Legg til, ladekabel, USB-lader og beskyttelse (anbefales) dersom du trenger det.<\/p>\n<p><a href=\"https:\/\/ontel.no\/index.php\/2023\/11\/16\/nye-graderinger-f-o-m-2024\/\" target=\"_blank\" rel=\"noopener\">Les her om graderinger og batterikapasitet p\u00e5 brukte produkter (gradering A, B, C og D)<\/a>.<\/p>\n<p>&nbsp;<\/p>\n<p>Modellene som er p\u00e5 lager for \u00f8yeblikket er A3084. Ingen frekvenser mangler, s\u00e5 ingen forskjell i bruk\/funksjon.<br \/>\nNB! Apple har ikke forskjellig firmware for forskjellige regioner (slik som Samsung har) s\u00e5 ingen forskjeller ellers bortsett fra at det er dual eSIM og ikke Fysisk SIM.<br \/>\nHer er en sammenligning av denne modellen &#8211; A3084 (USA) og A3296 som oftest selges i Europa. A3084 st\u00f8tter alle frekvensene som A3296, s\u00e5 det er ingen forskjell p\u00e5 bruk i Europa og ingen manglende frekvensb\u00e5nd i andre verdensdeler heller.<\/p>\n<p>A3084 &#8211; 4G bands:<br \/>\n1, 2, 3, 4, 5, 7, 8, 12, 13, 14, 17, 18, 19, 20, 25, 26, 28, 29, 30, 32, 34, 38, 39, 40, 41, 42, 48, 53, 66, 71 &#8211; A3084<br \/>\nA3296 (International) 4G bands:<br \/>\n1, 2, 3, 4, 5, 7, 8, 12, 13, 17, 18, 19, 20, 25, 26, 28, 30, 32, 34, 38, 39, 40, 41, 42, 48, 53, 66 &#8211; A3296<br \/>\nA3084 (USA) 5G bands:<br \/>\n1, 2, 3, 5, 7, 8, 12, 14, 20, 25, 26, 28, 29, 30, 38, 40, 41, 48, 53, 66, 70, 71, 75, 76, 77, 78, 79, 258, 260, 261 SA\/NSA\/Sub6\/mmWave &#8211; A3084<br \/>\nA3296 (International) 4G bands:<br \/>\n1, 2, 3, 5, 7, 8, 12, 20, 25, 26, 28, 30, 38, 40, 41, 48, 53, 66, 70, 75, 76, 77, 78, 79 SA\/NSA\/Sub6 &#8211; A3296<br \/>\nKilde:<br \/>\n<a href=\"https:\/\/www.gsmarena.com\/apple_iphone_16_pro_max-13123.php\" target=\"_blank\" rel=\"noopener\">https:\/\/www.gsmarena.com\/apple_iphone_16_pro_max-13123.php<\/a><\/p>\n<p>Tekniske spesifikasjoner &#8211; Apple sin side: <a href=\"https:\/\/support.apple.com\/en-us\/121032\" target=\"_blank\" rel=\"noopener\">https:\/\/support.apple.com\/en-us\/121032<\/a><\/p>\n<p>&nbsp;<\/p>\n","protected":false},"excerpt":{"rendered":"<p>*mulighet for 1 eller 2 eSIM (IKKE fysisk SIM)! 100% original Apple. Se mer info\/spesifikasjoner lenger ned p\u00e5 siden. Vi har angrerett dersom du ikke er forn\u00f8yd (pengene tilbake), og vi har garanti ogs\u00e5 p\u00e5 batteri! NB! Se lenger ned for aktuelt tilbeh\u00f8r (brukte iPhone kommer uten tilbeh\u00f8r &#8211; husk ladekabel, lader og beskyttelse. Alt virker p\u00e5 telefonen. Gradering er kun kosmetisk, <a href=\"https:\/\/ontel.no\/index.php\/2023\/11\/16\/nye-graderinger-f-o-m-2024\/\" target=\"_blank\" rel=\"noopener\">les mer om dette (og batterikapasitet) her<\/a>. Du m\u00e5 velge blant tilgjengelige alternativer (p\u00e5 lager) for \u00e5 f\u00e5 riktig pris og mulighet til \u00e5 legge til handlekurven. Se <a href=\"https:\/\/support.apple.com\/en-us\/121031\" target=\"_blank\" rel=\"noopener\">alle spesifikasjoner og detaljer p\u00e5 Apple sin hjemmeside (klikk her)<\/a>.<\/p>\n","protected":false},"featured_media":17937,"comment_status":"open","ping_status":"closed","template":"","meta":[],"product_brand":[],"product_cat":[96,98,25,16],"product_tag":[],"woo-feed-brand":[184],"class_list":{"0":"post-17931","1":"product","2":"type-product","3":"status-publish","4":"has-post-thumbnail","6":"product_cat-5g-phones","7":"product_cat-brukte-telefoner","8":"product_cat-smartphones","9":"product_cat-ukategorisert","10":"woo-feed-brand-apple","12":"first","13":"outofstock","14":"taxable","15":"shipping-taxable","16":"product-type-variable","17":"has-default-attributes"},"_links":{"self":[{"href":"https:\/\/ontel.no\/index.php\/wp-json\/wp\/v2\/product\/17931","targetHints":{"allow":["GET"]}}],"collection":[{"href":"https:\/\/ontel.no\/index.php\/wp-json\/wp\/v2\/product"}],"about":[{"href":"https:\/\/ontel.no\/index.php\/wp-json\/wp\/v2\/types\/product"}],"replies":[{"embeddable":true,"href":"https:\/\/ontel.no\/index.php\/wp-json\/wp\/v2\/comments?post=17931"}],"wp:featuredmedia":[{"embeddable":true,"href":"https:\/\/ontel.no\/index.php\/wp-json\/wp\/v2\/media\/17937"}],"wp:attachment":[{"href":"https:\/\/ontel.no\/index.php\/wp-json\/wp\/v2\/media?parent=17931"}],"wp:term":[{"taxonomy":"product_brand","embeddable":true,"href":"https:\/\/ontel.no\/index.php\/wp-json\/wp\/v2\/product_brand?post=17931"},{"taxonomy":"product_cat","embeddable":true,"href":"https:\/\/ontel.no\/index.php\/wp-json\/wp\/v2\/product_cat?post=17931"},{"taxonomy":"product_tag","embeddable":true,"href":"https:\/\/ontel.no\/index.php\/wp-json\/wp\/v2\/product_tag?post=17931"},{"taxonomy":"woo-feed-brand","embeddable":true,"href":"https:\/\/ontel.no\/index.php\/wp-json\/wp\/v2\/woo-feed-brand?post=17931"}],"curies":[{"name":"wp","href":"https:\/\/api.w.org\/{rel}","templated":true}]}}