{"id":19009,"date":"2026-02-18T07:16:10","date_gmt":"2026-02-18T06:16:10","guid":{"rendered":"https:\/\/ontel.no\/?post_type=product&#038;p=19009"},"modified":"2026-04-13T16:55:24","modified_gmt":"2026-04-13T14:55:24","slug":"verktoy-kit-for-apning-av-iphone-etc-7-deler-2-skrutrekkere-og-5-apneverktoy","status":"publish","type":"product","link":"https:\/\/ontel.no\/index.php\/produkt\/verktoy-kit-for-apning-av-iphone-etc-7-deler-2-skrutrekkere-og-5-apneverktoy\/","title":{"rendered":"Verkt\u00f8y-KIT for \u00e5pning av iPhone etc. 7 deler (2 skrutrekkere og 5 \u00e5pneverkt\u00f8y)"},"content":{"rendered":"","protected":false},"excerpt":{"rendered":"<p>2 skrutrekkere\u00a0 \u00a0+ \/ * (NB! IKKE Y som p\u00e5 nyere iPhone), Bl.a. til iPhone &#8211; mangler Y (tristar) til nyere. Sugekopp og 4 verkt\u00f8y for \u00e5pning. Inkludert vanntett pose 14&#215;9 cm.<\/p>\n","protected":false},"featured_media":19103,"comment_status":"open","ping_status":"closed","template":"","meta":[],"product_brand":[],"product_cat":[99,225,16],"product_tag":[683],"woo-feed-brand":[185],"class_list":{"0":"post-19009","1":"product","2":"type-product","3":"status-publish","4":"has-post-thumbnail","6":"product_cat-phone-accessories","7":"product_cat-tilbehor-til-ipad","8":"product_cat-ukategorisert","9":"product_tag-diverse","10":"woo-feed-brand-ontel-oem-diverse","12":"first","13":"instock","14":"taxable","15":"shipping-taxable","16":"purchasable","17":"product-type-simple"},"_links":{"self":[{"href":"https:\/\/ontel.no\/index.php\/wp-json\/wp\/v2\/product\/19009","targetHints":{"allow":["GET"]}}],"collection":[{"href":"https:\/\/ontel.no\/index.php\/wp-json\/wp\/v2\/product"}],"about":[{"href":"https:\/\/ontel.no\/index.php\/wp-json\/wp\/v2\/types\/product"}],"replies":[{"embeddable":true,"href":"https:\/\/ontel.no\/index.php\/wp-json\/wp\/v2\/comments?post=19009"}],"wp:featuredmedia":[{"embeddable":true,"href":"https:\/\/ontel.no\/index.php\/wp-json\/wp\/v2\/media\/19103"}],"wp:attachment":[{"href":"https:\/\/ontel.no\/index.php\/wp-json\/wp\/v2\/media?parent=19009"}],"wp:term":[{"taxonomy":"product_brand","embeddable":true,"href":"https:\/\/ontel.no\/index.php\/wp-json\/wp\/v2\/product_brand?post=19009"},{"taxonomy":"product_cat","embeddable":true,"href":"https:\/\/ontel.no\/index.php\/wp-json\/wp\/v2\/product_cat?post=19009"},{"taxonomy":"product_tag","embeddable":true,"href":"https:\/\/ontel.no\/index.php\/wp-json\/wp\/v2\/product_tag?post=19009"},{"taxonomy":"woo-feed-brand","embeddable":true,"href":"https:\/\/ontel.no\/index.php\/wp-json\/wp\/v2\/woo-feed-brand?post=19009"}],"curies":[{"name":"wp","href":"https:\/\/api.w.org\/{rel}","templated":true}]}}