{"id":1937,"date":"2024-02-20T09:23:42","date_gmt":"2024-02-20T08:23:42","guid":{"rendered":"https:\/\/ontel.no\/?post_type=product&#038;p=1937"},"modified":"2026-04-13T16:59:50","modified_gmt":"2026-04-13T14:59:50","slug":"omslag-for-apple-ipad-102-moko-premium-stand-case-med-plass-til-pencil-sort-farge","status":"publish","type":"product","link":"https:\/\/ontel.no\/index.php\/produkt\/omslag-for-apple-ipad-102-moko-premium-stand-case-med-plass-til-pencil-sort-farge\/","title":{"rendered":"Omslag for Apple iPad9 MoKo Premium stand Case med plass til PENCIL sort farge 10.2-toms"},"content":{"rendered":"<p>Man kan brette fronten bakover slik at den st\u00e5r av seg selv, eller brett bakover for \u00e5 holde i h\u00e5nden som en bok. Vekt: 287gram. Designet spesielt for Apple iPad 9 (10.2&#8243;). \u00a0Passer til 2021-modellen og de foreg\u00e5ende modellene med samme st\u00f8rrelse (2020 og 2019).Enkel tilgang til alle funksjoner og kontroller. Lett og hard folio-deksel-design gir god beskyttelse ditt dyrebare nettbrett. Premium utvendig PU-l\u00e6r b\u00e5de foran og bak og mikrofiberinteri\u00f8r mot skjermen. Magnetisk lukking. Ingen rammer rundt skjermen muliggj\u00f8r uhindret bevegelse.<\/p>\n<p><div class=\"lazyload smush-lazyload-video smush-lazyload-youtube\" style=\"--smush-video-aspect-ratio: 1220\/686\" data-bg-image=\"url(https:\/\/ontel.no\/wp-admin\/admin-ajax.php?action=smush_video_thumbnail&#038;url=https%3A%2F%2Fwww.youtube.com%2Fembed%2FeG_WoEBGEE8%3Ffeature%3Doembed&#038;video_width=1220&#038;video_height=686)\" ><iframe title=\"moko ipad case\" width=\"1220\" height=\"686\" data-src=\"https:\/\/www.youtube.com\/embed\/eG_WoEBGEE8?feature=oembed\" frameborder=\"0\" allow=\"accelerometer; autoplay; clipboard-write; encrypted-media; gyroscope; picture-in-picture; web-share\" referrerpolicy=\"strict-origin-when-cross-origin\" allowfullscreen src=\"data:image\/svg+xml;base64,PHN2ZyB3aWR0aD0iMSIgaGVpZ2h0PSIxIiB4bWxucz0iaHR0cDovL3d3dy53My5vcmcvMjAwMC9zdmciPjwvc3ZnPg==\"><\/iframe><span class=\"smush-play-btn\" role=\"button\" aria-label=\"Play video\">\r\n\t\t\t\t<span tabindex=\"0\" class=\"smush-play-btn-inner\">\r\n\t\t\t\t\t<span>Play<\/span>\r\n\t\t\t\t<\/span>\r\n\t\t\t<\/span><\/div><\/p>\n","protected":false},"excerpt":{"rendered":"<p>Solid og fleksibel beskyttelse fra Walkers for Apple iPad 9 (10.2&#8243;). Fronten kan i tillegg til \u00e5 \u00e5pnes som en bok og b\u00f8yes bak, ogs\u00e5 brettes p\u00e5 forskjellige m\u00e5ter for \u00e5 fungere som et stativ, og har auto-sleep\/wake.<\/p>\n<p><div class=\"lazyload smush-lazyload-video smush-lazyload-youtube\" style=\"--smush-video-aspect-ratio: 420\/230\" data-bg-image=\"url(https:\/\/ontel.no\/wp-admin\/admin-ajax.php?action=smush_video_thumbnail&#038;url=https%3A%2F%2Fwww.youtube.com%2Fembed%2FulNFcIZ9A9Q%3Fsi%3DptDJ6XKXB5hAIk75&#038;video_width=420&#038;video_height=230)\" ><iframe title=\"YouTube video player\" data-src=\"https:\/\/www.youtube.com\/embed\/ulNFcIZ9A9Q?si=ptDJ6XKXB5hAIk75\" width=\"420\" height=\"230\" frameborder=\"0\" allowfullscreen=\"allowfullscreen\" src=\"data:image\/svg+xml;base64,PHN2ZyB3aWR0aD0iMSIgaGVpZ2h0PSIxIiB4bWxucz0iaHR0cDovL3d3dy53My5vcmcvMjAwMC9zdmciPjwvc3ZnPg==\"><\/iframe><span class=\"smush-play-btn\" role=\"button\" aria-label=\"Play video\">\r\n\t\t\t\t<span tabindex=\"0\" class=\"smush-play-btn-inner\">\r\n\t\t\t\t\t<span>Play<\/span>\r\n\t\t\t\t<\/span>\r\n\t\t\t<\/span><\/div><\/p>\n","protected":false},"featured_media":1942,"comment_status":"open","ping_status":"closed","template":"","meta":[],"product_brand":[],"product_cat":[27,604,225,16],"product_tag":[681],"woo-feed-brand":[202],"class_list":{"0":"post-1937","1":"product","2":"type-product","3":"status-publish","4":"has-post-thumbnail","6":"product_cat-tablets","7":"product_cat-nettbrettbeskyttelse","8":"product_cat-tilbehor-til-ipad","9":"product_cat-ukategorisert","10":"product_tag-beskyttelse","11":"woo-feed-brand-moko","13":"first","14":"instock","15":"taxable","16":"shipping-taxable","17":"purchasable","18":"product-type-simple"},"_links":{"self":[{"href":"https:\/\/ontel.no\/index.php\/wp-json\/wp\/v2\/product\/1937","targetHints":{"allow":["GET"]}}],"collection":[{"href":"https:\/\/ontel.no\/index.php\/wp-json\/wp\/v2\/product"}],"about":[{"href":"https:\/\/ontel.no\/index.php\/wp-json\/wp\/v2\/types\/product"}],"replies":[{"embeddable":true,"href":"https:\/\/ontel.no\/index.php\/wp-json\/wp\/v2\/comments?post=1937"}],"wp:featuredmedia":[{"embeddable":true,"href":"https:\/\/ontel.no\/index.php\/wp-json\/wp\/v2\/media\/1942"}],"wp:attachment":[{"href":"https:\/\/ontel.no\/index.php\/wp-json\/wp\/v2\/media?parent=1937"}],"wp:term":[{"taxonomy":"product_brand","embeddable":true,"href":"https:\/\/ontel.no\/index.php\/wp-json\/wp\/v2\/product_brand?post=1937"},{"taxonomy":"product_cat","embeddable":true,"href":"https:\/\/ontel.no\/index.php\/wp-json\/wp\/v2\/product_cat?post=1937"},{"taxonomy":"product_tag","embeddable":true,"href":"https:\/\/ontel.no\/index.php\/wp-json\/wp\/v2\/product_tag?post=1937"},{"taxonomy":"woo-feed-brand","embeddable":true,"href":"https:\/\/ontel.no\/index.php\/wp-json\/wp\/v2\/woo-feed-brand?post=1937"}],"curies":[{"name":"wp","href":"https:\/\/api.w.org\/{rel}","templated":true}]}}