{"id":1956,"date":"2024-02-20T11:07:25","date_gmt":"2024-02-20T10:07:25","guid":{"rendered":"https:\/\/ontel.no\/?post_type=product&#038;p=1956"},"modified":"2026-04-09T08:07:59","modified_gmt":"2026-04-09T06:07:59","slug":"blink-add-on-sync-module-2-for-video-doorbell","status":"publish","type":"product","link":"https:\/\/ontel.no\/index.php\/produkt\/blink-add-on-sync-module-2-for-video-doorbell\/","title":{"rendered":"BLINK Add-On Sync Module 2 for Video Doorbell"},"content":{"rendered":"","protected":false},"excerpt":{"rendered":"<p>NB! Disse finnes i forskjellige utgaver for forskjellige regioner, s\u00e5 hvis du IKKE har kj\u00f8pt\u00a0 selve ringeklokken hos oss, ta kontakt f\u00f8rst for \u00e5 sjekke kompatibilitet da det sannsynligvis IKKE vil fungere. Men har du kj\u00f8pt alt hos oss passer det sammen! Det f\u00f8lger med str\u00f8madapter med overgang (US-EU plugg). Man kan enten lagre bevegelsesopptak til skyen (30 dager gratis pr\u00f8ve) eller direkte lokalt via egen USB-A lagringsenhet som er ikke inkludert (muliggj\u00f8r lagring til USB uten \u00e5 betale abonnement). Krever ogs\u00e5 USB lagringsenhet (opp til 256GB). NB! vi selger minne-sticks som kan brukes (se under tilbeh\u00f8r)!<\/p>\n","protected":false},"featured_media":1961,"comment_status":"open","ping_status":"closed","template":"","meta":[],"product_brand":[],"product_cat":[30,108,260,16,278],"product_tag":[],"woo-feed-brand":[175],"class_list":{"0":"post-1956","1":"product","2":"type-product","3":"status-publish","4":"has-post-thumbnail","6":"product_cat-tv-audio","7":"product_cat-smart-hjem","8":"product_cat-smartringeklokker","9":"product_cat-ukategorisert","10":"product_cat-us-plugg","11":"woo-feed-brand-amazon","13":"first","14":"instock","15":"taxable","16":"shipping-taxable","17":"purchasable","18":"product-type-simple"},"_links":{"self":[{"href":"https:\/\/ontel.no\/index.php\/wp-json\/wp\/v2\/product\/1956","targetHints":{"allow":["GET"]}}],"collection":[{"href":"https:\/\/ontel.no\/index.php\/wp-json\/wp\/v2\/product"}],"about":[{"href":"https:\/\/ontel.no\/index.php\/wp-json\/wp\/v2\/types\/product"}],"replies":[{"embeddable":true,"href":"https:\/\/ontel.no\/index.php\/wp-json\/wp\/v2\/comments?post=1956"}],"wp:featuredmedia":[{"embeddable":true,"href":"https:\/\/ontel.no\/index.php\/wp-json\/wp\/v2\/media\/1961"}],"wp:attachment":[{"href":"https:\/\/ontel.no\/index.php\/wp-json\/wp\/v2\/media?parent=1956"}],"wp:term":[{"taxonomy":"product_brand","embeddable":true,"href":"https:\/\/ontel.no\/index.php\/wp-json\/wp\/v2\/product_brand?post=1956"},{"taxonomy":"product_cat","embeddable":true,"href":"https:\/\/ontel.no\/index.php\/wp-json\/wp\/v2\/product_cat?post=1956"},{"taxonomy":"product_tag","embeddable":true,"href":"https:\/\/ontel.no\/index.php\/wp-json\/wp\/v2\/product_tag?post=1956"},{"taxonomy":"woo-feed-brand","embeddable":true,"href":"https:\/\/ontel.no\/index.php\/wp-json\/wp\/v2\/woo-feed-brand?post=1956"}],"curies":[{"name":"wp","href":"https:\/\/api.w.org\/{rel}","templated":true}]}}