{"id":1968,"date":"2024-02-20T11:48:28","date_gmt":"2024-02-20T10:48:28","guid":{"rendered":"https:\/\/ontel.no\/?post_type=product&#038;p=1968"},"modified":"2026-04-09T08:17:29","modified_gmt":"2026-04-09T06:17:29","slug":"samsung-galaxy-watch3-brukt-sm-r840-45mm-gradering-c-mystic-black-rustfritt-stal","status":"publish","type":"product","link":"https:\/\/ontel.no\/index.php\/produkt\/samsung-galaxy-watch3-brukt-sm-r840-45mm-gradering-c-mystic-black-rustfritt-stal\/","title":{"rendered":"Samsung Galaxy Watch3 BRUKT SM-R840 45mm (gradering B) Mystic Black (rustfritt st\u00e5l)"},"content":{"rendered":"","protected":false},"excerpt":{"rendered":"<p>Samsung Galaxy Watch 3 og har den samme roterende bezel som den originale Galaxy Watch og kommer med en rekke nye trenings- og helsefunksjoner. Galaxy Watch 3 kan blant annet m\u00e5le oksygenopptak og oksygenniv\u00e5 i blodet og kommer ogs\u00e5 med elektronisk pulsm\u00e5ling for EKG m\u00e5ling av puls og hjerterytme. Operativsystem: Tizen OS, Funksjoner: Barometer, Innebygd pulsm\u00e5ler, Innebygd h\u00f8yttaler, Innebygget tr\u00e5dl\u00f8s lading, Vibrasjonsvarsel., Innebygd mikrofon, Gyroskop\/Accelerometer&#8230;<\/p>\n","protected":false},"featured_media":1971,"comment_status":"open","ping_status":"closed","template":"","meta":[],"product_brand":[],"product_cat":[291,100,26,16],"product_tag":[],"woo-feed-brand":[180],"class_list":{"0":"post-1968","1":"product","2":"type-product","3":"status-publish","4":"has-post-thumbnail","6":"product_cat-anbefalte","7":"product_cat-android-klokker","8":"product_cat-smartwatches","9":"product_cat-ukategorisert","10":"woo-feed-brand-samsung","12":"first","13":"instock","14":"sale","15":"taxable","16":"shipping-taxable","17":"purchasable","18":"product-type-simple"},"_links":{"self":[{"href":"https:\/\/ontel.no\/index.php\/wp-json\/wp\/v2\/product\/1968","targetHints":{"allow":["GET"]}}],"collection":[{"href":"https:\/\/ontel.no\/index.php\/wp-json\/wp\/v2\/product"}],"about":[{"href":"https:\/\/ontel.no\/index.php\/wp-json\/wp\/v2\/types\/product"}],"replies":[{"embeddable":true,"href":"https:\/\/ontel.no\/index.php\/wp-json\/wp\/v2\/comments?post=1968"}],"wp:featuredmedia":[{"embeddable":true,"href":"https:\/\/ontel.no\/index.php\/wp-json\/wp\/v2\/media\/1971"}],"wp:attachment":[{"href":"https:\/\/ontel.no\/index.php\/wp-json\/wp\/v2\/media?parent=1968"}],"wp:term":[{"taxonomy":"product_brand","embeddable":true,"href":"https:\/\/ontel.no\/index.php\/wp-json\/wp\/v2\/product_brand?post=1968"},{"taxonomy":"product_cat","embeddable":true,"href":"https:\/\/ontel.no\/index.php\/wp-json\/wp\/v2\/product_cat?post=1968"},{"taxonomy":"product_tag","embeddable":true,"href":"https:\/\/ontel.no\/index.php\/wp-json\/wp\/v2\/product_tag?post=1968"},{"taxonomy":"woo-feed-brand","embeddable":true,"href":"https:\/\/ontel.no\/index.php\/wp-json\/wp\/v2\/woo-feed-brand?post=1968"}],"curies":[{"name":"wp","href":"https:\/\/api.w.org\/{rel}","templated":true}]}}