{"id":2113,"date":"2024-02-24T21:36:01","date_gmt":"2024-02-24T20:36:01","guid":{"rendered":"https:\/\/ontel.no\/?post_type=product&#038;p=2113"},"modified":"2026-04-13T16:49:49","modified_gmt":"2026-04-13T14:49:49","slug":"europeisk-adapter-til-us-stromplugg-hvit-farge-24g-jordet-20a","status":"publish","type":"product","link":"https:\/\/ontel.no\/index.php\/produkt\/europeisk-adapter-til-us-stromplugg-hvit-farge-24g-jordet-20a\/","title":{"rendered":"Europeisk adapter til US str\u00f8mplugg hvit farge (24g) jordet 20A"},"content":{"rendered":"","protected":false},"excerpt":{"rendered":"<div>St\u00f8dig, solid og meget bra overgang (24 gram) som er det\u00a0 beste valget for jordet stikkontakt, men gjerne ogs\u00e5 litt st\u00f8rre\/tyngre ladere.<\/div>\n<div>Blir enda litt mer st\u00f8dig ogs\u00e5 enn den ujordete varianten.<\/div>\n<div>Kun for apparater som st\u00f8tter 110-220V. Mange produkter st\u00f8tter b\u00e5de 110V og 220V og da kan det brukes.<\/div>\n<div>NB! Kun plugg-overgang. Sjekk at du kan bruke 220V p\u00e5 produktet. M\u00e5 IKKE brukes dersom produktet kun bruker 110\/120V!<\/div>\n","protected":false},"featured_media":2114,"comment_status":"open","ping_status":"closed","template":"","meta":[],"product_brand":[],"product_cat":[30,16],"product_tag":[680],"woo-feed-brand":[],"class_list":{"0":"post-2113","1":"product","2":"type-product","3":"status-publish","4":"has-post-thumbnail","6":"product_cat-tv-audio","7":"product_cat-ukategorisert","8":"product_tag-plugg","10":"first","11":"instock","12":"taxable","13":"shipping-taxable","14":"purchasable","15":"product-type-simple"},"_links":{"self":[{"href":"https:\/\/ontel.no\/index.php\/wp-json\/wp\/v2\/product\/2113","targetHints":{"allow":["GET"]}}],"collection":[{"href":"https:\/\/ontel.no\/index.php\/wp-json\/wp\/v2\/product"}],"about":[{"href":"https:\/\/ontel.no\/index.php\/wp-json\/wp\/v2\/types\/product"}],"replies":[{"embeddable":true,"href":"https:\/\/ontel.no\/index.php\/wp-json\/wp\/v2\/comments?post=2113"}],"wp:featuredmedia":[{"embeddable":true,"href":"https:\/\/ontel.no\/index.php\/wp-json\/wp\/v2\/media\/2114"}],"wp:attachment":[{"href":"https:\/\/ontel.no\/index.php\/wp-json\/wp\/v2\/media?parent=2113"}],"wp:term":[{"taxonomy":"product_brand","embeddable":true,"href":"https:\/\/ontel.no\/index.php\/wp-json\/wp\/v2\/product_brand?post=2113"},{"taxonomy":"product_cat","embeddable":true,"href":"https:\/\/ontel.no\/index.php\/wp-json\/wp\/v2\/product_cat?post=2113"},{"taxonomy":"product_tag","embeddable":true,"href":"https:\/\/ontel.no\/index.php\/wp-json\/wp\/v2\/product_tag?post=2113"},{"taxonomy":"woo-feed-brand","embeddable":true,"href":"https:\/\/ontel.no\/index.php\/wp-json\/wp\/v2\/woo-feed-brand?post=2113"}],"curies":[{"name":"wp","href":"https:\/\/api.w.org\/{rel}","templated":true}]}}