{"id":2202,"date":"2024-02-26T07:50:06","date_gmt":"2024-02-26T06:50:06","guid":{"rendered":"https:\/\/ontel.no\/?post_type=product&#038;p=2202"},"modified":"2026-04-02T10:47:39","modified_gmt":"2026-04-02T08:47:39","slug":"europeisk-adapter-til-us-stromplugg-hvit-farge","status":"publish","type":"product","link":"https:\/\/ontel.no\/index.php\/produkt\/europeisk-adapter-til-us-stromplugg-hvit-farge\/","title":{"rendered":"Europeisk adapter til US str\u00f8mplugg hvit farge"},"content":{"rendered":"","protected":false},"excerpt":{"rendered":"<p>Overgang fra US-lader til norsk stikkontakt. Solid, st\u00f8dig overgang for 2-pins (ujordet) kontakter (fra 2-pins flate amerikansk plugg til 2-pins europeisk\/norsk plugg med runde pinner). Sitter godt, og har godt kvalitet. Veier 17 gram. Det beste valget for ujordet kontakt (passer ogs\u00e5 i jordet kontakt), ogs\u00e5 litt st\u00f8rre ladere.<br \/>\nKun for apparater som st\u00f8tter 110-220V. Mange produkter st\u00f8tter b\u00e5de 110V og 220V og da kan det brukes.<br \/>\nNB! Kun plugg-overgang. Sjekk at du kan bruke 220V p\u00e5 produktet. M\u00e5 IKKE brukes dersom produktet kun bruker 110\/120V! 2.5A (tilsvarer 575W, s\u00e5 det er nok til de fleste apparater som ogs\u00e5 bruker en del str\u00f8m).<\/p>\n","protected":false},"featured_media":1669,"comment_status":"open","ping_status":"closed","template":"","meta":[],"product_brand":[],"product_cat":[288,30,16],"product_tag":[680],"woo-feed-brand":[185],"class_list":{"0":"post-2202","1":"product","2":"type-product","3":"status-publish","4":"has-post-thumbnail","6":"product_cat-288","7":"product_cat-tv-audio","8":"product_cat-ukategorisert","9":"product_tag-plugg","10":"woo-feed-brand-ontel-oem-diverse","12":"first","13":"instock","14":"taxable","15":"shipping-taxable","16":"purchasable","17":"product-type-simple"},"_links":{"self":[{"href":"https:\/\/ontel.no\/index.php\/wp-json\/wp\/v2\/product\/2202","targetHints":{"allow":["GET"]}}],"collection":[{"href":"https:\/\/ontel.no\/index.php\/wp-json\/wp\/v2\/product"}],"about":[{"href":"https:\/\/ontel.no\/index.php\/wp-json\/wp\/v2\/types\/product"}],"replies":[{"embeddable":true,"href":"https:\/\/ontel.no\/index.php\/wp-json\/wp\/v2\/comments?post=2202"}],"wp:featuredmedia":[{"embeddable":true,"href":"https:\/\/ontel.no\/index.php\/wp-json\/wp\/v2\/media\/1669"}],"wp:attachment":[{"href":"https:\/\/ontel.no\/index.php\/wp-json\/wp\/v2\/media?parent=2202"}],"wp:term":[{"taxonomy":"product_brand","embeddable":true,"href":"https:\/\/ontel.no\/index.php\/wp-json\/wp\/v2\/product_brand?post=2202"},{"taxonomy":"product_cat","embeddable":true,"href":"https:\/\/ontel.no\/index.php\/wp-json\/wp\/v2\/product_cat?post=2202"},{"taxonomy":"product_tag","embeddable":true,"href":"https:\/\/ontel.no\/index.php\/wp-json\/wp\/v2\/product_tag?post=2202"},{"taxonomy":"woo-feed-brand","embeddable":true,"href":"https:\/\/ontel.no\/index.php\/wp-json\/wp\/v2\/woo-feed-brand?post=2202"}],"curies":[{"name":"wp","href":"https:\/\/api.w.org\/{rel}","templated":true}]}}