{"id":2385,"date":"2024-03-08T12:19:25","date_gmt":"2024-03-08T11:19:25","guid":{"rendered":"https:\/\/ontel.no\/?post_type=product&#038;p=2385"},"modified":"2026-04-14T08:53:30","modified_gmt":"2026-04-14T06:53:30","slug":"silicone-loop-band-for-apple-watch","status":"publish","type":"product","link":"https:\/\/ontel.no\/index.php\/produkt\/silicone-loop-band-for-apple-watch\/","title":{"rendered":"Silicone Band for Apple Watch Solo Loop kompatibel"},"content":{"rendered":"","protected":false},"excerpt":{"rendered":"<p>Laget av premium h\u00f8ykvalitets silikon. Myk, fleksibel, hudvennlig, vaskbar og behagelig \u00e5 ha p\u00e5. NB! Siden disse ikke kan justeres er det viktig at du m\u00e5ler lengde. De er litt fleksible, og lengden er p\u00e5 selve b\u00e5ndet MED feste (urkasse kommer i tillegg). Dette betyr at for b\u00e5ndet som er 16,8cm b\u00f8r man ha omkrets rundt h\u00e5ndleddet p\u00e5 ca. 19-21cm hvis man ikke vil at det skal sitte l\u00f8st. Vi f\u00e5r trolig noen mindre st\u00f8rrelser etterhvert ogs\u00e5&#8230;<\/p>\n","protected":false},"featured_media":2397,"comment_status":"open","ping_status":"closed","template":"","meta":[],"product_brand":[],"product_cat":[16,26,102],"product_tag":[163,87],"woo-feed-brand":[185],"class_list":{"0":"post-2385","1":"product","2":"type-product","3":"status-publish","4":"has-post-thumbnail","6":"product_cat-ukategorisert","7":"product_cat-smartwatches","8":"product_cat-applewatch-accessories","9":"product_tag-apple","10":"product_tag-watch","11":"woo-feed-brand-ontel-oem-diverse","13":"first","14":"outofstock","15":"taxable","16":"shipping-taxable","17":"product-type-variable","18":"has-default-attributes"},"_links":{"self":[{"href":"https:\/\/ontel.no\/index.php\/wp-json\/wp\/v2\/product\/2385","targetHints":{"allow":["GET"]}}],"collection":[{"href":"https:\/\/ontel.no\/index.php\/wp-json\/wp\/v2\/product"}],"about":[{"href":"https:\/\/ontel.no\/index.php\/wp-json\/wp\/v2\/types\/product"}],"replies":[{"embeddable":true,"href":"https:\/\/ontel.no\/index.php\/wp-json\/wp\/v2\/comments?post=2385"}],"wp:featuredmedia":[{"embeddable":true,"href":"https:\/\/ontel.no\/index.php\/wp-json\/wp\/v2\/media\/2397"}],"wp:attachment":[{"href":"https:\/\/ontel.no\/index.php\/wp-json\/wp\/v2\/media?parent=2385"}],"wp:term":[{"taxonomy":"product_brand","embeddable":true,"href":"https:\/\/ontel.no\/index.php\/wp-json\/wp\/v2\/product_brand?post=2385"},{"taxonomy":"product_cat","embeddable":true,"href":"https:\/\/ontel.no\/index.php\/wp-json\/wp\/v2\/product_cat?post=2385"},{"taxonomy":"product_tag","embeddable":true,"href":"https:\/\/ontel.no\/index.php\/wp-json\/wp\/v2\/product_tag?post=2385"},{"taxonomy":"woo-feed-brand","embeddable":true,"href":"https:\/\/ontel.no\/index.php\/wp-json\/wp\/v2\/woo-feed-brand?post=2385"}],"curies":[{"name":"wp","href":"https:\/\/api.w.org\/{rel}","templated":true}]}}