{"id":2410,"date":"2024-03-12T13:59:41","date_gmt":"2024-03-12T12:59:41","guid":{"rendered":"https:\/\/ontel.no\/?post_type=product&#038;p=2410"},"modified":"2026-04-13T16:31:00","modified_gmt":"2026-04-13T14:31:00","slug":"apple-adapter-for-pencil-1-gen-lightning","status":"publish","type":"product","link":"https:\/\/ontel.no\/index.php\/produkt\/apple-adapter-for-pencil-1-gen-lightning\/","title":{"rendered":"Apple adapter for Pencil 1. gen. Lightning"},"content":{"rendered":"","protected":false},"excerpt":{"rendered":"<p>Bulk (uten innpakning). For nyere iPad med USB-C som benytter Pencil 1 (ikke 2). Det er alts\u00e5 2 forskjellige adaptere fra Pencil (Lightning) En Pencil til USB-C og Pencil til Lightning for b\u00e5de tilkobling og lading. Begge kan alts\u00e5 koble til Pencil 1, og med inngang for enten lightning eller USB-C i andre enden. Non-retail (tatt ut fra original eske). Man m\u00e5 ha et (USB-C til Apple Pencil) Adapter for \u00e5 pare (og lade) Apple Pencil (1. generasjon) med iPad (10. generasjon). Lightning til Apple Pencil (Lightning) &#8211; alts\u00e5 Lightning til Lightning kan ogs\u00e5 benyttes for lading med en Lightning-kabel. Eventuelt se varenr. L258 som inneholder begge adapterene.<\/p>\n","protected":false},"featured_media":1226,"comment_status":"open","ping_status":"closed","template":"","meta":[],"product_brand":[],"product_cat":[288,225,16],"product_tag":[680],"woo-feed-brand":[184],"class_list":{"0":"post-2410","1":"product","2":"type-product","3":"status-publish","4":"has-post-thumbnail","6":"product_cat-288","7":"product_cat-tilbehor-til-ipad","8":"product_cat-ukategorisert","9":"product_tag-plugg","10":"woo-feed-brand-apple","12":"first","13":"instock","14":"sale","15":"taxable","16":"shipping-taxable","17":"purchasable","18":"product-type-variable","19":"has-default-attributes"},"_links":{"self":[{"href":"https:\/\/ontel.no\/index.php\/wp-json\/wp\/v2\/product\/2410","targetHints":{"allow":["GET"]}}],"collection":[{"href":"https:\/\/ontel.no\/index.php\/wp-json\/wp\/v2\/product"}],"about":[{"href":"https:\/\/ontel.no\/index.php\/wp-json\/wp\/v2\/types\/product"}],"replies":[{"embeddable":true,"href":"https:\/\/ontel.no\/index.php\/wp-json\/wp\/v2\/comments?post=2410"}],"wp:featuredmedia":[{"embeddable":true,"href":"https:\/\/ontel.no\/index.php\/wp-json\/wp\/v2\/media\/1226"}],"wp:attachment":[{"href":"https:\/\/ontel.no\/index.php\/wp-json\/wp\/v2\/media?parent=2410"}],"wp:term":[{"taxonomy":"product_brand","embeddable":true,"href":"https:\/\/ontel.no\/index.php\/wp-json\/wp\/v2\/product_brand?post=2410"},{"taxonomy":"product_cat","embeddable":true,"href":"https:\/\/ontel.no\/index.php\/wp-json\/wp\/v2\/product_cat?post=2410"},{"taxonomy":"product_tag","embeddable":true,"href":"https:\/\/ontel.no\/index.php\/wp-json\/wp\/v2\/product_tag?post=2410"},{"taxonomy":"woo-feed-brand","embeddable":true,"href":"https:\/\/ontel.no\/index.php\/wp-json\/wp\/v2\/woo-feed-brand?post=2410"}],"curies":[{"name":"wp","href":"https:\/\/api.w.org\/{rel}","templated":true}]}}