{"id":2449,"date":"2024-03-13T14:55:42","date_gmt":"2024-03-13T13:55:42","guid":{"rendered":"https:\/\/ontel.no\/?post_type=product&#038;p=2449"},"modified":"2026-04-13T17:11:46","modified_gmt":"2026-04-13T15:11:46","slug":"overgang-til-32a-bla-1fas-lader","status":"publish","type":"product","link":"https:\/\/ontel.no\/index.php\/produkt\/overgang-til-32a-bla-1fas-lader\/","title":{"rendered":"Overgang til 32A (bl\u00e5) 1-fas CEE portabel elbillader"},"content":{"rendered":"","protected":false},"excerpt":{"rendered":"<p>For ladestasjon eller portabel ladeenhet med BL\u00c5 32ACEE plugg 3pin som gj\u00f8r at den kan benyttes p\u00e5 andre uttak. NB! kun for enfase ladere med 32A industriplugg CEE. NB! pass p\u00e5 at ladestyrken (Ampere) er stilt inn p\u00e5 maksimalt det overgangen er beregnet for. Hvis du kj\u00f8per en 16A overgang m\u00e5 alts\u00e5 du passe p\u00e5 at den ikke lader p\u00e5 mer enn 16A, ellers vil sikring g\u00e5 p\u00e5 uttaket du kobler til.<\/p>\n","protected":false},"featured_media":2458,"comment_status":"open","ping_status":"closed","template":"","meta":[],"product_brand":[],"product_cat":[292,357,30,16],"product_tag":[683],"woo-feed-brand":[185],"class_list":{"0":"post-2449","1":"product","2":"type-product","3":"status-publish","4":"has-post-thumbnail","6":"product_cat-bil","7":"product_cat-elbil-lading","8":"product_cat-tv-audio","9":"product_cat-ukategorisert","10":"product_tag-diverse","11":"woo-feed-brand-ontel-oem-diverse","13":"first","14":"instock","15":"taxable","16":"shipping-taxable","17":"purchasable","18":"product-type-variable","19":"has-default-attributes"},"_links":{"self":[{"href":"https:\/\/ontel.no\/index.php\/wp-json\/wp\/v2\/product\/2449","targetHints":{"allow":["GET"]}}],"collection":[{"href":"https:\/\/ontel.no\/index.php\/wp-json\/wp\/v2\/product"}],"about":[{"href":"https:\/\/ontel.no\/index.php\/wp-json\/wp\/v2\/types\/product"}],"replies":[{"embeddable":true,"href":"https:\/\/ontel.no\/index.php\/wp-json\/wp\/v2\/comments?post=2449"}],"wp:featuredmedia":[{"embeddable":true,"href":"https:\/\/ontel.no\/index.php\/wp-json\/wp\/v2\/media\/2458"}],"wp:attachment":[{"href":"https:\/\/ontel.no\/index.php\/wp-json\/wp\/v2\/media?parent=2449"}],"wp:term":[{"taxonomy":"product_brand","embeddable":true,"href":"https:\/\/ontel.no\/index.php\/wp-json\/wp\/v2\/product_brand?post=2449"},{"taxonomy":"product_cat","embeddable":true,"href":"https:\/\/ontel.no\/index.php\/wp-json\/wp\/v2\/product_cat?post=2449"},{"taxonomy":"product_tag","embeddable":true,"href":"https:\/\/ontel.no\/index.php\/wp-json\/wp\/v2\/product_tag?post=2449"},{"taxonomy":"woo-feed-brand","embeddable":true,"href":"https:\/\/ontel.no\/index.php\/wp-json\/wp\/v2\/woo-feed-brand?post=2449"}],"curies":[{"name":"wp","href":"https:\/\/api.w.org\/{rel}","templated":true}]}}