{"id":2482,"date":"2024-03-13T18:39:45","date_gmt":"2024-03-13T17:39:45","guid":{"rendered":"https:\/\/ontel.no\/?post_type=product&#038;p=2482"},"modified":"2026-04-13T16:28:02","modified_gmt":"2026-04-13T14:28:02","slug":"gopro-thumb-knob-skrue-til-festeklips-ledd","status":"publish","type":"product","link":"https:\/\/ontel.no\/index.php\/produkt\/gopro-thumb-knob-skrue-til-festeklips-ledd\/","title":{"rendered":"GoPro &laquo;Thumb Knob&raquo; skrue til festeklips\/ledd"},"content":{"rendered":"","protected":false},"excerpt":{"rendered":"<p>Kun det p\u00e5 bildet f\u00f8lger med (mutter f\u00f8lger med festeklips, ikke skrue)<\/p>\n","protected":false},"featured_media":2484,"comment_status":"open","ping_status":"closed","template":"","meta":[],"product_brand":[],"product_cat":[288,181,360,30,16],"product_tag":[683],"woo-feed-brand":[359],"class_list":{"0":"post-2482","1":"product","2":"type-product","3":"status-publish","4":"has-post-thumbnail","6":"product_cat-288","7":"product_cat-foto","8":"product_cat-gopro","9":"product_cat-tv-audio","10":"product_cat-ukategorisert","11":"product_tag-diverse","12":"woo-feed-brand-gopro","14":"first","15":"instock","16":"taxable","17":"shipping-taxable","18":"purchasable","19":"product-type-simple"},"_links":{"self":[{"href":"https:\/\/ontel.no\/index.php\/wp-json\/wp\/v2\/product\/2482","targetHints":{"allow":["GET"]}}],"collection":[{"href":"https:\/\/ontel.no\/index.php\/wp-json\/wp\/v2\/product"}],"about":[{"href":"https:\/\/ontel.no\/index.php\/wp-json\/wp\/v2\/types\/product"}],"replies":[{"embeddable":true,"href":"https:\/\/ontel.no\/index.php\/wp-json\/wp\/v2\/comments?post=2482"}],"wp:featuredmedia":[{"embeddable":true,"href":"https:\/\/ontel.no\/index.php\/wp-json\/wp\/v2\/media\/2484"}],"wp:attachment":[{"href":"https:\/\/ontel.no\/index.php\/wp-json\/wp\/v2\/media?parent=2482"}],"wp:term":[{"taxonomy":"product_brand","embeddable":true,"href":"https:\/\/ontel.no\/index.php\/wp-json\/wp\/v2\/product_brand?post=2482"},{"taxonomy":"product_cat","embeddable":true,"href":"https:\/\/ontel.no\/index.php\/wp-json\/wp\/v2\/product_cat?post=2482"},{"taxonomy":"product_tag","embeddable":true,"href":"https:\/\/ontel.no\/index.php\/wp-json\/wp\/v2\/product_tag?post=2482"},{"taxonomy":"woo-feed-brand","embeddable":true,"href":"https:\/\/ontel.no\/index.php\/wp-json\/wp\/v2\/woo-feed-brand?post=2482"}],"curies":[{"name":"wp","href":"https:\/\/api.w.org\/{rel}","templated":true}]}}