{"id":2485,"date":"2024-03-13T18:50:47","date_gmt":"2024-03-13T17:50:47","guid":{"rendered":"https:\/\/ontel.no\/?post_type=product&#038;p=2485"},"modified":"2026-04-13T16:28:09","modified_gmt":"2026-04-13T14:28:09","slug":"gopro-side-mount-ledd-kort","status":"publish","type":"product","link":"https:\/\/ontel.no\/index.php\/produkt\/gopro-side-mount-ledd-kort\/","title":{"rendered":"GoPro Side Mount ledd (kort)"},"content":{"rendered":"","protected":false},"excerpt":{"rendered":"<p>Kun det ene leddet p\u00e5 bildet f\u00f8lger med. NB! Du trenger en ekstra &laquo;GoPro &laquo;Thumb Knob&raquo; skrue&raquo; for hvert ledd (kj\u00f8pes separat).<br \/>\nSe eksempel p\u00e5 montering med 2 ledd (lang og kort med 2 skruer) &#8211; NB! De overkryssede delene f\u00f8lger ikke med dette produktet.<\/p>\n","protected":false},"featured_media":2487,"comment_status":"open","ping_status":"closed","template":"","meta":[],"product_brand":[],"product_cat":[288,181,360,30,16],"product_tag":[683],"woo-feed-brand":[359],"class_list":{"0":"post-2485","1":"product","2":"type-product","3":"status-publish","4":"has-post-thumbnail","6":"product_cat-288","7":"product_cat-foto","8":"product_cat-gopro","9":"product_cat-tv-audio","10":"product_cat-ukategorisert","11":"product_tag-diverse","12":"woo-feed-brand-gopro","14":"first","15":"instock","16":"taxable","17":"shipping-taxable","18":"purchasable","19":"product-type-simple"},"_links":{"self":[{"href":"https:\/\/ontel.no\/index.php\/wp-json\/wp\/v2\/product\/2485","targetHints":{"allow":["GET"]}}],"collection":[{"href":"https:\/\/ontel.no\/index.php\/wp-json\/wp\/v2\/product"}],"about":[{"href":"https:\/\/ontel.no\/index.php\/wp-json\/wp\/v2\/types\/product"}],"replies":[{"embeddable":true,"href":"https:\/\/ontel.no\/index.php\/wp-json\/wp\/v2\/comments?post=2485"}],"wp:featuredmedia":[{"embeddable":true,"href":"https:\/\/ontel.no\/index.php\/wp-json\/wp\/v2\/media\/2487"}],"wp:attachment":[{"href":"https:\/\/ontel.no\/index.php\/wp-json\/wp\/v2\/media?parent=2485"}],"wp:term":[{"taxonomy":"product_brand","embeddable":true,"href":"https:\/\/ontel.no\/index.php\/wp-json\/wp\/v2\/product_brand?post=2485"},{"taxonomy":"product_cat","embeddable":true,"href":"https:\/\/ontel.no\/index.php\/wp-json\/wp\/v2\/product_cat?post=2485"},{"taxonomy":"product_tag","embeddable":true,"href":"https:\/\/ontel.no\/index.php\/wp-json\/wp\/v2\/product_tag?post=2485"},{"taxonomy":"woo-feed-brand","embeddable":true,"href":"https:\/\/ontel.no\/index.php\/wp-json\/wp\/v2\/woo-feed-brand?post=2485"}],"curies":[{"name":"wp","href":"https:\/\/api.w.org\/{rel}","templated":true}]}}