{"id":2512,"date":"2024-03-13T21:29:04","date_gmt":"2024-03-13T20:29:04","guid":{"rendered":"https:\/\/ontel.no\/?post_type=product&#038;p=2512"},"modified":"2026-04-13T16:45:11","modified_gmt":"2026-04-13T14:45:11","slug":"modularplugg-rj45-kat6-gjennomgaende-gjor-det-lettere-a-se-at-det-er-riktig-og-sikrer-kontakt-med-alle-shielded","status":"publish","type":"product","link":"https:\/\/ontel.no\/index.php\/produkt\/modularplugg-rj45-kat6-gjennomgaende-gjor-det-lettere-a-se-at-det-er-riktig-og-sikrer-kontakt-med-alle-shielded\/","title":{"rendered":"Modularplugg RJ45 Kat6 gjennomg\u00e5ende (gj\u00f8r det lettere \u00e5 se at det er riktig og sikrer kontakt med alle) Shielded"},"content":{"rendered":"","protected":false},"excerpt":{"rendered":"<p>Gjennomg\u00e5ende plugg (lederene g\u00e5r helt gjennom og det som stikker ut kuttes med kniv e.l. i etterkant). Dette sikrer at du ser at rekkef\u00f8lgen er riktig, og det sikrer ogs\u00e5 at alle lederene kommer langt nok inn. Shielded.<\/p>\n","protected":false},"featured_media":2514,"comment_status":"open","ping_status":"closed","template":"","meta":[],"product_brand":[],"product_cat":[288,22,30,93,16],"product_tag":[683],"woo-feed-brand":[185],"class_list":{"0":"post-2512","1":"product","2":"type-product","3":"status-publish","4":"has-post-thumbnail","6":"product_cat-288","7":"product_cat-computers","8":"product_cat-tv-audio","9":"product_cat-pc-accessories","10":"product_cat-ukategorisert","11":"product_tag-diverse","12":"woo-feed-brand-ontel-oem-diverse","14":"first","15":"instock","16":"taxable","17":"shipping-taxable","18":"purchasable","19":"product-type-simple"},"_links":{"self":[{"href":"https:\/\/ontel.no\/index.php\/wp-json\/wp\/v2\/product\/2512","targetHints":{"allow":["GET"]}}],"collection":[{"href":"https:\/\/ontel.no\/index.php\/wp-json\/wp\/v2\/product"}],"about":[{"href":"https:\/\/ontel.no\/index.php\/wp-json\/wp\/v2\/types\/product"}],"replies":[{"embeddable":true,"href":"https:\/\/ontel.no\/index.php\/wp-json\/wp\/v2\/comments?post=2512"}],"wp:featuredmedia":[{"embeddable":true,"href":"https:\/\/ontel.no\/index.php\/wp-json\/wp\/v2\/media\/2514"}],"wp:attachment":[{"href":"https:\/\/ontel.no\/index.php\/wp-json\/wp\/v2\/media?parent=2512"}],"wp:term":[{"taxonomy":"product_brand","embeddable":true,"href":"https:\/\/ontel.no\/index.php\/wp-json\/wp\/v2\/product_brand?post=2512"},{"taxonomy":"product_cat","embeddable":true,"href":"https:\/\/ontel.no\/index.php\/wp-json\/wp\/v2\/product_cat?post=2512"},{"taxonomy":"product_tag","embeddable":true,"href":"https:\/\/ontel.no\/index.php\/wp-json\/wp\/v2\/product_tag?post=2512"},{"taxonomy":"woo-feed-brand","embeddable":true,"href":"https:\/\/ontel.no\/index.php\/wp-json\/wp\/v2\/woo-feed-brand?post=2512"}],"curies":[{"name":"wp","href":"https:\/\/api.w.org\/{rel}","templated":true}]}}