{"id":2525,"date":"2024-03-14T08:36:16","date_gmt":"2024-03-14T07:36:16","guid":{"rendered":"https:\/\/ontel.no\/?post_type=product&#038;p=2525"},"modified":"2026-04-13T16:45:29","modified_gmt":"2026-04-13T14:45:29","slug":"usb-skjotekabel-lysgra","status":"publish","type":"product","link":"https:\/\/ontel.no\/index.php\/produkt\/usb-skjotekabel-lysgra\/","title":{"rendered":"USB skj\u00f8tekabel lysgr\u00e5"},"content":{"rendered":"","protected":false},"excerpt":{"rendered":"<div>Skj\u00f8ter standard USB-A. Lengde: 1,8 meter eller 4,5 meter.<\/div>\n","protected":false},"featured_media":2527,"comment_status":"open","ping_status":"closed","template":"","meta":[],"product_brand":[],"product_cat":[288,22,30,93,16,345],"product_tag":[684],"woo-feed-brand":[185],"class_list":{"0":"post-2525","1":"product","2":"type-product","3":"status-publish","4":"has-post-thumbnail","6":"product_cat-288","7":"product_cat-computers","8":"product_cat-tv-audio","9":"product_cat-pc-accessories","10":"product_cat-ukategorisert","11":"product_cat-usb-a-kabler","12":"product_tag-kabel","13":"woo-feed-brand-ontel-oem-diverse","15":"first","16":"instock","17":"taxable","18":"shipping-taxable","19":"purchasable","20":"product-type-variable","21":"has-default-attributes"},"_links":{"self":[{"href":"https:\/\/ontel.no\/index.php\/wp-json\/wp\/v2\/product\/2525","targetHints":{"allow":["GET"]}}],"collection":[{"href":"https:\/\/ontel.no\/index.php\/wp-json\/wp\/v2\/product"}],"about":[{"href":"https:\/\/ontel.no\/index.php\/wp-json\/wp\/v2\/types\/product"}],"replies":[{"embeddable":true,"href":"https:\/\/ontel.no\/index.php\/wp-json\/wp\/v2\/comments?post=2525"}],"wp:featuredmedia":[{"embeddable":true,"href":"https:\/\/ontel.no\/index.php\/wp-json\/wp\/v2\/media\/2527"}],"wp:attachment":[{"href":"https:\/\/ontel.no\/index.php\/wp-json\/wp\/v2\/media?parent=2525"}],"wp:term":[{"taxonomy":"product_brand","embeddable":true,"href":"https:\/\/ontel.no\/index.php\/wp-json\/wp\/v2\/product_brand?post=2525"},{"taxonomy":"product_cat","embeddable":true,"href":"https:\/\/ontel.no\/index.php\/wp-json\/wp\/v2\/product_cat?post=2525"},{"taxonomy":"product_tag","embeddable":true,"href":"https:\/\/ontel.no\/index.php\/wp-json\/wp\/v2\/product_tag?post=2525"},{"taxonomy":"woo-feed-brand","embeddable":true,"href":"https:\/\/ontel.no\/index.php\/wp-json\/wp\/v2\/woo-feed-brand?post=2525"}],"curies":[{"name":"wp","href":"https:\/\/api.w.org\/{rel}","templated":true}]}}