{"id":2548,"date":"2024-03-14T12:50:59","date_gmt":"2024-03-14T11:50:59","guid":{"rendered":"https:\/\/ontel.no\/?post_type=product&#038;p=2548"},"modified":"2026-03-06T07:54:11","modified_gmt":"2026-03-06T06:54:11","slug":"smartdeksel-for-amazon-kindle-10-6-202","status":"publish","type":"product","link":"https:\/\/ontel.no\/index.php\/produkt\/smartdeksel-for-amazon-kindle-10-6-202\/","title":{"rendered":"Smartdeksel for Amazon Kindle 10 2019\/20 6-tommer Auto sleep\/wake (IKKE for nyeste modeller &#8211; SALG!)"},"content":{"rendered":"","protected":false},"excerpt":{"rendered":"<p>NB! IKKE for Paperwhite! Lett smartdeksel i kunstig skinn fra Walkers for Amazon Kindle 10 (6&#8243;) 2019\/20, som gir god beskyttelse til skjermen. Fronten kan \u00e5pnes som en bok og b\u00f8yes bak, og har innebygde magneter for smartfunksjon. Vekt: ca. 90gram. Kun for &laquo;Kindle Touch 2019 og 2020&raquo;. Passer ikke til tidligere generasjoner Kindle eller Kindle Paperwhite. Enkel tilgang til alle funksjoner og kontroller. Slank, lett og hard deksel-design gir minimal tykkelse mens du beskytter ditt dyrebare lesebrett. Utvendig PU-l\u00e6r b\u00e5de foran og bak og mikrofiberinteri\u00f8r mot skjermen. Magnetisk lukking. Auto sleep\/wake. Ingen rammer rundt skjermen muliggj\u00f8r uhindret bevegelse.<\/p>\n","protected":false},"featured_media":2560,"comment_status":"open","ping_status":"closed","template":"","meta":[],"product_brand":[],"product_cat":[103,603,27,105,16],"product_tag":[139,136,137,135,138],"woo-feed-brand":[176],"class_list":{"0":"post-2548","1":"product","2":"type-product","3":"status-publish","4":"has-post-thumbnail","6":"product_cat-e-readers","7":"product_cat-lesebrettbeskyttelse","8":"product_cat-tablets","9":"product_cat-kindle-accessories","10":"product_cat-ukategorisert","11":"product_tag-amazon","12":"product_tag-e-bokleser","13":"product_tag-kindle","14":"product_tag-lesebrett","15":"product_tag-paperwhite","16":"woo-feed-brand-walkers","18":"first","19":"instock","20":"taxable","21":"shipping-taxable","22":"purchasable","23":"product-type-simple"},"_links":{"self":[{"href":"https:\/\/ontel.no\/index.php\/wp-json\/wp\/v2\/product\/2548","targetHints":{"allow":["GET"]}}],"collection":[{"href":"https:\/\/ontel.no\/index.php\/wp-json\/wp\/v2\/product"}],"about":[{"href":"https:\/\/ontel.no\/index.php\/wp-json\/wp\/v2\/types\/product"}],"replies":[{"embeddable":true,"href":"https:\/\/ontel.no\/index.php\/wp-json\/wp\/v2\/comments?post=2548"}],"wp:featuredmedia":[{"embeddable":true,"href":"https:\/\/ontel.no\/index.php\/wp-json\/wp\/v2\/media\/2560"}],"wp:attachment":[{"href":"https:\/\/ontel.no\/index.php\/wp-json\/wp\/v2\/media?parent=2548"}],"wp:term":[{"taxonomy":"product_brand","embeddable":true,"href":"https:\/\/ontel.no\/index.php\/wp-json\/wp\/v2\/product_brand?post=2548"},{"taxonomy":"product_cat","embeddable":true,"href":"https:\/\/ontel.no\/index.php\/wp-json\/wp\/v2\/product_cat?post=2548"},{"taxonomy":"product_tag","embeddable":true,"href":"https:\/\/ontel.no\/index.php\/wp-json\/wp\/v2\/product_tag?post=2548"},{"taxonomy":"woo-feed-brand","embeddable":true,"href":"https:\/\/ontel.no\/index.php\/wp-json\/wp\/v2\/woo-feed-brand?post=2548"}],"curies":[{"name":"wp","href":"https:\/\/api.w.org\/{rel}","templated":true}]}}