{"id":2785,"date":"2024-04-21T14:07:48","date_gmt":"2024-04-21T12:07:48","guid":{"rendered":"https:\/\/ontel.no\/?post_type=product&#038;p=2785"},"modified":"2026-04-13T17:12:10","modified_gmt":"2026-04-13T15:12:10","slug":"smartbrytermodul-rf433mhz-smartlife","status":"publish","type":"product","link":"https:\/\/ontel.no\/index.php\/produkt\/smartbrytermodul-rf433mhz-smartlife\/","title":{"rendered":"Smartbrytermodul RF433Mhz"},"content":{"rendered":"<p>Vi er etter Forskrift om elektrisk utstyr \u00a7 13 pliktig til \u00e5 informere v\u00e5re forbrukere at salg og markedsf\u00f8ring av\u00a0elektrisk materiell beregnet p\u00e5 \u00e5 kunne inng\u00e5 i et fast elektrisk anlegg kan kun installeres av en registrert installasjonsvirksomhet. Se evt.:\u00a0<a href=\"https:\/\/www.sikkerhverdag.no\/strom\/gjor-det-selv\/elektrisk-arbeid-dette-kan-du-gjore-selv-av-elektrisk-arbeid\/\" target=\"_blank\" rel=\"noopener\">\u201cHva kan privatpersoner gj\u00f8re selv p\u00e5 det elektriske anlegget?\u201d<\/a><\/p>\n","protected":false},"excerpt":{"rendered":"<p>Tr\u00e5dl\u00f8se mottagermoduler. Alle kan benyttes med RF433 (MHz) fjernkontroller\/brytere. Ellers er det forskjellige varianter som ogs\u00e5 har flere smartfunksjoner. Kan kobles til flere brytere og ev. APPer slik at de kan kontrolleres fra flere steder.<\/p>\n","protected":false},"featured_media":2794,"comment_status":"open","ping_status":"closed","template":"","meta":[],"product_brand":[484],"product_cat":[30,108,16],"product_tag":[683],"woo-feed-brand":[185],"class_list":{"0":"post-2785","1":"product","2":"type-product","3":"status-publish","4":"has-post-thumbnail","6":"product_brand-s","7":"product_cat-tv-audio","8":"product_cat-smart-hjem","9":"product_cat-ukategorisert","10":"product_tag-diverse","11":"woo-feed-brand-ontel-oem-diverse","13":"first","14":"instock","15":"taxable","16":"shipping-taxable","17":"purchasable","18":"product-type-variable","19":"has-default-attributes"},"_links":{"self":[{"href":"https:\/\/ontel.no\/index.php\/wp-json\/wp\/v2\/product\/2785","targetHints":{"allow":["GET"]}}],"collection":[{"href":"https:\/\/ontel.no\/index.php\/wp-json\/wp\/v2\/product"}],"about":[{"href":"https:\/\/ontel.no\/index.php\/wp-json\/wp\/v2\/types\/product"}],"replies":[{"embeddable":true,"href":"https:\/\/ontel.no\/index.php\/wp-json\/wp\/v2\/comments?post=2785"}],"wp:featuredmedia":[{"embeddable":true,"href":"https:\/\/ontel.no\/index.php\/wp-json\/wp\/v2\/media\/2794"}],"wp:attachment":[{"href":"https:\/\/ontel.no\/index.php\/wp-json\/wp\/v2\/media?parent=2785"}],"wp:term":[{"taxonomy":"product_brand","embeddable":true,"href":"https:\/\/ontel.no\/index.php\/wp-json\/wp\/v2\/product_brand?post=2785"},{"taxonomy":"product_cat","embeddable":true,"href":"https:\/\/ontel.no\/index.php\/wp-json\/wp\/v2\/product_cat?post=2785"},{"taxonomy":"product_tag","embeddable":true,"href":"https:\/\/ontel.no\/index.php\/wp-json\/wp\/v2\/product_tag?post=2785"},{"taxonomy":"woo-feed-brand","embeddable":true,"href":"https:\/\/ontel.no\/index.php\/wp-json\/wp\/v2\/woo-feed-brand?post=2785"}],"curies":[{"name":"wp","href":"https:\/\/api.w.org\/{rel}","templated":true}]}}