{"id":2816,"date":"2024-04-22T11:10:53","date_gmt":"2024-04-22T09:10:53","guid":{"rendered":"https:\/\/ontel.no\/?post_type=product&#038;p=2816"},"modified":"2026-04-13T17:13:00","modified_gmt":"2026-04-13T15:13:00","slug":"tradlos-bryter-fjernkontroll-rf433mhz-touch-glasspanel","status":"publish","type":"product","link":"https:\/\/ontel.no\/index.php\/produkt\/tradlos-bryter-fjernkontroll-rf433mhz-touch-glasspanel\/","title":{"rendered":"Tr\u00e5dl\u00f8s bryter\/fjernkontroll RF433Mhz touch glasspanel"},"content":{"rendered":"","protected":false},"excerpt":{"rendered":"<p>Tr\u00e5dl\u00f8s fjernkontroll\/bryter for RF 433MHz enheter (AV\/P\u00c5). Bruker 1 stk. standard CR2032L Lithium batteri (3V) som er inkludert. Trekk ut forsegling f\u00f8r bruk f\u00f8rste gang. Kan skrus eller limes p\u00e5 vegg eller andre flater.\u00a0 85x85mm og 11mm tykkelse.<\/p>\n","protected":false},"featured_media":2840,"comment_status":"open","ping_status":"closed","template":"","meta":[],"product_brand":[],"product_cat":[30,402,108,16],"product_tag":[683],"woo-feed-brand":[185],"class_list":{"0":"post-2816","1":"product","2":"type-product","3":"status-publish","4":"has-post-thumbnail","6":"product_cat-tv-audio","7":"product_cat-innbyggingsmoduler","8":"product_cat-smart-hjem","9":"product_cat-ukategorisert","10":"product_tag-diverse","11":"woo-feed-brand-ontel-oem-diverse","13":"first","14":"instock","15":"taxable","16":"shipping-taxable","17":"purchasable","18":"product-type-variable","19":"has-default-attributes"},"_links":{"self":[{"href":"https:\/\/ontel.no\/index.php\/wp-json\/wp\/v2\/product\/2816","targetHints":{"allow":["GET"]}}],"collection":[{"href":"https:\/\/ontel.no\/index.php\/wp-json\/wp\/v2\/product"}],"about":[{"href":"https:\/\/ontel.no\/index.php\/wp-json\/wp\/v2\/types\/product"}],"replies":[{"embeddable":true,"href":"https:\/\/ontel.no\/index.php\/wp-json\/wp\/v2\/comments?post=2816"}],"wp:featuredmedia":[{"embeddable":true,"href":"https:\/\/ontel.no\/index.php\/wp-json\/wp\/v2\/media\/2840"}],"wp:attachment":[{"href":"https:\/\/ontel.no\/index.php\/wp-json\/wp\/v2\/media?parent=2816"}],"wp:term":[{"taxonomy":"product_brand","embeddable":true,"href":"https:\/\/ontel.no\/index.php\/wp-json\/wp\/v2\/product_brand?post=2816"},{"taxonomy":"product_cat","embeddable":true,"href":"https:\/\/ontel.no\/index.php\/wp-json\/wp\/v2\/product_cat?post=2816"},{"taxonomy":"product_tag","embeddable":true,"href":"https:\/\/ontel.no\/index.php\/wp-json\/wp\/v2\/product_tag?post=2816"},{"taxonomy":"woo-feed-brand","embeddable":true,"href":"https:\/\/ontel.no\/index.php\/wp-json\/wp\/v2\/woo-feed-brand?post=2816"}],"curies":[{"name":"wp","href":"https:\/\/api.w.org\/{rel}","templated":true}]}}