{"id":2868,"date":"2024-04-22T15:16:52","date_gmt":"2024-04-22T13:16:52","guid":{"rendered":"https:\/\/ontel.no\/?post_type=product&#038;p=2868"},"modified":"2026-04-22T08:02:23","modified_gmt":"2026-04-22T06:02:23","slug":"tuya-smart-finder-1-pack","status":"publish","type":"product","link":"https:\/\/ontel.no\/index.php\/produkt\/tuya-smart-finder-1-pack\/","title":{"rendered":"Tuya Smart Finder 1-pack"},"content":{"rendered":"","protected":false},"excerpt":{"rendered":"<p>CR2032 batteri er inkludert (fjern forsegling f\u00f8r bruk). Spor n\u00f8kkelknippe, kjeledyr, lommebok, veske, koffert, sykkel, bil, fjernkontroll osv. Ca. 38mm bredde, og 7mm tykkelse. Feste er inkludert til n\u00f8kkelring e.l. Last ned enten TUYA eller SMARTLIFE APP. 2-veis s\u00f8k (finn ogs\u00e5 mobil via brikken med lydalarm). BLE lavernergi Bluetooth.<\/p>\n","protected":false},"featured_media":2870,"comment_status":"open","ping_status":"closed","template":"","meta":[],"product_brand":[],"product_cat":[182,30,99,225,16],"product_tag":[683],"woo-feed-brand":[185],"class_list":{"0":"post-2868","1":"product","2":"type-product","3":"status-publish","4":"has-post-thumbnail","6":"product_cat-airtag-sporingsbrikker","7":"product_cat-tv-audio","8":"product_cat-phone-accessories","9":"product_cat-tilbehor-til-ipad","10":"product_cat-ukategorisert","11":"product_tag-diverse","12":"woo-feed-brand-ontel-oem-diverse","14":"first","15":"instock","16":"taxable","17":"shipping-taxable","18":"purchasable","19":"product-type-variable","20":"has-default-attributes"},"_links":{"self":[{"href":"https:\/\/ontel.no\/index.php\/wp-json\/wp\/v2\/product\/2868","targetHints":{"allow":["GET"]}}],"collection":[{"href":"https:\/\/ontel.no\/index.php\/wp-json\/wp\/v2\/product"}],"about":[{"href":"https:\/\/ontel.no\/index.php\/wp-json\/wp\/v2\/types\/product"}],"replies":[{"embeddable":true,"href":"https:\/\/ontel.no\/index.php\/wp-json\/wp\/v2\/comments?post=2868"}],"wp:featuredmedia":[{"embeddable":true,"href":"https:\/\/ontel.no\/index.php\/wp-json\/wp\/v2\/media\/2870"}],"wp:attachment":[{"href":"https:\/\/ontel.no\/index.php\/wp-json\/wp\/v2\/media?parent=2868"}],"wp:term":[{"taxonomy":"product_brand","embeddable":true,"href":"https:\/\/ontel.no\/index.php\/wp-json\/wp\/v2\/product_brand?post=2868"},{"taxonomy":"product_cat","embeddable":true,"href":"https:\/\/ontel.no\/index.php\/wp-json\/wp\/v2\/product_cat?post=2868"},{"taxonomy":"product_tag","embeddable":true,"href":"https:\/\/ontel.no\/index.php\/wp-json\/wp\/v2\/product_tag?post=2868"},{"taxonomy":"woo-feed-brand","embeddable":true,"href":"https:\/\/ontel.no\/index.php\/wp-json\/wp\/v2\/woo-feed-brand?post=2868"}],"curies":[{"name":"wp","href":"https:\/\/api.w.org\/{rel}","templated":true}]}}