{"id":2916,"date":"2024-04-27T11:43:43","date_gmt":"2024-04-27T09:43:43","guid":{"rendered":"https:\/\/ontel.no\/?post_type=product&#038;p=2916"},"modified":"2026-04-13T17:05:43","modified_gmt":"2026-04-13T15:05:43","slug":"tradlos-4x-bryter-fjernkontroll-rf433mhz-touch-glasspanel","status":"publish","type":"product","link":"https:\/\/ontel.no\/index.php\/produkt\/tradlos-4x-bryter-fjernkontroll-rf433mhz-touch-glasspanel\/","title":{"rendered":"Tr\u00e5dl\u00f8s 4x bryter\/fjernkontroll RF433Mhz touch glasspanel"},"content":{"rendered":"<p>Denne er i seg selv ikke for innbygging, men den kan kommunisere med b\u00e5de innbyggingsmoduler og separate smartplugger (med RF433MHz).<\/p>\n","protected":false},"excerpt":{"rendered":"<p>Tr\u00e5dl\u00f8s fjernkontroll\/bryter med 4 knapper for RF 433MHz enheter (AV\/P\u00c5). Bruker 1 stk. standard CR2032L Lithium batteri (3V) som er inkludert. Trekk ut forsegling f\u00f8r bruk f\u00f8rste gang. Med stativ\/veggfeste som kan st\u00e5 p\u00e5 horisontale flater, skrus eller limes p\u00e5 vegg eller andre vertikale flater. 118x45mm.<\/p>\n","protected":false},"featured_media":2927,"comment_status":"open","ping_status":"closed","template":"","meta":[],"product_brand":[484],"product_cat":[30,402,108,16],"product_tag":[683],"woo-feed-brand":[185],"class_list":{"0":"post-2916","1":"product","2":"type-product","3":"status-publish","4":"has-post-thumbnail","6":"product_brand-s","7":"product_cat-tv-audio","8":"product_cat-innbyggingsmoduler","9":"product_cat-smart-hjem","10":"product_cat-ukategorisert","11":"product_tag-diverse","12":"woo-feed-brand-ontel-oem-diverse","14":"first","15":"instock","16":"taxable","17":"shipping-taxable","18":"purchasable","19":"product-type-variable","20":"has-default-attributes"},"_links":{"self":[{"href":"https:\/\/ontel.no\/index.php\/wp-json\/wp\/v2\/product\/2916","targetHints":{"allow":["GET"]}}],"collection":[{"href":"https:\/\/ontel.no\/index.php\/wp-json\/wp\/v2\/product"}],"about":[{"href":"https:\/\/ontel.no\/index.php\/wp-json\/wp\/v2\/types\/product"}],"replies":[{"embeddable":true,"href":"https:\/\/ontel.no\/index.php\/wp-json\/wp\/v2\/comments?post=2916"}],"wp:featuredmedia":[{"embeddable":true,"href":"https:\/\/ontel.no\/index.php\/wp-json\/wp\/v2\/media\/2927"}],"wp:attachment":[{"href":"https:\/\/ontel.no\/index.php\/wp-json\/wp\/v2\/media?parent=2916"}],"wp:term":[{"taxonomy":"product_brand","embeddable":true,"href":"https:\/\/ontel.no\/index.php\/wp-json\/wp\/v2\/product_brand?post=2916"},{"taxonomy":"product_cat","embeddable":true,"href":"https:\/\/ontel.no\/index.php\/wp-json\/wp\/v2\/product_cat?post=2916"},{"taxonomy":"product_tag","embeddable":true,"href":"https:\/\/ontel.no\/index.php\/wp-json\/wp\/v2\/product_tag?post=2916"},{"taxonomy":"woo-feed-brand","embeddable":true,"href":"https:\/\/ontel.no\/index.php\/wp-json\/wp\/v2\/woo-feed-brand?post=2916"}],"curies":[{"name":"wp","href":"https:\/\/api.w.org\/{rel}","templated":true}]}}