{"id":3005,"date":"2024-04-29T12:59:27","date_gmt":"2024-04-29T10:59:27","guid":{"rendered":"https:\/\/ontel.no\/?post_type=product&#038;p=3005"},"modified":"2026-04-13T17:08:36","modified_gmt":"2026-04-13T15:08:36","slug":"tuya-smartplugg-strommaler-google-alexa","status":"publish","type":"product","link":"https:\/\/ontel.no\/index.php\/produkt\/tuya-smartplugg-strommaler-google-alexa\/","title":{"rendered":"smartplugg\/str\u00f8mm\u00e5ler Google Alexa"},"content":{"rendered":"","protected":false},"excerpt":{"rendered":"<p>NB! Alle st\u00f8tter Tuya (krever WiFi), men noen st\u00f8tter ogs\u00e5 Zigbee og RF433 (tr\u00e5dl\u00f8s bryter som bruker radiosignal p\u00e5 frekvens 433MHz &#8211; s\u00f8k p\u00e5 &laquo;433&raquo; for \u00e5 se utvalg).<\/p>\n","protected":false},"featured_media":3016,"comment_status":"open","ping_status":"closed","template":"","meta":[],"product_brand":[484],"product_cat":[30,108,99,289,225,16],"product_tag":[680],"woo-feed-brand":[185],"class_list":{"0":"post-3005","1":"product","2":"type-product","3":"status-publish","4":"has-post-thumbnail","6":"product_brand-s","7":"product_cat-tv-audio","8":"product_cat-smart-hjem","9":"product_cat-phone-accessories","10":"product_cat-tilbehor-til-android-brett","11":"product_cat-tilbehor-til-ipad","12":"product_cat-ukategorisert","13":"product_tag-plugg","14":"woo-feed-brand-ontel-oem-diverse","16":"first","17":"instock","18":"taxable","19":"shipping-taxable","20":"purchasable","21":"product-type-variable"},"_links":{"self":[{"href":"https:\/\/ontel.no\/index.php\/wp-json\/wp\/v2\/product\/3005","targetHints":{"allow":["GET"]}}],"collection":[{"href":"https:\/\/ontel.no\/index.php\/wp-json\/wp\/v2\/product"}],"about":[{"href":"https:\/\/ontel.no\/index.php\/wp-json\/wp\/v2\/types\/product"}],"replies":[{"embeddable":true,"href":"https:\/\/ontel.no\/index.php\/wp-json\/wp\/v2\/comments?post=3005"}],"wp:featuredmedia":[{"embeddable":true,"href":"https:\/\/ontel.no\/index.php\/wp-json\/wp\/v2\/media\/3016"}],"wp:attachment":[{"href":"https:\/\/ontel.no\/index.php\/wp-json\/wp\/v2\/media?parent=3005"}],"wp:term":[{"taxonomy":"product_brand","embeddable":true,"href":"https:\/\/ontel.no\/index.php\/wp-json\/wp\/v2\/product_brand?post=3005"},{"taxonomy":"product_cat","embeddable":true,"href":"https:\/\/ontel.no\/index.php\/wp-json\/wp\/v2\/product_cat?post=3005"},{"taxonomy":"product_tag","embeddable":true,"href":"https:\/\/ontel.no\/index.php\/wp-json\/wp\/v2\/product_tag?post=3005"},{"taxonomy":"woo-feed-brand","embeddable":true,"href":"https:\/\/ontel.no\/index.php\/wp-json\/wp\/v2\/woo-feed-brand?post=3005"}],"curies":[{"name":"wp","href":"https:\/\/api.w.org\/{rel}","templated":true}]}}