{"id":3041,"date":"2024-05-01T07:08:50","date_gmt":"2024-05-01T05:08:50","guid":{"rendered":"https:\/\/ontel.no\/?post_type=product&#038;p=3041"},"modified":"2026-04-13T17:07:56","modified_gmt":"2026-04-13T15:07:56","slug":"tuya-led-nattlys-smart-bevegelsessensor-c-smart-usb-c","status":"publish","type":"product","link":"https:\/\/ontel.no\/index.php\/produkt\/tuya-led-nattlys-smart-bevegelsessensor-c-smart-usb-c\/","title":{"rendered":"Tuya LED-nattlys smart bevegelsessensor  C-smart (USB-C)"},"content":{"rendered":"","protected":false},"excerpt":{"rendered":"<p>Tuya (SmartLife). C-smart serie (kan kobles p\u00e5 f.eks. <a href=\"https:\/\/ontel.no\/index.php\/produkt\/tuya-smartplugg-strommaler-google-alexa\/\" target=\"_blank\" rel=\"noopener\">smartplugg med C-smart<\/a>). Krever alts\u00e5 USB-C for str\u00f8m (ikke inkludert). Kan ogs\u00e5 kobles til USB-A lader med medf\u00f8lgende overgang (se bilde).<\/p>\n","protected":false},"featured_media":3082,"comment_status":"open","ping_status":"closed","template":"","meta":[],"product_brand":[484],"product_cat":[30,108,16],"product_tag":[683],"woo-feed-brand":[185],"class_list":{"0":"post-3041","1":"product","2":"type-product","3":"status-publish","4":"has-post-thumbnail","6":"product_brand-s","7":"product_cat-tv-audio","8":"product_cat-smart-hjem","9":"product_cat-ukategorisert","10":"product_tag-diverse","11":"woo-feed-brand-ontel-oem-diverse","13":"first","14":"instock","15":"taxable","16":"shipping-taxable","17":"purchasable","18":"product-type-simple"},"_links":{"self":[{"href":"https:\/\/ontel.no\/index.php\/wp-json\/wp\/v2\/product\/3041","targetHints":{"allow":["GET"]}}],"collection":[{"href":"https:\/\/ontel.no\/index.php\/wp-json\/wp\/v2\/product"}],"about":[{"href":"https:\/\/ontel.no\/index.php\/wp-json\/wp\/v2\/types\/product"}],"replies":[{"embeddable":true,"href":"https:\/\/ontel.no\/index.php\/wp-json\/wp\/v2\/comments?post=3041"}],"wp:featuredmedia":[{"embeddable":true,"href":"https:\/\/ontel.no\/index.php\/wp-json\/wp\/v2\/media\/3082"}],"wp:attachment":[{"href":"https:\/\/ontel.no\/index.php\/wp-json\/wp\/v2\/media?parent=3041"}],"wp:term":[{"taxonomy":"product_brand","embeddable":true,"href":"https:\/\/ontel.no\/index.php\/wp-json\/wp\/v2\/product_brand?post=3041"},{"taxonomy":"product_cat","embeddable":true,"href":"https:\/\/ontel.no\/index.php\/wp-json\/wp\/v2\/product_cat?post=3041"},{"taxonomy":"product_tag","embeddable":true,"href":"https:\/\/ontel.no\/index.php\/wp-json\/wp\/v2\/product_tag?post=3041"},{"taxonomy":"woo-feed-brand","embeddable":true,"href":"https:\/\/ontel.no\/index.php\/wp-json\/wp\/v2\/woo-feed-brand?post=3041"}],"curies":[{"name":"wp","href":"https:\/\/api.w.org\/{rel}","templated":true}]}}