{"id":3222,"date":"2024-05-21T18:58:50","date_gmt":"2024-05-21T16:58:50","guid":{"rendered":"https:\/\/ontel.no\/?post_type=product&#038;p=3222"},"modified":"2026-04-18T13:35:17","modified_gmt":"2026-04-18T11:35:17","slug":"apple-iphone-14","status":"publish","type":"product","link":"https:\/\/ontel.no\/index.php\/produkt\/apple-iphone-14\/","title":{"rendered":"Apple iPhone 14 dual eSIM*"},"content":{"rendered":"<p>Prisen gjelder kun telefon. Legg til ladekabel, USB-lader og beskyttelse dersom du \u00f8nsker (du trenger IKKE SIM-eject tool da den KUN bruker eSIM). Den er dermed ogs\u00e5 mer stabil (ingen kontaktproblemer\/SIM-problemer og mer vannsikker enn de med fysisk SIM). Vi anbefaler uansett IKKE av den grunn \u00e5 ha den i vann.<\/p>\n<p><a href=\"https:\/\/ontel.no\/index.php\/2023\/11\/16\/nye-graderinger-f-o-m-2024\/\" target=\"_blank\" rel=\"noopener\">Les her om graderinger og batterikapasitet p\u00e5 brukte produkter (gradering A, B, C og D)<\/a>.<\/p>\n<p>Spesifikasjoner Apple sine sider: <a href=\"https:\/\/support.apple.com\/en-us\/111850\" target=\"_blank\" rel=\"noopener\">https:\/\/support.apple.com\/en-us\/111850<\/a><\/p>\n<p>N\u00e5r det gjelder iPhone 14, s\u00e5 er de vi har p\u00e5 lager for \u00f8yeblikket A2649, og de st\u00f8tter litt flere frekvenser, men alts\u00e5 ingen ulemper. Det er alts\u00e5 IKKE den &laquo;strippede&raquo; A2882 som oftest selges i Europa. Alts\u00e5 ingen ulemper &#8211; kun fordeler f.eks. ved reise.<br \/>\n4G bands:<br \/>\n1, 2, 3, 4, 5, 7, 8, 12, 13, 17, 18, 19, 20, 25, 26, 28, 30, 32, 34, 38, 39, 40, 41, 42, 46, 48, 66 &#8211; A2882 (International &#8211; enkelte b\u00e5nd fjernet)<br \/>\n1, 2, 3, 4, 5, 7, 8, 11, 12, 13, 14, 17, 18, 19, 20, 21, 25, 26, 28, 29, 30, 32, 34, 38, 39, 40, 41, 42, 46, 48, 53, 66, 71 &#8211; A2649 (USA &#8211; alle b\u00e5nd intakt).<br \/>\n5G bands:<br \/>\n1, 2, 3, 5, 7, 8, 12, 20, 25, 26, 28, 30, 38, 40, 41, 48, 66, 70, 77, 78, 79 SA\/NSA\/Sub6 &#8211; A2882 (International &#8211; enkelte b\u00e5nd fjernet)<br \/>\n1, 2, 3, 5, 7, 8, 12, 14, 20, 25, 26, 28, 29, 30, 38, 40, 41, 48, 53, 66, 70, 71, 77, 78, 79, 258, 260, 261 SA\/NSA\/Sub6\/mmWave &#8211; A2649 (USA &#8211; alle b\u00e5nd intakt).<br \/>\nReferanse:<br \/>\n<a href=\"https:\/\/www.gsmarena.com\/apple_iphone_14-11861.php\" target=\"_blank\" rel=\"noopener\">https:\/\/www.gsmarena.com\/apple_iphone_14-11861.php<\/a><\/p>\n<p><div class=\"lazyload smush-lazyload-video smush-lazyload-youtube\" style=\"--smush-video-aspect-ratio: 1220\/686\" data-bg-image=\"url(https:\/\/i.ytimg.com\/vi_webp\/Ht90J5MwpUg\/maxresdefault.webp)\" ><iframe title=\"Apple iPhone 14 review\" width=\"1220\" height=\"686\" data-src=\"https:\/\/www.youtube.com\/embed\/Ht90J5MwpUg?feature=oembed\" frameborder=\"0\" allow=\"accelerometer; autoplay; clipboard-write; encrypted-media; gyroscope; picture-in-picture; web-share\" referrerpolicy=\"strict-origin-when-cross-origin\" allowfullscreen src=\"data:image\/svg+xml;base64,PHN2ZyB3aWR0aD0iMSIgaGVpZ2h0PSIxIiB4bWxucz0iaHR0cDovL3d3dy53My5vcmcvMjAwMC9zdmciPjwvc3ZnPg==\"><\/iframe><span class=\"smush-play-btn\" role=\"button\" aria-label=\"Play video\">\r\n\t\t\t\t<span tabindex=\"0\" class=\"smush-play-btn-inner\">\r\n\t\t\t\t\t<span>Play<\/span>\r\n\t\t\t\t<\/span>\r\n\t\t\t<\/span><\/div><\/p>\n","protected":false},"excerpt":{"rendered":"<p>*NB! 2x eSIM (IKKE skuff for fysisk SIM, men eSIM er tilgjengelig umiddelbart fra alle operat\u00f8rer &#8211; dersom du har fysisk SIM fra f\u00f8r g\u00e5r det raskt \u00e5 endre, og eSIM er normalt bedre og sikrere enn fysisk). Noe mer info\/spesifikasjoner st\u00e5r lenger ned p\u00e5 siden. iPhone 14 har Lightning ladeport (ikke USB-C). Alle knapper og funksjoner virker garantert p\u00e5 alle produkter vi selger. Du m\u00e5 velge blant tilgjengelige alternativer (p\u00e5 lager) for \u00e5 f\u00e5 riktig pris og mulighet til \u00e5 legge til handlekurven. NB! Se lenger ned for aktuelt tilbeh\u00f8r (brukte iPhone kommer uten tilbeh\u00f8r &#8211; husk ladekabel, lader og beskyttelse). Alt virker p\u00e5 telefonen. Gradering er kun kosmetisk, <a href=\"https:\/\/ontel.no\/index.php\/2023\/11\/16\/nye-graderinger-f-o-m-2024\/\" target=\"_blank\" rel=\"noopener\">les mer om dette, batterikapasitet og garanti her<\/a>.<\/p>\n","protected":false},"featured_media":3225,"comment_status":"open","ping_status":"closed","template":"","meta":[],"product_brand":[],"product_cat":[96,98,25,16],"product_tag":[],"woo-feed-brand":[184],"class_list":{"0":"post-3222","1":"product","2":"type-product","3":"status-publish","4":"has-post-thumbnail","6":"product_cat-5g-phones","7":"product_cat-brukte-telefoner","8":"product_cat-smartphones","9":"product_cat-ukategorisert","10":"woo-feed-brand-apple","12":"first","13":"instock","14":"taxable","15":"shipping-taxable","16":"purchasable","17":"product-type-variable","18":"has-default-attributes"},"_links":{"self":[{"href":"https:\/\/ontel.no\/index.php\/wp-json\/wp\/v2\/product\/3222","targetHints":{"allow":["GET"]}}],"collection":[{"href":"https:\/\/ontel.no\/index.php\/wp-json\/wp\/v2\/product"}],"about":[{"href":"https:\/\/ontel.no\/index.php\/wp-json\/wp\/v2\/types\/product"}],"replies":[{"embeddable":true,"href":"https:\/\/ontel.no\/index.php\/wp-json\/wp\/v2\/comments?post=3222"}],"wp:featuredmedia":[{"embeddable":true,"href":"https:\/\/ontel.no\/index.php\/wp-json\/wp\/v2\/media\/3225"}],"wp:attachment":[{"href":"https:\/\/ontel.no\/index.php\/wp-json\/wp\/v2\/media?parent=3222"}],"wp:term":[{"taxonomy":"product_brand","embeddable":true,"href":"https:\/\/ontel.no\/index.php\/wp-json\/wp\/v2\/product_brand?post=3222"},{"taxonomy":"product_cat","embeddable":true,"href":"https:\/\/ontel.no\/index.php\/wp-json\/wp\/v2\/product_cat?post=3222"},{"taxonomy":"product_tag","embeddable":true,"href":"https:\/\/ontel.no\/index.php\/wp-json\/wp\/v2\/product_tag?post=3222"},{"taxonomy":"woo-feed-brand","embeddable":true,"href":"https:\/\/ontel.no\/index.php\/wp-json\/wp\/v2\/woo-feed-brand?post=3222"}],"curies":[{"name":"wp","href":"https:\/\/api.w.org\/{rel}","templated":true}]}}