{"id":3370,"date":"2024-06-03T17:01:45","date_gmt":"2024-06-03T15:01:45","guid":{"rendered":"https:\/\/ontel.no\/?post_type=product&#038;p=3370"},"modified":"2026-04-09T13:28:11","modified_gmt":"2026-04-09T11:28:11","slug":"wifi-touch-bryter-for-modul","status":"publish","type":"product","link":"https:\/\/ontel.no\/index.php\/produkt\/wifi-touch-bryter-for-modul\/","title":{"rendered":"dobbelt glass-ramme modul med enkel touch-bryter (WiFi\/bluetooth-Tuya)"},"content":{"rendered":"","protected":false},"excerpt":{"rendered":"<p>For dobbelt veggboks. Kombineres med <a href=\"https:\/\/ontel.no\/index.php\/produktkategori\/tv-audio\/smart-hjem\/innbyggingsmoduler\/innbyggingsdeler\/modul\/\" target=\"_blank\" rel=\"noopener\">en annen av v\u00e5re (kun) innbyggingsmoduler (f.eks. &laquo;WiFi termostat-modul&raquo; eller stikkontakt med eller uten USB)<\/a> til den ledige \u00e5pningen. Kan selvsagt benyttes som vanlig bryter uten APP, men dersom man har SmartLife APP (Tuya) kan den styres via APP\/Google\/Alexa. Tykkelse p\u00e5 glassramme\/deksel utenfor vegg: ca. 9mm. (BxH=86x156mm). Kan monteres alle veier, men pass p\u00e5 at tappene p\u00e5 siden korresponderer med hakk p\u00e5 deksel (for enkelt \u00e5 \u00e5pne senere med f.eks. flat skrutrekker).<\/p>\n","protected":false},"featured_media":3580,"comment_status":"open","ping_status":"closed","template":"","meta":[],"product_brand":[],"product_cat":[30,403,402,108,16],"product_tag":[],"woo-feed-brand":[185],"class_list":{"0":"post-3370","1":"product","2":"type-product","3":"status-publish","4":"has-post-thumbnail","6":"product_cat-tv-audio","7":"product_cat-innbyggingsdeler","8":"product_cat-innbyggingsmoduler","9":"product_cat-smart-hjem","10":"product_cat-ukategorisert","11":"woo-feed-brand-ontel-oem-diverse","13":"first","14":"instock","15":"taxable","16":"shipping-taxable","17":"purchasable","18":"product-type-variable","19":"has-default-attributes"},"_links":{"self":[{"href":"https:\/\/ontel.no\/index.php\/wp-json\/wp\/v2\/product\/3370","targetHints":{"allow":["GET"]}}],"collection":[{"href":"https:\/\/ontel.no\/index.php\/wp-json\/wp\/v2\/product"}],"about":[{"href":"https:\/\/ontel.no\/index.php\/wp-json\/wp\/v2\/types\/product"}],"replies":[{"embeddable":true,"href":"https:\/\/ontel.no\/index.php\/wp-json\/wp\/v2\/comments?post=3370"}],"wp:featuredmedia":[{"embeddable":true,"href":"https:\/\/ontel.no\/index.php\/wp-json\/wp\/v2\/media\/3580"}],"wp:attachment":[{"href":"https:\/\/ontel.no\/index.php\/wp-json\/wp\/v2\/media?parent=3370"}],"wp:term":[{"taxonomy":"product_brand","embeddable":true,"href":"https:\/\/ontel.no\/index.php\/wp-json\/wp\/v2\/product_brand?post=3370"},{"taxonomy":"product_cat","embeddable":true,"href":"https:\/\/ontel.no\/index.php\/wp-json\/wp\/v2\/product_cat?post=3370"},{"taxonomy":"product_tag","embeddable":true,"href":"https:\/\/ontel.no\/index.php\/wp-json\/wp\/v2\/product_tag?post=3370"},{"taxonomy":"woo-feed-brand","embeddable":true,"href":"https:\/\/ontel.no\/index.php\/wp-json\/wp\/v2\/woo-feed-brand?post=3370"}],"curies":[{"name":"wp","href":"https:\/\/api.w.org\/{rel}","templated":true}]}}