{"id":3411,"date":"2024-06-08T19:28:44","date_gmt":"2024-06-08T17:28:44","guid":{"rendered":"https:\/\/ontel.no\/?post_type=product&#038;p=3411"},"modified":"2026-04-13T16:46:57","modified_gmt":"2026-04-13T14:46:57","slug":"enkel-innbyggingsramme","status":"publish","type":"product","link":"https:\/\/ontel.no\/index.php\/produkt\/enkel-innbyggingsramme\/","title":{"rendered":"enkel innbyggingsramme &#8211; del av modul*"},"content":{"rendered":"","protected":false},"excerpt":{"rendered":"<p>*NB! Dette er ikke et produkt som kan benyttes separat, det er en del av et KIT\/modul med glassramme (enkel, dobbel osv.) se eksempler p\u00e5 tilh\u00f8rende produkter under. Det er de som skal bestilles, og da vil denne legges til (ikke velg denne l\u00f8st).<\/p>\n","protected":false},"featured_media":-1,"comment_status":"open","ping_status":"closed","template":"","meta":[],"product_brand":[],"product_cat":[16],"product_tag":[684],"woo-feed-brand":[185],"class_list":{"0":"post-3411","1":"product","2":"type-product","3":"status-publish","4":"has-post-thumbnail","6":"product_cat-ukategorisert","7":"product_tag-kabel","8":"woo-feed-brand-ontel-oem-diverse","10":"first","11":"instock","12":"sold-individually","13":"taxable","14":"shipping-taxable","15":"purchasable","16":"product-type-simple"},"_links":{"self":[{"href":"https:\/\/ontel.no\/index.php\/wp-json\/wp\/v2\/product\/3411","targetHints":{"allow":["GET"]}}],"collection":[{"href":"https:\/\/ontel.no\/index.php\/wp-json\/wp\/v2\/product"}],"about":[{"href":"https:\/\/ontel.no\/index.php\/wp-json\/wp\/v2\/types\/product"}],"replies":[{"embeddable":true,"href":"https:\/\/ontel.no\/index.php\/wp-json\/wp\/v2\/comments?post=3411"}],"wp:featuredmedia":[{"embeddable":true,"href":"https:\/\/ontel.no\/index.php\/wp-json\/"}],"wp:attachment":[{"href":"https:\/\/ontel.no\/index.php\/wp-json\/wp\/v2\/media?parent=3411"}],"wp:term":[{"taxonomy":"product_brand","embeddable":true,"href":"https:\/\/ontel.no\/index.php\/wp-json\/wp\/v2\/product_brand?post=3411"},{"taxonomy":"product_cat","embeddable":true,"href":"https:\/\/ontel.no\/index.php\/wp-json\/wp\/v2\/product_cat?post=3411"},{"taxonomy":"product_tag","embeddable":true,"href":"https:\/\/ontel.no\/index.php\/wp-json\/wp\/v2\/product_tag?post=3411"},{"taxonomy":"woo-feed-brand","embeddable":true,"href":"https:\/\/ontel.no\/index.php\/wp-json\/wp\/v2\/woo-feed-brand?post=3411"}],"curies":[{"name":"wp","href":"https:\/\/api.w.org\/{rel}","templated":true}]}}