{"id":3458,"date":"2024-06-10T12:33:50","date_gmt":"2024-06-10T10:33:50","guid":{"rendered":"https:\/\/ontel.no\/?post_type=product&#038;p=3458"},"modified":"2026-04-09T13:28:38","modified_gmt":"2026-04-09T11:28:38","slug":"enkel-touch-brytermodul-i-herdet-glass-wifi-bluetooth-tuya","status":"publish","type":"product","link":"https:\/\/ontel.no\/index.php\/produkt\/enkel-touch-brytermodul-i-herdet-glass-wifi-bluetooth-tuya\/","title":{"rendered":"enkel touch-brytermodul i herdet glass (WiFi\/bluetooth-Tuya)"},"content":{"rendered":"<p>Vi er etter Forskrift om elektrisk utstyr \u00a7 21 pliktig til \u00e5 informere v\u00e5re forbrukere at installasjonsmateriell ment for \u00e5 kunne inng\u00e5 i et fast elektrisk anlegg kan kun installeres av en registrert installasjonsvirksomhet. Unntatt er elektrisk materiell som utelukkende er ment for bruk i faste teleinstallasjoner, og elektrisk materiell som forbruker selv lovlig kan installere. Finn mer informasjon hos dsb (Direktoratet for samfunnssikkerhet og beredskap) for \u201cHva kan privatpersoner gj\u00f8re selv p\u00e5 det elektriske anlegget?\u201d<\/p>\n","protected":false},"excerpt":{"rendered":"<p>For enkel veggboks. Kan monteres alle veier, men pass p\u00e5 at tappene p\u00e5 siden korresponderer med hakk p\u00e5 deksel (for enkelt \u00e5 \u00e5pne senere med f.eks. flat skrutrekker). Kan selvsagt benyttes som vanlig bryter uten APP, men dersom man har SmartLife APP (Tuya) kan den styres via APP\/Google\/Alexa. Tykkelse p\u00e5 glassramme\/deksel utenfor vegg: ca. 9mm. (BxH=86x86mm). 40ms rask touch responstid. 4mm herdet glass. Vanntett front og sikker. Bestandig farge, lett \u00e5 rengj\u00f8re og ikke utsatt for riper.<\/p>\n","protected":false},"featured_media":3574,"comment_status":"open","ping_status":"closed","template":"","meta":[],"product_brand":[],"product_cat":[291,30,403,402,108,16],"product_tag":[],"woo-feed-brand":[185],"class_list":{"0":"post-3458","1":"product","2":"type-product","3":"status-publish","4":"has-post-thumbnail","6":"product_cat-anbefalte","7":"product_cat-tv-audio","8":"product_cat-innbyggingsdeler","9":"product_cat-innbyggingsmoduler","10":"product_cat-smart-hjem","11":"product_cat-ukategorisert","12":"woo-feed-brand-ontel-oem-diverse","14":"first","15":"instock","16":"taxable","17":"shipping-taxable","18":"purchasable","19":"product-type-variable","20":"has-default-attributes"},"_links":{"self":[{"href":"https:\/\/ontel.no\/index.php\/wp-json\/wp\/v2\/product\/3458","targetHints":{"allow":["GET"]}}],"collection":[{"href":"https:\/\/ontel.no\/index.php\/wp-json\/wp\/v2\/product"}],"about":[{"href":"https:\/\/ontel.no\/index.php\/wp-json\/wp\/v2\/types\/product"}],"replies":[{"embeddable":true,"href":"https:\/\/ontel.no\/index.php\/wp-json\/wp\/v2\/comments?post=3458"}],"wp:featuredmedia":[{"embeddable":true,"href":"https:\/\/ontel.no\/index.php\/wp-json\/wp\/v2\/media\/3574"}],"wp:attachment":[{"href":"https:\/\/ontel.no\/index.php\/wp-json\/wp\/v2\/media?parent=3458"}],"wp:term":[{"taxonomy":"product_brand","embeddable":true,"href":"https:\/\/ontel.no\/index.php\/wp-json\/wp\/v2\/product_brand?post=3458"},{"taxonomy":"product_cat","embeddable":true,"href":"https:\/\/ontel.no\/index.php\/wp-json\/wp\/v2\/product_cat?post=3458"},{"taxonomy":"product_tag","embeddable":true,"href":"https:\/\/ontel.no\/index.php\/wp-json\/wp\/v2\/product_tag?post=3458"},{"taxonomy":"woo-feed-brand","embeddable":true,"href":"https:\/\/ontel.no\/index.php\/wp-json\/wp\/v2\/woo-feed-brand?post=3458"}],"curies":[{"name":"wp","href":"https:\/\/api.w.org\/{rel}","templated":true}]}}