{"id":4146,"date":"2024-08-16T16:57:44","date_gmt":"2024-08-16T14:57:44","guid":{"rendered":"https:\/\/ontel.no\/?post_type=product&#038;p=4146"},"modified":"2026-04-13T16:47:16","modified_gmt":"2026-04-13T14:47:16","slug":"europeisk-adapter-til-uk-britisk-stromplugg-jordet-16a","status":"publish","type":"product","link":"https:\/\/ontel.no\/index.php\/produkt\/europeisk-adapter-til-uk-britisk-stromplugg-jordet-16a\/","title":{"rendered":"Europeisk adapter til UK (Britisk) str\u00f8mplugg jordet 16A"},"content":{"rendered":"","protected":false},"excerpt":{"rendered":"<div>St\u00f8dig, solid og meget bra overgang som er det\u00a0 beste valget for jordet stikkontakt, men gjerne ogs\u00e5 litt st\u00f8rre\/tyngre ladere.<\/div>\n<div>Kun for apparater som st\u00f8tter 110-220V. Mange produkter st\u00f8tter b\u00e5de 110V og 220V og da kan det brukes.<\/div>\n","protected":false},"featured_media":4147,"comment_status":"open","ping_status":"closed","template":"","meta":[],"product_brand":[],"product_cat":[30,16],"product_tag":[680],"woo-feed-brand":[185],"class_list":{"0":"post-4146","1":"product","2":"type-product","3":"status-publish","4":"has-post-thumbnail","6":"product_cat-tv-audio","7":"product_cat-ukategorisert","8":"product_tag-plugg","9":"woo-feed-brand-ontel-oem-diverse","11":"first","12":"instock","13":"taxable","14":"shipping-taxable","15":"purchasable","16":"product-type-simple"},"_links":{"self":[{"href":"https:\/\/ontel.no\/index.php\/wp-json\/wp\/v2\/product\/4146","targetHints":{"allow":["GET"]}}],"collection":[{"href":"https:\/\/ontel.no\/index.php\/wp-json\/wp\/v2\/product"}],"about":[{"href":"https:\/\/ontel.no\/index.php\/wp-json\/wp\/v2\/types\/product"}],"replies":[{"embeddable":true,"href":"https:\/\/ontel.no\/index.php\/wp-json\/wp\/v2\/comments?post=4146"}],"wp:featuredmedia":[{"embeddable":true,"href":"https:\/\/ontel.no\/index.php\/wp-json\/wp\/v2\/media\/4147"}],"wp:attachment":[{"href":"https:\/\/ontel.no\/index.php\/wp-json\/wp\/v2\/media?parent=4146"}],"wp:term":[{"taxonomy":"product_brand","embeddable":true,"href":"https:\/\/ontel.no\/index.php\/wp-json\/wp\/v2\/product_brand?post=4146"},{"taxonomy":"product_cat","embeddable":true,"href":"https:\/\/ontel.no\/index.php\/wp-json\/wp\/v2\/product_cat?post=4146"},{"taxonomy":"product_tag","embeddable":true,"href":"https:\/\/ontel.no\/index.php\/wp-json\/wp\/v2\/product_tag?post=4146"},{"taxonomy":"woo-feed-brand","embeddable":true,"href":"https:\/\/ontel.no\/index.php\/wp-json\/wp\/v2\/woo-feed-brand?post=4146"}],"curies":[{"name":"wp","href":"https:\/\/api.w.org\/{rel}","templated":true}]}}